{"id":1345,"date":"2019-04-23T12:56:16","date_gmt":"2019-04-23T12:56:16","guid":{"rendered":"http:\/\/griwkor.pl\/2019\/pkg-kobylany\/"},"modified":"2022-03-12T14:08:07","modified_gmt":"2022-03-12T14:08:07","slug":"bip-kobylany","status":"publish","type":"page","link":"http:\/\/griwkor.pl\/2019\/en\/bip-kobylany\/","title":{"rendered":"BIP Kobylany"},"content":{"rendered":"\t\t<div data-elementor-type=\"wp-post\" data-elementor-id=\"1345\" class=\"elementor elementor-1345\">\n\t\t\t\t\t\t<div class=\"elementor-inner\">\n\t\t\t\t<div class=\"elementor-section-wrap\">\n\t\t\t\t\t\t\t\t\t<section class=\"elementor-section elementor-top-section elementor-element elementor-element-30a8710 elementor-section-boxed elementor-section-height-default elementor-section-height-default\" data-id=\"30a8710\" data-element_type=\"section\">\n\t\t\t\t\t\t<div class=\"elementor-container elementor-column-gap-no\">\n\t\t\t\t\t\t\t<div class=\"elementor-row\">\n\t\t\t\t\t<div class=\"elementor-column elementor-col-100 elementor-top-column elementor-element elementor-element-78abeb5\" data-id=\"78abeb5\" data-element_type=\"column\">\n\t\t\t<div class=\"elementor-column-wrap elementor-element-populated\">\n\t\t\t\t\t\t\t<div class=\"elementor-widget-wrap\">\n\t\t\t\t\t\t<div class=\"elementor-element elementor-element-f7b8914 elementor-widget elementor-widget-spacer\" data-id=\"f7b8914\" data-element_type=\"widget\" data-widget_type=\"spacer.default\">\n\t\t\t\t<div class=\"elementor-widget-container\">\n\t\t\t\t\t<div class=\"elementor-spacer\">\n\t\t\t<div class=\"elementor-spacer-inner\"><\/div>\n\t\t<\/div>\n\t\t\t\t<\/div>\n\t\t\t\t<\/div>\n\t\t\t\t<div class=\"elementor-element elementor-element-fce6e63 elementor-widget elementor-widget-heading\" data-id=\"fce6e63\" data-element_type=\"widget\" data-widget_type=\"heading.default\">\n\t\t\t\t<div class=\"elementor-widget-container\">\n\t\t\t<h2 class=\"elementor-heading-title elementor-size-default\">BCP Kobylany<\/h2>\t\t<\/div>\n\t\t\t\t<\/div>\n\t\t\t\t<div class=\"elementor-element elementor-element-32203be elementor-widget elementor-widget-spacer\" data-id=\"32203be\" data-element_type=\"widget\" data-widget_type=\"spacer.default\">\n\t\t\t\t<div class=\"elementor-widget-container\">\n\t\t\t\t\t<div class=\"elementor-spacer\">\n\t\t\t<div class=\"elementor-spacer-inner\"><\/div>\n\t\t<\/div>\n\t\t\t\t<\/div>\n\t\t\t\t<\/div>\n\t\t\t\t<div class=\"elementor-element elementor-element-c1d015d elementor-widget elementor-widget-heading\" data-id=\"c1d015d\" data-element_type=\"widget\" data-widget_type=\"heading.default\">\n\t\t\t\t<div class=\"elementor-widget-container\">\n\t\t\t<h2 class=\"elementor-heading-title elementor-size-default\">Contacts - Border Inspection Post in Kobylany - PL TKO 2<\/h2>\t\t<\/div>\n\t\t\t\t<\/div>\n\t\t\t\t<div class=\"elementor-element elementor-element-89c31ed elementor-widget elementor-widget-text-editor\" data-id=\"89c31ed\" data-element_type=\"widget\" data-widget_type=\"text-editor.default\">\n\t\t\t\t<div class=\"elementor-widget-container\">\n\t\t\t\t\t\t\t\t<div class=\"elementor-text-editor elementor-clearfix\">\n\t\t\t\t<p>Border Veterinary Inspection Post at the rail border crossing point\u00a0<span style=\"color: red;\"><b>for commercial trade<\/b><\/span>\u00a0in Terespol (Kobylany station).\u00a0<\/p><p>It is the only one veterinary border inspection post in Poland located\u00a0<span style=\"color: red;\">on the rail border crossing point<\/span>, where it is possible to conduct veterinary border checks of animal products from third countries.\u00a0<\/p><p><span style=\"color: red;\">On the border railway station in Terespol, where passenger trains stop, there is no approved veterinary border inspection post and conducting the border veterinary inspection of consignments transported by passenger trains is not possible.\u00a0<\/span><\/p><p>Border veterinary inspection post in Kobylany (Terespol) is open on weekdays (Monday &#8211; Friday) from 8 a.m. to 4 p.m.\u00a0<\/p><p>It is possible to carry out the controls in other days and apart from hours mentioned above only after consultation with the head of the inspectorate. The controls are carried out depending on the workload at the Border Inspection Post in Koroszczyn and staff resources in the inspectorate<\/p><p>\u00a0<\/p>\t\t\t\t\t<\/div>\n\t\t\t\t\t\t<\/div>\n\t\t\t\t<\/div>\n\t\t\t\t<section class=\"elementor-section elementor-inner-section elementor-element elementor-element-191f6f6 elementor-section-boxed elementor-section-height-default elementor-section-height-default\" data-id=\"191f6f6\" data-element_type=\"section\">\n\t\t\t\t\t\t<div class=\"elementor-container elementor-column-gap-default\">\n\t\t\t\t\t\t\t<div class=\"elementor-row\">\n\t\t\t\t\t<div class=\"elementor-column elementor-col-50 elementor-inner-column elementor-element elementor-element-77dee96\" data-id=\"77dee96\" data-element_type=\"column\">\n\t\t\t<div class=\"elementor-column-wrap elementor-element-populated\">\n\t\t\t\t\t\t\t<div class=\"elementor-widget-wrap\">\n\t\t\t\t\t\t<div class=\"elementor-element elementor-element-e58e3d5 elementor-widget elementor-widget-text-editor\" data-id=\"e58e3d5\" data-element_type=\"widget\" data-widget_type=\"text-editor.default\">\n\t\t\t\t<div class=\"elementor-widget-container\">\n\t\t\t\t\t\t\t\t<div class=\"elementor-text-editor elementor-clearfix\">\n\t\t\t\t<p><strong>Adress:<\/strong><\/p><p>Border Veterinary Inspection<br \/>Border Inspection Post in Kobylany (Terespol)<br \/>21-530 Terespol<br \/>POLAND<\/p><p>Identification code: PLTKO2<\/p><p>Phone: +48 833 763 689<\/p>\t\t\t\t\t<\/div>\n\t\t\t\t\t\t<\/div>\n\t\t\t\t<\/div>\n\t\t\t\t\t\t<\/div>\n\t\t\t\t\t<\/div>\n\t\t<\/div>\n\t\t\t\t<div class=\"elementor-column elementor-col-50 elementor-inner-column elementor-element elementor-element-af3c8f0\" data-id=\"af3c8f0\" data-element_type=\"column\">\n\t\t\t<div class=\"elementor-column-wrap elementor-element-populated\">\n\t\t\t\t\t\t\t<div class=\"elementor-widget-wrap\">\n\t\t\t\t\t\t<div class=\"elementor-element elementor-element-34d0873 elementor-widget elementor-widget-google_maps\" data-id=\"34d0873\" data-element_type=\"widget\" data-widget_type=\"google_maps.default\">\n\t\t\t\t<div class=\"elementor-widget-container\">\n\t\t\t\t\t<div class=\"elementor-custom-embed\">\n\t\t\t<iframe frameborder=\"0\" scrolling=\"no\" marginheight=\"0\" marginwidth=\"0\"\n\t\t\t\t\tsrc=\"https:\/\/maps.google.com\/maps?q=Oddzia%C5%82%20celny%20w%20Ma%C5%82aszewiczach%2C%20S%C5%82oneczna%20152%2C%2021-540%20Kobylany&#038;t=m&#038;z=11&#038;output=embed&#038;iwloc=near\"\n\t\t\t\t\ttitle=\"Oddzia\u0142 celny w Ma\u0142aszewiczach, S\u0142oneczna 152, 21-540 Kobylany\"\n\t\t\t\t\taria-label=\"Oddzia\u0142 celny w Ma\u0142aszewiczach, S\u0142oneczna 152, 21-540 Kobylany\"\n\t\t\t><\/iframe>\n\t\t<\/div>\n\t\t\t\t<\/div>\n\t\t\t\t<\/div>\n\t\t\t\t\t\t<\/div>\n\t\t\t\t\t<\/div>\n\t\t<\/div>\n\t\t\t\t\t\t\t\t<\/div>\n\t\t\t\t\t<\/div>\n\t\t<\/section>\n\t\t\t\t\t\t<\/div>\n\t\t\t\t\t<\/div>\n\t\t<\/div>\n\t\t\t\t\t\t\t\t<\/div>\n\t\t\t\t\t<\/div>\n\t\t<\/section>\n\t\t\t\t<section class=\"elementor-section elementor-top-section elementor-element elementor-element-1e9999d elementor-section-full_width elementor-section-height-default elementor-section-height-default\" data-id=\"1e9999d\" data-element_type=\"section\">\n\t\t\t\t\t\t<div class=\"elementor-container elementor-column-gap-no\">\n\t\t\t\t\t\t\t<div class=\"elementor-row\">\n\t\t\t\t\t<div class=\"elementor-column elementor-col-100 elementor-top-column elementor-element elementor-element-f8e9476\" data-id=\"f8e9476\" data-element_type=\"column\" data-settings=\"{&quot;background_background&quot;:&quot;classic&quot;}\">\n\t\t\t<div class=\"elementor-column-wrap elementor-element-populated\">\n\t\t\t\t\t\t\t<div class=\"elementor-widget-wrap\">\n\t\t\t\t\t\t<div class=\"elementor-element elementor-element-314d583 elementor-widget elementor-widget-spacer\" data-id=\"314d583\" data-element_type=\"widget\" data-widget_type=\"spacer.default\">\n\t\t\t\t<div class=\"elementor-widget-container\">\n\t\t\t\t\t<div class=\"elementor-spacer\">\n\t\t\t<div class=\"elementor-spacer-inner\"><\/div>\n\t\t<\/div>\n\t\t\t\t<\/div>\n\t\t\t\t<\/div>\n\t\t\t\t\t\t<\/div>\n\t\t\t\t\t<\/div>\n\t\t<\/div>\n\t\t\t\t\t\t\t\t<\/div>\n\t\t\t\t\t<\/div>\n\t\t<\/section>\n\t\t\t\t\t\t\t\t\t<\/div>\n\t\t\t<\/div>\n\t\t\t\t\t<\/div>\n\t\t","protected":false},"excerpt":{"rendered":"<p>BCP Kobylany Contacts &#8211; Border Inspection Post in Kobylany &#8211; PL TKO 2 Border Veterinary Inspection Post at the rail border crossing point\u00a0for commercial trade\u00a0in Terespol (Kobylany station).\u00a0 It is the only one veterinary border inspection post in Poland located\u00a0on the rail border crossing point, where it is possible to conduct veterinary border checks of [&hellip;]<\/p>\n","protected":false},"author":2,"featured_media":0,"parent":0,"menu_order":0,"comment_status":"closed","ping_status":"closed","template":"elementor_header_footer","meta":[],"_links":{"self":[{"href":"http:\/\/griwkor.pl\/2019\/en\/wp-json\/wp\/v2\/pages\/1345\/"}],"collection":[{"href":"http:\/\/griwkor.pl\/2019\/en\/wp-json\/wp\/v2\/pages\/"}],"about":[{"href":"http:\/\/griwkor.pl\/2019\/en\/wp-json\/wp\/v2\/types\/page\/"}],"author":[{"embeddable":true,"href":"http:\/\/griwkor.pl\/2019\/en\/wp-json\/wp\/v2\/users\/2\/"}],"replies":[{"embeddable":true,"href":"http:\/\/griwkor.pl\/2019\/en\/wp-json\/wp\/v2\/comments\/?post=1345"}],"version-history":[{"count":10,"href":"http:\/\/griwkor.pl\/2019\/en\/wp-json\/wp\/v2\/pages\/1345\/revisions\/"}],"predecessor-version":[{"id":7151,"href":"http:\/\/griwkor.pl\/2019\/en\/wp-json\/wp\/v2\/pages\/1345\/revisions\/7151\/"}],"wp:attachment":[{"href":"http:\/\/griwkor.pl\/2019\/en\/wp-json\/wp\/v2\/media\/?parent=1345"}],"curies":[{"name":"wp","href":"https:\/\/api.w.org\/{rel}","templated":true}]}}