{"id":1362,"date":"2019-04-23T12:58:22","date_gmt":"2019-04-23T12:58:22","guid":{"rendered":"http:\/\/griwkor.pl\/2019\/pkg-hrubieszow\/"},"modified":"2022-03-12T14:07:11","modified_gmt":"2022-03-12T14:07:11","slug":"bip-hrubieszow","status":"publish","type":"page","link":"http:\/\/griwkor.pl\/2019\/en\/bip-hrubieszow\/","title":{"rendered":"BIP Hrubiesz\u00f3w"},"content":{"rendered":"\t\t<div data-elementor-type=\"wp-post\" data-elementor-id=\"1362\" class=\"elementor elementor-1362\">\n\t\t\t\t\t\t<div class=\"elementor-inner\">\n\t\t\t\t<div class=\"elementor-section-wrap\">\n\t\t\t\t\t\t\t\t\t<section class=\"elementor-section elementor-top-section elementor-element elementor-element-f9f5d2d elementor-section-boxed elementor-section-height-default elementor-section-height-default\" data-id=\"f9f5d2d\" data-element_type=\"section\">\n\t\t\t\t\t\t<div class=\"elementor-container elementor-column-gap-no\">\n\t\t\t\t\t\t\t<div class=\"elementor-row\">\n\t\t\t\t\t<div class=\"elementor-column elementor-col-100 elementor-top-column elementor-element elementor-element-5fdb31e\" data-id=\"5fdb31e\" data-element_type=\"column\">\n\t\t\t<div class=\"elementor-column-wrap elementor-element-populated\">\n\t\t\t\t\t\t\t<div class=\"elementor-widget-wrap\">\n\t\t\t\t\t\t<div class=\"elementor-element elementor-element-36de09e elementor-widget elementor-widget-spacer\" data-id=\"36de09e\" data-element_type=\"widget\" data-widget_type=\"spacer.default\">\n\t\t\t\t<div class=\"elementor-widget-container\">\n\t\t\t\t\t<div class=\"elementor-spacer\">\n\t\t\t<div class=\"elementor-spacer-inner\"><\/div>\n\t\t<\/div>\n\t\t\t\t<\/div>\n\t\t\t\t<\/div>\n\t\t\t\t<div class=\"elementor-element elementor-element-4f6c617 elementor-widget elementor-widget-heading\" data-id=\"4f6c617\" data-element_type=\"widget\" data-widget_type=\"heading.default\">\n\t\t\t\t<div class=\"elementor-widget-container\">\n\t\t\t<h2 class=\"elementor-heading-title elementor-size-default\">BCP Hrubiesz\u00f3w<\/h2>\t\t<\/div>\n\t\t\t\t<\/div>\n\t\t\t\t<div class=\"elementor-element elementor-element-2235974 elementor-widget elementor-widget-spacer\" data-id=\"2235974\" data-element_type=\"widget\" data-widget_type=\"spacer.default\">\n\t\t\t\t<div class=\"elementor-widget-container\">\n\t\t\t\t\t<div class=\"elementor-spacer\">\n\t\t\t<div class=\"elementor-spacer-inner\"><\/div>\n\t\t<\/div>\n\t\t\t\t<\/div>\n\t\t\t\t<\/div>\n\t\t\t\t<div class=\"elementor-element elementor-element-35193f7 elementor-widget elementor-widget-heading\" data-id=\"35193f7\" data-element_type=\"widget\" data-widget_type=\"heading.default\">\n\t\t\t\t<div class=\"elementor-widget-container\">\n\t\t\t<h2 class=\"elementor-heading-title elementor-size-default\">Border Inspection Post in Hrubiesz\u00f3w<\/h2>\t\t<\/div>\n\t\t\t\t<\/div>\n\t\t\t\t<div class=\"elementor-element elementor-element-63f0e67 elementor-widget elementor-widget-text-editor\" data-id=\"63f0e67\" data-element_type=\"widget\" data-widget_type=\"text-editor.default\">\n\t\t\t\t<div class=\"elementor-widget-container\">\n\t\t\t\t\t\t\t\t<div class=\"elementor-text-editor elementor-clearfix\">\n\t\t\t\t<p>Border Veterinary Inspection Post in Hrubieszow supports rail cargo crossing point Hrubieszow (PL) &#8211; Vladimir Volyn (UA), between Polish and Ukraine.<\/p><p>BIP is approved for inspection:\u200b<\/p>\t\t\t\t\t<\/div>\n\t\t\t\t\t\t<\/div>\n\t\t\t\t<\/div>\n\t\t\t\t<div class=\"elementor-element elementor-element-71e0efe elementor-icon-list--layout-inline elementor-align-left elementor-list-item-link-full_width elementor-widget elementor-widget-icon-list\" data-id=\"71e0efe\" data-element_type=\"widget\" data-widget_type=\"icon-list.default\">\n\t\t\t\t<div class=\"elementor-widget-container\">\n\t\t\t\t\t<ul class=\"elementor-icon-list-items elementor-inline-items\">\n\t\t\t\t\t\t\t<li class=\"elementor-icon-list-item elementor-inline-item\">\n\t\t\t\t\t\t\t\t\t\t\t<span class=\"elementor-icon-list-icon\">\n\t\t\t\t\t\t\t\t\t\t\t\t\t\t\t\t<i class=\"fa fa-angle-double-right\" aria-hidden=\"true\"><\/i>\n\t\t\t\t\t\t\t\t\t\t\t\t\t<\/span>\n\t\t\t\t\t\t\t\t\t\t<span class=\"elementor-icon-list-text\">feed not containing animal tissues (NAO): import, transit<\/span>\n\t\t\t\t\t\t\t\t\t<\/li>\n\t\t\t\t\t\t<\/ul>\n\t\t\t\t<\/div>\n\t\t\t\t<\/div>\n\t\t\t\t<div class=\"elementor-element elementor-element-5b3ee71 elementor-widget elementor-widget-text-editor\" data-id=\"5b3ee71\" data-element_type=\"widget\" data-widget_type=\"text-editor.default\">\n\t\t\t\t<div class=\"elementor-widget-container\">\n\t\t\t\t\t\t\t\t<div class=\"elementor-text-editor elementor-clearfix\">\n\t\t\t\t<p><span class=\"red\">CAUTION:<\/span><\/p><ul><li style=\"list-style-type: none;\"><ul>Straw and hay falling within CN codes 1213 and 1214 can not be controlled in this post, because they are covered by Commission Implementing Decision of December 21st 2011 amending Annex I to Decision 2007\/275\/EC concerning lists of animals and products to be inspected at border inspection posts under Council Directives 91\/496\/EEC and 97\/78\/EC).\u00a0<\/ul><\/li><\/ul><p><span style=\"font-size: 14pt;\">Straw and hay can be controlled only in border veterinary inspection posts approved by the European Commission for the category NHC (NT)<\/span><\/p>\t\t\t\t\t<\/div>\n\t\t\t\t\t\t<\/div>\n\t\t\t\t<\/div>\n\t\t\t\t<section class=\"elementor-section elementor-inner-section elementor-element elementor-element-c919815 elementor-section-boxed elementor-section-height-default elementor-section-height-default\" data-id=\"c919815\" data-element_type=\"section\">\n\t\t\t\t\t\t<div class=\"elementor-container elementor-column-gap-default\">\n\t\t\t\t\t\t\t<div class=\"elementor-row\">\n\t\t\t\t\t<div class=\"elementor-column elementor-col-50 elementor-inner-column elementor-element elementor-element-2fff862\" data-id=\"2fff862\" data-element_type=\"column\">\n\t\t\t<div class=\"elementor-column-wrap elementor-element-populated\">\n\t\t\t\t\t\t\t<div class=\"elementor-widget-wrap\">\n\t\t\t\t\t\t<div class=\"elementor-element elementor-element-1ea1423 elementor-widget elementor-widget-text-editor\" data-id=\"1ea1423\" data-element_type=\"widget\" data-widget_type=\"text-editor.default\">\n\t\t\t\t<div class=\"elementor-widget-container\">\n\t\t\t\t\t\t\t\t<div class=\"elementor-text-editor elementor-clearfix\">\n\t\t\t\t<p><strong>Address:<\/strong><br \/>Border Veterinary Inspectorate in Koroszczyn<br \/>Checkpoints in Hrubiesz\u00f3w<br \/>ul. Nowa 106<br \/>22-500 Hrubiesz\u00f3w<\/p><p>\u00a0<\/p><p>Phone :<br \/>\u00a0\u00a0\u00a0+48 846 965 479<br \/>\u00a0\u00a0 +48 783 923 330<\/p><p>Hours of control: 8:00 &#8211; 20:00<\/p>\t\t\t\t\t<\/div>\n\t\t\t\t\t\t<\/div>\n\t\t\t\t<\/div>\n\t\t\t\t\t\t<\/div>\n\t\t\t\t\t<\/div>\n\t\t<\/div>\n\t\t\t\t<div class=\"elementor-column elementor-col-50 elementor-inner-column elementor-element elementor-element-5a13c62\" data-id=\"5a13c62\" data-element_type=\"column\">\n\t\t\t<div class=\"elementor-column-wrap elementor-element-populated\">\n\t\t\t\t\t\t\t<div class=\"elementor-widget-wrap\">\n\t\t\t\t\t\t<div class=\"elementor-element elementor-element-1518a14 elementor-widget elementor-widget-google_maps\" data-id=\"1518a14\" data-element_type=\"widget\" data-widget_type=\"google_maps.default\">\n\t\t\t\t<div class=\"elementor-widget-container\">\n\t\t\t\t\t<div class=\"elementor-custom-embed\">\n\t\t\t<iframe frameborder=\"0\" scrolling=\"no\" marginheight=\"0\" marginwidth=\"0\"\n\t\t\t\t\tsrc=\"https:\/\/maps.google.com\/maps?q=Urz%C4%85d%20Celny%20w%20Zamo%C5%9Bciu%20-%20Oddzia%C5%82%20Celny%20w%20Hrubieszowie%2C%20Nowa%20100%2C%2022-500%20Hrubiesz%C3%B3w%20&#038;t=m&#038;z=11&#038;output=embed&#038;iwloc=near\"\n\t\t\t\t\ttitle=\"Urz\u0105d Celny w Zamo\u015bciu - Oddzia\u0142 Celny w Hrubieszowie, Nowa 100, 22-500 Hrubiesz\u00f3w \"\n\t\t\t\t\taria-label=\"Urz\u0105d Celny w Zamo\u015bciu - Oddzia\u0142 Celny w Hrubieszowie, Nowa 100, 22-500 Hrubiesz\u00f3w \"\n\t\t\t><\/iframe>\n\t\t<\/div>\n\t\t\t\t<\/div>\n\t\t\t\t<\/div>\n\t\t\t\t\t\t<\/div>\n\t\t\t\t\t<\/div>\n\t\t<\/div>\n\t\t\t\t\t\t\t\t<\/div>\n\t\t\t\t\t<\/div>\n\t\t<\/section>\n\t\t\t\t<div class=\"elementor-element elementor-element-afaddec elementor-widget elementor-widget-text-editor\" data-id=\"afaddec\" data-element_type=\"widget\" data-widget_type=\"text-editor.default\">\n\t\t\t\t<div class=\"elementor-widget-container\">\n\t\t\t\t\t\t\t\t<div class=\"elementor-text-editor elementor-clearfix\">\n\t\t\t\t<p>Application control:<br \/>Before veterinary inspection responsible person or representative must submit the appropriate application to control.<\/p>\t\t\t\t\t<\/div>\n\t\t\t\t\t\t<\/div>\n\t\t\t\t<\/div>\n\t\t\t\t\t\t<\/div>\n\t\t\t\t\t<\/div>\n\t\t<\/div>\n\t\t\t\t\t\t\t\t<\/div>\n\t\t\t\t\t<\/div>\n\t\t<\/section>\n\t\t\t\t\t\t\t\t\t<\/div>\n\t\t\t<\/div>\n\t\t\t\t\t<\/div>\n\t\t","protected":false},"excerpt":{"rendered":"<p>BCP Hrubiesz\u00f3w Border Inspection Post in Hrubiesz\u00f3w Border Veterinary Inspection Post in Hrubieszow supports rail cargo crossing point Hrubieszow (PL) &#8211; Vladimir Volyn (UA), between Polish and Ukraine. BIP is approved for inspection:\u200b feed not containing animal tissues (NAO): import, transit CAUTION: Straw and hay falling within CN codes 1213 and 1214 can not be [&hellip;]<\/p>\n","protected":false},"author":2,"featured_media":0,"parent":0,"menu_order":0,"comment_status":"closed","ping_status":"closed","template":"elementor_header_footer","meta":[],"_links":{"self":[{"href":"http:\/\/griwkor.pl\/2019\/en\/wp-json\/wp\/v2\/pages\/1362\/"}],"collection":[{"href":"http:\/\/griwkor.pl\/2019\/en\/wp-json\/wp\/v2\/pages\/"}],"about":[{"href":"http:\/\/griwkor.pl\/2019\/en\/wp-json\/wp\/v2\/types\/page\/"}],"author":[{"embeddable":true,"href":"http:\/\/griwkor.pl\/2019\/en\/wp-json\/wp\/v2\/users\/2\/"}],"replies":[{"embeddable":true,"href":"http:\/\/griwkor.pl\/2019\/en\/wp-json\/wp\/v2\/comments\/?post=1362"}],"version-history":[{"count":17,"href":"http:\/\/griwkor.pl\/2019\/en\/wp-json\/wp\/v2\/pages\/1362\/revisions\/"}],"predecessor-version":[{"id":7148,"href":"http:\/\/griwkor.pl\/2019\/en\/wp-json\/wp\/v2\/pages\/1362\/revisions\/7148\/"}],"wp:attachment":[{"href":"http:\/\/griwkor.pl\/2019\/en\/wp-json\/wp\/v2\/media\/?parent=1362"}],"curies":[{"name":"wp","href":"https:\/\/api.w.org\/{rel}","templated":true}]}}