{"id":392,"date":"2019-04-03T08:43:45","date_gmt":"2019-04-03T08:43:45","guid":{"rendered":"http:\/\/griwkor.pl\/2019\/choroby-zakazne\/"},"modified":"2020-11-04T08:16:15","modified_gmt":"2020-11-04T08:16:15","slug":"infectious-diseases","status":"publish","type":"page","link":"http:\/\/griwkor.pl\/2019\/en\/infectious-diseases\/","title":{"rendered":"INFECTIOUS DISEASES"},"content":{"rendered":"\t\t<div data-elementor-type=\"wp-post\" data-elementor-id=\"392\" class=\"elementor elementor-392\">\n\t\t\t\t\t\t<div class=\"elementor-inner\">\n\t\t\t\t<div class=\"elementor-section-wrap\">\n\t\t\t\t\t\t\t\t\t<section class=\"elementor-section elementor-top-section elementor-element elementor-element-4225664 elementor-section-boxed elementor-section-height-default elementor-section-height-default\" data-id=\"4225664\" data-element_type=\"section\">\n\t\t\t\t\t\t<div class=\"elementor-container elementor-column-gap-no\">\n\t\t\t\t\t\t\t<div class=\"elementor-row\">\n\t\t\t\t\t<div class=\"elementor-column elementor-col-100 elementor-top-column elementor-element elementor-element-1722e9f\" data-id=\"1722e9f\" data-element_type=\"column\">\n\t\t\t<div class=\"elementor-column-wrap elementor-element-populated\">\n\t\t\t\t\t\t\t<div class=\"elementor-widget-wrap\">\n\t\t\t\t\t\t<div class=\"elementor-element elementor-element-580f81d elementor-widget elementor-widget-spacer\" data-id=\"580f81d\" data-element_type=\"widget\" data-widget_type=\"spacer.default\">\n\t\t\t\t<div class=\"elementor-widget-container\">\n\t\t\t\t\t<div class=\"elementor-spacer\">\n\t\t\t<div class=\"elementor-spacer-inner\"><\/div>\n\t\t<\/div>\n\t\t\t\t<\/div>\n\t\t\t\t<\/div>\n\t\t\t\t<div class=\"elementor-element elementor-element-f3602a4 elementor-widget elementor-widget-spacer\" data-id=\"f3602a4\" data-element_type=\"widget\" data-widget_type=\"spacer.default\">\n\t\t\t\t<div class=\"elementor-widget-container\">\n\t\t\t\t\t<div class=\"elementor-spacer\">\n\t\t\t<div class=\"elementor-spacer-inner\"><\/div>\n\t\t<\/div>\n\t\t\t\t<\/div>\n\t\t\t\t<\/div>\n\t\t\t\t<div class=\"elementor-element elementor-element-1a7b312 elementor-widget elementor-widget-heading\" data-id=\"1a7b312\" data-element_type=\"widget\" data-widget_type=\"heading.default\">\n\t\t\t\t<div class=\"elementor-widget-container\">\n\t\t\t<h2 class=\"elementor-heading-title elementor-size-default\">FIGHTING INFECTIOUS DISEASES OF ANIMALS<\/h2>\t\t<\/div>\n\t\t\t\t<\/div>\n\t\t\t\t<div class=\"elementor-element elementor-element-6b120a2 elementor-icon-list--layout-inline elementor-align-left elementor-list-item-link-full_width elementor-widget elementor-widget-icon-list\" data-id=\"6b120a2\" data-element_type=\"widget\" data-widget_type=\"icon-list.default\">\n\t\t\t\t<div class=\"elementor-widget-container\">\n\t\t\t\t\t<ul class=\"elementor-icon-list-items elementor-inline-items\">\n\t\t\t\t\t\t\t<li class=\"elementor-icon-list-item elementor-inline-item\">\n\t\t\t\t\t\t\t\t\t\t\t<a href=\"http:\/\/www.oie.int\/en\/animal-health-in-the-world\/oie-listed-diseases-2019\/\">\n\n\t\t\t\t\t\t\t\t\t\t\t\t<span class=\"elementor-icon-list-icon\">\n\t\t\t\t\t\t\t<i aria-hidden=\"true\" class=\"fab fa-internet-explorer\"><\/i>\t\t\t\t\t\t<\/span>\n\t\t\t\t\t\t\t\t\t\t<span class=\"elementor-icon-list-text\">The list of diseases of the OIE list<\/span>\n\t\t\t\t\t\t\t\t\t\t\t<\/a>\n\t\t\t\t\t\t\t\t\t<\/li>\n\t\t\t\t\t\t<\/ul>\n\t\t\t\t<\/div>\n\t\t\t\t<\/div>\n\t\t\t\t<div class=\"elementor-element elementor-element-f5ba7f0 elementor-icon-list--layout-inline elementor-align-left elementor-list-item-link-full_width elementor-widget elementor-widget-icon-list\" data-id=\"f5ba7f0\" data-element_type=\"widget\" data-widget_type=\"icon-list.default\">\n\t\t\t\t<div class=\"elementor-widget-container\">\n\t\t\t\t\t<ul class=\"elementor-icon-list-items elementor-inline-items\">\n\t\t\t\t\t\t\t<li class=\"elementor-icon-list-item elementor-inline-item\">\n\t\t\t\t\t\t\t\t\t\t\t<a href=\"http:\/\/www.oie.int\/en\/animal-health-in-the-world\/technical-disease-cards\/\">\n\n\t\t\t\t\t\t\t\t\t\t\t\t<span class=\"elementor-icon-list-icon\">\n\t\t\t\t\t\t\t<i aria-hidden=\"true\" class=\"fab fa-internet-explorer\"><\/i>\t\t\t\t\t\t<\/span>\n\t\t\t\t\t\t\t\t\t\t<span class=\"elementor-icon-list-text\">Technical disease cards including OIE-listed diseases<\/span>\n\t\t\t\t\t\t\t\t\t\t\t<\/a>\n\t\t\t\t\t\t\t\t\t<\/li>\n\t\t\t\t\t\t<\/ul>\n\t\t\t\t<\/div>\n\t\t\t\t<\/div>\n\t\t\t\t<div class=\"elementor-element elementor-element-dde3f88 elementor-icon-list--layout-inline elementor-align-left elementor-list-item-link-full_width elementor-widget elementor-widget-icon-list\" data-id=\"dde3f88\" data-element_type=\"widget\" data-widget_type=\"icon-list.default\">\n\t\t\t\t<div class=\"elementor-widget-container\">\n\t\t\t\t\t<ul class=\"elementor-icon-list-items elementor-inline-items\">\n\t\t\t\t\t\t\t<li class=\"elementor-icon-list-item elementor-inline-item\">\n\t\t\t\t\t\t\t\t\t\t\t<a href=\"http:\/\/www.oie.int\/wahis_2\/public\/wahid.php\/Diseaseinformation\/WI\">\n\n\t\t\t\t\t\t\t\t\t\t\t\t<span class=\"elementor-icon-list-icon\">\n\t\t\t\t\t\t\t<i aria-hidden=\"true\" class=\"fab fa-internet-explorer\"><\/i>\t\t\t\t\t\t<\/span>\n\t\t\t\t\t\t\t\t\t\t<span class=\"elementor-icon-list-text\">Weekly information about infectious diseases In the World  <\/span>\n\t\t\t\t\t\t\t\t\t\t\t<\/a>\n\t\t\t\t\t\t\t\t\t<\/li>\n\t\t\t\t\t\t<\/ul>\n\t\t\t\t<\/div>\n\t\t\t\t<\/div>\n\t\t\t\t<div class=\"elementor-element elementor-element-d938565 elementor-icon-list--layout-inline elementor-align-left elementor-list-item-link-full_width elementor-widget elementor-widget-icon-list\" data-id=\"d938565\" data-element_type=\"widget\" data-widget_type=\"icon-list.default\">\n\t\t\t\t<div class=\"elementor-widget-container\">\n\t\t\t\t\t<ul class=\"elementor-icon-list-items elementor-inline-items\">\n\t\t\t\t\t\t\t<li class=\"elementor-icon-list-item elementor-inline-item\">\n\t\t\t\t\t\t\t\t\t\t\t<a href=\"http:\/\/griwkor.pl\/2019\/wp-content\/uploads\/2019\/08\/wykaz_chor_notyfik_ue.pdf\">\n\n\t\t\t\t\t\t\t\t\t\t\t\t<span class=\"elementor-icon-list-icon\">\n\t\t\t\t\t\t\t<i aria-hidden=\"true\" class=\"far fa-file-pdf\"><\/i>\t\t\t\t\t\t<\/span>\n\t\t\t\t\t\t\t\t\t\t<span class=\"elementor-icon-list-text\">List of infectious diseases of animals being subject to a notification in the EU <\/span>\n\t\t\t\t\t\t\t\t\t\t\t<\/a>\n\t\t\t\t\t\t\t\t\t<\/li>\n\t\t\t\t\t\t<\/ul>\n\t\t\t\t<\/div>\n\t\t\t\t<\/div>\n\t\t\t\t\t\t<\/div>\n\t\t\t\t\t<\/div>\n\t\t<\/div>\n\t\t\t\t\t\t\t\t<\/div>\n\t\t\t\t\t<\/div>\n\t\t<\/section>\n\t\t\t\t<section class=\"elementor-section elementor-top-section elementor-element elementor-element-6267046 elementor-section-boxed elementor-section-height-default elementor-section-height-default\" data-id=\"6267046\" data-element_type=\"section\">\n\t\t\t\t\t\t<div class=\"elementor-container elementor-column-gap-default\">\n\t\t\t\t\t\t\t<div class=\"elementor-row\">\n\t\t\t\t\t<div class=\"elementor-column elementor-col-100 elementor-top-column elementor-element elementor-element-ff1e462\" data-id=\"ff1e462\" data-element_type=\"column\">\n\t\t\t<div class=\"elementor-column-wrap elementor-element-populated\">\n\t\t\t\t\t\t\t<div class=\"elementor-widget-wrap\">\n\t\t\t\t\t\t<div class=\"elementor-element elementor-element-8e41fa2 elementor-widget elementor-widget-heading\" data-id=\"8e41fa2\" data-element_type=\"widget\" data-widget_type=\"heading.default\">\n\t\t\t\t<div class=\"elementor-widget-container\">\n\t\t\t<h2 class=\"elementor-heading-title elementor-size-default\">CURRENT THREATS<\/h2>\t\t<\/div>\n\t\t\t\t<\/div>\n\t\t\t\t<div class=\"elementor-element elementor-element-21d56ca elementor-widget elementor-widget-text-editor\" data-id=\"21d56ca\" data-element_type=\"widget\" data-widget_type=\"text-editor.default\">\n\t\t\t\t<div class=\"elementor-widget-container\">\n\t\t\t\t\t\t\t\t<div class=\"elementor-text-editor elementor-clearfix\">\n\t\t\t\t<p class=\"bold\">Purity control of livestock vehicles returning from Russia, Belarus and Ukraine after transport of livestock.<\/p><p><span>In relation to appearing of the African swine fever on territory of the Russian Federation, Belarus, Moldova and Ukraine, all vehicles for farm animals, running into the territory of the European Union from Russia, Belarus, Moldova and Ukraine, they will be controlled by a Border veterinary officer to determine whether they have been satisfactorily cleaned and disinfected.\u00a0<\/span><\/p>\t\t\t\t\t<\/div>\n\t\t\t\t\t\t<\/div>\n\t\t\t\t<\/div>\n\t\t\t\t<div class=\"elementor-element elementor-element-087ee34 elementor-widget elementor-widget-text-editor\" data-id=\"087ee34\" data-element_type=\"widget\" data-widget_type=\"text-editor.default\">\n\t\t\t\t<div class=\"elementor-widget-container\">\n\t\t\t\t\t\t\t\t<div class=\"elementor-text-editor elementor-clearfix\">\n\t\t\t\t<p><span style=\"color: #ffffff;\">Moreover, the Commission&#8217;s Decision\u00a0<a style=\"color: #ffffff;\" href=\"http:\/\/eur-lex.europa.eu\/legal-content\/EN\/TXT\/PDF\/?uri=CELEX:02013D0426-20151001&amp;qid=1500982400213\" target=\"_blank\" rel=\"noopener\" data-wplink-edit=\"true\">2013\/426\/EC <\/a>\u00a0imposed on livestock carriers required to submit the border Veterinary Officer of evidence of a vehicle cleaned and disinfected after the last unloading animals.<\/span><br \/><span style=\"color: #ffffff;\">The above-mentioned document shall be equivalent to the Annex II to Decision 2013\/426\/EC.\u00a0<\/span><\/p>\t\t\t\t\t<\/div>\n\t\t\t\t\t\t<\/div>\n\t\t\t\t<\/div>\n\t\t\t\t<div class=\"elementor-element elementor-element-b33e833 elementor-icon-list--layout-inline elementor-align-left elementor-list-item-link-full_width elementor-widget elementor-widget-icon-list\" data-id=\"b33e833\" data-element_type=\"widget\" data-widget_type=\"icon-list.default\">\n\t\t\t\t<div class=\"elementor-widget-container\">\n\t\t\t\t\t<ul class=\"elementor-icon-list-items elementor-inline-items\">\n\t\t\t\t\t\t\t<li class=\"elementor-icon-list-item elementor-inline-item\">\n\t\t\t\t\t\t\t\t\t\t\t<a href=\"http:\/\/griwkor.pl\/2019\/wp-content\/uploads\/2019\/05\/Wz\u00f3r-o\u015bwiadczenia-sk\u0142adanego-przez-obs\u0142uguj\u0105cego-kierowc\u0119-pojazdu.pdf\">\n\n\t\t\t\t\t\t\t\t\t\t\t<span class=\"elementor-icon-list-text\">The model of declaration submitted by the operator \/ driver of the vehicle:<\/span>\n\t\t\t\t\t\t\t\t\t\t\t<\/a>\n\t\t\t\t\t\t\t\t\t<\/li>\n\t\t\t\t\t\t\t\t<li class=\"elementor-icon-list-item elementor-inline-item\">\n\t\t\t\t\t\t\t\t\t\t\t<a href=\"http:\/\/griwkor.pl\/2019\/wp-content\/uploads\/2019\/08\/oswiadcz_kierowcy_en.pdf\">\n\n\t\t\t\t\t\t\t\t\t\t\t\t<span class=\"elementor-icon-list-icon\">\n\t\t\t\t\t\t\t<i aria-hidden=\"true\" class=\"far fa-file-pdf\"><\/i>\t\t\t\t\t\t<\/span>\n\t\t\t\t\t\t\t\t\t\t<span class=\"elementor-icon-list-text\"><\/span>\n\t\t\t\t\t\t\t\t\t\t\t<\/a>\n\t\t\t\t\t\t\t\t\t<\/li>\n\t\t\t\t\t\t\t\t<li class=\"elementor-icon-list-item elementor-inline-item\">\n\t\t\t\t\t\t\t\t\t\t\t<a href=\"http:\/\/griwkor.pl\/2019\/wp-content\/uploads\/2019\/08\/oswiadcz_kierowcy_en.doc\">\n\n\t\t\t\t\t\t\t\t\t\t\t\t<span class=\"elementor-icon-list-icon\">\n\t\t\t\t\t\t\t<i aria-hidden=\"true\" class=\"far fa-file-word\"><\/i>\t\t\t\t\t\t<\/span>\n\t\t\t\t\t\t\t\t\t\t<span class=\"elementor-icon-list-text\"><\/span>\n\t\t\t\t\t\t\t\t\t\t\t<\/a>\n\t\t\t\t\t\t\t\t\t<\/li>\n\t\t\t\t\t\t<\/ul>\n\t\t\t\t<\/div>\n\t\t\t\t<\/div>\n\t\t\t\t<div class=\"elementor-element elementor-element-2e8c9d5 elementor-icon-list--layout-inline elementor-align-left elementor-list-item-link-full_width elementor-widget elementor-widget-icon-list\" data-id=\"2e8c9d5\" data-element_type=\"widget\" data-widget_type=\"icon-list.default\">\n\t\t\t\t<div class=\"elementor-widget-container\">\n\t\t\t\t\t<ul class=\"elementor-icon-list-items elementor-inline-items\">\n\t\t\t\t\t\t\t<li class=\"elementor-icon-list-item elementor-inline-item\">\n\t\t\t\t\t\t\t\t\t\t\t<a href=\"http:\/\/griwkor.pl\/2019\/afrykanski-pomor-swin-filmy\/\">\n\n\t\t\t\t\t\t\t\t\t\t\t\t<span class=\"elementor-icon-list-icon\">\n\t\t\t\t\t\t\t<i aria-hidden=\"true\" class=\"fab fa-internet-explorer\"><\/i>\t\t\t\t\t\t<\/span>\n\t\t\t\t\t\t\t\t\t\t<span class=\"elementor-icon-list-text\">Filma about ASF (African swine fever)<\/span>\n\t\t\t\t\t\t\t\t\t\t\t<\/a>\n\t\t\t\t\t\t\t\t\t<\/li>\n\t\t\t\t\t\t<\/ul>\n\t\t\t\t<\/div>\n\t\t\t\t<\/div>\n\t\t\t\t<div class=\"elementor-element elementor-element-f665d7f elementor-widget elementor-widget-spacer\" data-id=\"f665d7f\" data-element_type=\"widget\" data-widget_type=\"spacer.default\">\n\t\t\t\t<div class=\"elementor-widget-container\">\n\t\t\t\t\t<div class=\"elementor-spacer\">\n\t\t\t<div class=\"elementor-spacer-inner\"><\/div>\n\t\t<\/div>\n\t\t\t\t<\/div>\n\t\t\t\t<\/div>\n\t\t\t\t<div class=\"elementor-element elementor-element-9dbcc26 elementor-widget elementor-widget-heading\" data-id=\"9dbcc26\" data-element_type=\"widget\" data-widget_type=\"heading.default\">\n\t\t\t\t<div class=\"elementor-widget-container\">\n\t\t\t<h2 class=\"elementor-heading-title elementor-size-default\">THE LIST OF MOST IMPORTANT DISEASES OF THE OIE LIST<\/h2>\t\t<\/div>\n\t\t\t\t<\/div>\n\t\t\t\t<div class=\"elementor-element elementor-element-c2f7ad0 elementor-widget elementor-widget-text-editor\" data-id=\"c2f7ad0\" data-element_type=\"widget\" data-widget_type=\"text-editor.default\">\n\t\t\t\t<div class=\"elementor-widget-container\">\n\t\t\t\t\t\t\t\t<div class=\"elementor-text-editor elementor-clearfix\">\n\t\t\t\t<table width=\"575\"><tbody><tr><td width=\"226\"><span style=\"color: #ffffff; font-size: 14pt;\">Name of disease<\/span><\/td><td width=\"349\"><span style=\"color: #ffffff; font-size: 14pt;\">Latin<\/span><\/td><\/tr><tr><td width=\"226\"><span style=\"color: #ffffff; font-size: 14pt;\">Foot and Mouth Disease<\/span><\/td><td width=\"349\"><span style=\"color: #ffffff; font-size: 14pt;\">Aphtae Epizooticae<\/span><\/td><\/tr><tr><td width=\"226\"><span style=\"color: #ffffff; font-size: 14pt;\">Vesicular stomatitis<\/span><\/td><td width=\"349\"><span style=\"color: #ffffff; font-size: 14pt;\">Stomatitis vesicularis<\/span><\/td><\/tr><tr><td width=\"226\"><span style=\"color: #ffffff; font-size: 14pt;\">Swine vesicular disease<\/span><\/td><td width=\"349\">\u00a0<\/td><\/tr><tr><td width=\"226\"><span style=\"color: #ffffff; font-size: 14pt;\">Cattle plague<\/span><\/td><td width=\"349\"><span style=\"color: #ffffff; font-size: 14pt;\">Typhus bovum contagiosus<\/span><\/td><\/tr><tr><td width=\"226\"><span style=\"color: #ffffff; font-size: 14pt;\">Peste des petits ruminants<\/span><\/td><td width=\"349\">\u00a0<\/td><\/tr><tr><td width=\"226\"><span style=\"color: #ffffff; font-size: 14pt;\">Contagious bovine pleuropneumonia<\/span><\/td><td width=\"349\"><span style=\"color: #ffffff; font-size: 14pt;\">Pleuropneumonia contagiosa bovum; Mycoplasmosis<\/span><\/td><\/tr><tr><td width=\"226\"><span style=\"color: #ffffff; font-size: 14pt;\">Lumpy skin disease<\/span><\/td><td width=\"349\">\u00a0<\/td><\/tr><tr><td width=\"226\"><span style=\"color: #ffffff; font-size: 14pt;\">Rift Valley fever<\/span><\/td><td width=\"349\">\u00a0<\/td><\/tr><tr><td width=\"226\"><span style=\"color: #ffffff; font-size: 14pt;\">Bluetongue<\/span><\/td><td width=\"349\"><span style=\"color: #ffffff; font-size: 14pt;\">Febris catarrhalis ovium<\/span><\/td><\/tr><tr><td width=\"226\">\u00a0<\/td><td width=\"349\">\u00a0<\/td><\/tr><tr><td width=\"226\"><span style=\"color: #ffffff; font-size: 14pt;\">Sheep pox and goat pox<\/span><\/td><td width=\"349\"><span style=\"color: #ffffff; font-size: 14pt;\">Variola<\/span><\/td><\/tr><tr><td width=\"226\"><span style=\"color: #ffffff; font-size: 14pt;\">African horse sickness<\/span><\/td><td width=\"349\"><span style=\"color: #ffffff; font-size: 14pt;\">Pestis equrum<\/span><\/td><\/tr><tr><td width=\"226\"><span style=\"color: #ffffff; font-size: 14pt;\">African Swine Fever<\/span><\/td><td width=\"349\"><span style=\"color: #ffffff; font-size: 14pt;\">Pestis africana suum<\/span><\/td><\/tr><tr><td width=\"226\"><span style=\"color: #ffffff; font-size: 14pt;\">Classical Swine Fever; Hog Cholera<\/span><\/td><td width=\"349\"><span style=\"color: #ffffff; font-size: 14pt;\">Pestis clasica suum<\/span><\/td><\/tr><tr><td width=\"226\"><span style=\"color: #ffffff; font-size: 14pt;\">Highly pathogenic avian influenza<\/span><\/td><td width=\"349\">\u00a0<\/td><\/tr><tr><td width=\"226\"><span style=\"color: #ffffff; font-size: 14pt;\">Newcastle disease<\/span><\/td><td width=\"349\">\u00a0<\/td><\/tr><tr><td width=\"226\"><span style=\"color: #ffffff; font-size: 14pt;\">EHD<\/span><\/td><td width=\"349\">\u00a0<\/td><\/tr><tr><td width=\"226\"><span style=\"color: #ffffff; font-size: 14pt;\">Bovine Spongiform Encephalopathy \u2013 BSE<\/span><\/td><td>\u00a0<\/td><\/tr><\/tbody><\/table>\t\t\t\t\t<\/div>\n\t\t\t\t\t\t<\/div>\n\t\t\t\t<\/div>\n\t\t\t\t\t\t<\/div>\n\t\t\t\t\t<\/div>\n\t\t<\/div>\n\t\t\t\t\t\t\t\t<\/div>\n\t\t\t\t\t<\/div>\n\t\t<\/section>\n\t\t\t\t\t\t\t\t\t<\/div>\n\t\t\t<\/div>\n\t\t\t\t\t<\/div>\n\t\t","protected":false},"excerpt":{"rendered":"<p>FIGHTING INFECTIOUS DISEASES OF ANIMALS The list of diseases of the OIE list Technical disease cards including OIE-listed diseases Weekly information about infectious diseases In the World List of infectious diseases of animals being subject to a notification in the EU CURRENT THREATS Purity control of livestock vehicles returning from Russia, Belarus and Ukraine after [&hellip;]<\/p>\n","protected":false},"author":1,"featured_media":0,"parent":0,"menu_order":0,"comment_status":"closed","ping_status":"closed","template":"elementor_header_footer","meta":[],"_links":{"self":[{"href":"http:\/\/griwkor.pl\/2019\/en\/wp-json\/wp\/v2\/pages\/392\/"}],"collection":[{"href":"http:\/\/griwkor.pl\/2019\/en\/wp-json\/wp\/v2\/pages\/"}],"about":[{"href":"http:\/\/griwkor.pl\/2019\/en\/wp-json\/wp\/v2\/types\/page\/"}],"author":[{"embeddable":true,"href":"http:\/\/griwkor.pl\/2019\/en\/wp-json\/wp\/v2\/users\/1\/"}],"replies":[{"embeddable":true,"href":"http:\/\/griwkor.pl\/2019\/en\/wp-json\/wp\/v2\/comments\/?post=392"}],"version-history":[{"count":18,"href":"http:\/\/griwkor.pl\/2019\/en\/wp-json\/wp\/v2\/pages\/392\/revisions\/"}],"predecessor-version":[{"id":5832,"href":"http:\/\/griwkor.pl\/2019\/en\/wp-json\/wp\/v2\/pages\/392\/revisions\/5832\/"}],"wp:attachment":[{"href":"http:\/\/griwkor.pl\/2019\/en\/wp-json\/wp\/v2\/media\/?parent=392"}],"curies":[{"name":"wp","href":"https:\/\/api.w.org\/{rel}","templated":true}]}}