{"id":400,"date":"2019-04-03T08:43:32","date_gmt":"2019-04-03T08:43:32","guid":{"rendered":"http:\/\/griwkor.pl\/2019\/eksport-z-pl-do-ru-by-kz\/"},"modified":"2019-05-20T13:03:36","modified_gmt":"2019-05-20T13:03:36","slug":"eksport-z-pl-do-ru-by-kz","status":"publish","type":"page","link":"http:\/\/griwkor.pl\/2019\/en\/eksport-z-pl-do-ru-by-kz\/","title":{"rendered":"EXPORT FROM PL TO RU, BY, KZ"},"content":{"rendered":"\t\t<div data-elementor-type=\"wp-post\" data-elementor-id=\"400\" class=\"elementor elementor-400\">\n\t\t\t\t\t\t<div class=\"elementor-inner\">\n\t\t\t\t<div class=\"elementor-section-wrap\">\n\t\t\t\t\t\t\t\t\t<section class=\"elementor-section elementor-top-section elementor-element elementor-element-187ac488 elementor-section-full_width elementor-section-height-default elementor-section-height-default\" data-id=\"187ac488\" data-element_type=\"section\">\n\t\t\t\t\t\t<div class=\"elementor-container elementor-column-gap-no\">\n\t\t\t\t\t\t\t<div class=\"elementor-row\">\n\t\t\t\t\t<div class=\"elementor-column elementor-col-33 elementor-top-column elementor-element elementor-element-406a5b90\" data-id=\"406a5b90\" data-element_type=\"column\" data-settings=\"{&quot;background_background&quot;:&quot;classic&quot;}\">\n\t\t\t<div class=\"elementor-column-wrap\">\n\t\t\t\t\t\t\t<div class=\"elementor-widget-wrap\">\n\t\t\t\t\t\t\t\t<\/div>\n\t\t\t\t\t<\/div>\n\t\t<\/div>\n\t\t\t\t<div class=\"elementor-column elementor-col-33 elementor-top-column elementor-element elementor-element-3680fd7d\" data-id=\"3680fd7d\" data-element_type=\"column\" data-settings=\"{&quot;background_background&quot;:&quot;classic&quot;}\">\n\t\t\t<div class=\"elementor-column-wrap elementor-element-populated\">\n\t\t\t\t\t\t\t<div class=\"elementor-widget-wrap\">\n\t\t\t\t\t\t<div class=\"elementor-element elementor-element-7d911646 elementor-nav-menu__align-left elementor-nav-menu--dropdown-mobile elementor-nav-menu--stretch elementor-nav-menu__text-align-center elementor-nav-menu--indicator-classic elementor-nav-menu--toggle elementor-nav-menu--burger elementor-widget elementor-widget-nav-menu\" data-id=\"7d911646\" data-element_type=\"widget\" data-settings=\"{&quot;layout&quot;:&quot;vertical&quot;,&quot;full_width&quot;:&quot;stretch&quot;,&quot;toggle&quot;:&quot;burger&quot;}\" data-widget_type=\"nav-menu.default\">\n\t\t\t\t<div class=\"elementor-widget-container\">\n\t\t\t\t\t\t<nav role=\"navigation\" class=\"elementor-nav-menu--main elementor-nav-menu__container elementor-nav-menu--layout-vertical e--pointer-none\"><ul id=\"menu-1-7d911646\" class=\"elementor-nav-menu sm-vertical\"><li class=\"menu-item menu-item-type-post_type menu-item-object-page menu-item-1530\"><a href=\"http:\/\/griwkor.pl\/2019\/en\/animals\/\" class=\"elementor-item\">ANIMALS<\/a><\/li>\n<li class=\"menu-item menu-item-type-post_type menu-item-object-page menu-item-1531\"><a href=\"http:\/\/griwkor.pl\/2019\/en\/feeds\/\" class=\"elementor-item\">FEEDS<\/a><\/li>\n<li class=\"menu-item menu-item-type-post_type menu-item-object-page menu-item-1532\"><a href=\"http:\/\/griwkor.pl\/2019\/en\/eksport-z-pl\/\" class=\"elementor-item\">EXPORT FROM PL<\/a><\/li>\n<li class=\"menu-item menu-item-type-post_type menu-item-object-page menu-item-1533\"><a href=\"http:\/\/griwkor.pl\/2019\/en\/eksport-z-pl-do-ru-by-kz\/\" class=\"elementor-item\">EXPORT FROM PL TO RU, BY, KZ<\/a><\/li>\n<li class=\"menu-item menu-item-type-post_type menu-item-object-page menu-item-1534\"><a href=\"http:\/\/griwkor.pl\/2019\/en\/infectious-diseases\/\" class=\"elementor-item\">INFECTIOUS DISEASES<\/a><\/li>\n<\/ul><\/nav>\n\t\t\t\t\t<div class=\"elementor-menu-toggle\" role=\"button\" tabindex=\"0\" aria-label=\"Menu Toggle\" aria-expanded=\"false\">\n\t\t\t<i class=\"eicon-menu-bar\" aria-hidden=\"true\"><\/i>\n\t\t\t<span class=\"elementor-screen-only\">Menu<\/span>\n\t\t<\/div>\n\t\t\t<nav class=\"elementor-nav-menu--dropdown elementor-nav-menu__container\" role=\"navigation\" aria-hidden=\"true\"><ul id=\"menu-2-7d911646\" class=\"elementor-nav-menu sm-vertical\"><li class=\"menu-item menu-item-type-post_type menu-item-object-page menu-item-1530\"><a href=\"http:\/\/griwkor.pl\/2019\/en\/animals\/\" class=\"elementor-item\">ANIMALS<\/a><\/li>\n<li class=\"menu-item menu-item-type-post_type menu-item-object-page menu-item-1531\"><a href=\"http:\/\/griwkor.pl\/2019\/en\/feeds\/\" class=\"elementor-item\">FEEDS<\/a><\/li>\n<li class=\"menu-item menu-item-type-post_type menu-item-object-page menu-item-1532\"><a href=\"http:\/\/griwkor.pl\/2019\/en\/eksport-z-pl\/\" class=\"elementor-item\">EXPORT FROM PL<\/a><\/li>\n<li class=\"menu-item menu-item-type-post_type menu-item-object-page menu-item-1533\"><a href=\"http:\/\/griwkor.pl\/2019\/en\/eksport-z-pl-do-ru-by-kz\/\" class=\"elementor-item\">EXPORT FROM PL TO RU, BY, KZ<\/a><\/li>\n<li class=\"menu-item menu-item-type-post_type menu-item-object-page menu-item-1534\"><a href=\"http:\/\/griwkor.pl\/2019\/en\/infectious-diseases\/\" class=\"elementor-item\">INFECTIOUS DISEASES<\/a><\/li>\n<\/ul><\/nav>\n\t\t\t\t<\/div>\n\t\t\t\t<\/div>\n\t\t\t\t\t\t<\/div>\n\t\t\t\t\t<\/div>\n\t\t<\/div>\n\t\t\t\t<div class=\"elementor-column elementor-col-33 elementor-top-column elementor-element elementor-element-31c81c4d\" data-id=\"31c81c4d\" data-element_type=\"column\">\n\t\t\t<div class=\"elementor-column-wrap elementor-element-populated\">\n\t\t\t\t\t\t\t<div class=\"elementor-widget-wrap\">\n\t\t\t\t\t\t<div class=\"elementor-element elementor-element-499f87f4 elementor-widget-divider--view-line elementor-widget elementor-widget-divider\" data-id=\"499f87f4\" data-element_type=\"widget\" data-widget_type=\"divider.default\">\n\t\t\t\t<div class=\"elementor-widget-container\">\n\t\t\t\t\t<div class=\"elementor-divider\">\n\t\t\t<span class=\"elementor-divider-separator\">\n\t\t\t\t\t\t<\/span>\n\t\t<\/div>\n\t\t\t\t<\/div>\n\t\t\t\t<\/div>\n\t\t\t\t<div class=\"elementor-element elementor-element-ea03d4b elementor-widget elementor-widget-heading\" data-id=\"ea03d4b\" data-element_type=\"widget\" data-widget_type=\"heading.default\">\n\t\t\t\t<div class=\"elementor-widget-container\">\n\t\t\t<h2 class=\"elementor-heading-title elementor-size-default\">EKSPORT Z POLSKI DO ROSJI<\/h2>\t\t<\/div>\n\t\t\t\t<\/div>\n\t\t\t\t<div class=\"elementor-element elementor-element-41e605c9 elementor-widget elementor-widget-text-editor\" data-id=\"41e605c9\" data-element_type=\"widget\" data-widget_type=\"text-editor.default\">\n\t\t\t\t<div class=\"elementor-widget-container\">\n\t\t\t\t\t\t\t\t<div class=\"elementor-text-editor elementor-clearfix\">\n\t\t\t\t<p><span><b>Schemat wwozu do Federacji Rosyjskiej importowanego mi\u0119sa i surowca mi\u0119snego z kraj\u00f3w Europy od 1 marca 2010 roku<\/b><\/span><br \/><br \/>Od dn.01.03.2010 przesy\u0142ki mi\u0119sa i surowych produkt\u00f3w mi\u0119snych, wysy\u0142ane z kraj\u00f3w WE (poza Litw\u0105, Estoni\u0105, \u0141otw\u0105, Szwecj\u0105, Finlandi\u0105 i Norwegi\u0105) do\u00a0<b>p\u00f3\u0142nocno -zachodniego okr\u0119gu federalnego Rosyjskiej Federacji<\/b>, nie powinny przekracza\u0107 granicy przez przej\u015bcie graniczne Kukuryki -Koz\u0142owicze.<a class=\"link9\" title=\"Kliknij, aby obejrze\u0107 plik w nowym oknie...\" href=\"http:\/\/griwkor.pl\/pl\/showfile.php?p=cGxpa2kvMjAxMDAyMTVfaW5mby5wZGY=\"><img src=\"http:\/\/griwkor.pl\/grfx\/_pdf.gif\" border=\"0\" \/><\/a>\u00a0<a class=\"link9\" title=\"Kliknij aby pobra\u0107 plik (91.5 kB)\" href=\"http:\/\/griwkor.pl\/pl\/download.php?file=cGxpa2kvMjAxMDAyMTVfaW5mby5wZGY=\"><img src=\"http:\/\/griwkor.pl\/grfx\/_save.gif\" alt=\"\" \/><\/a><\/p><ul>Informacje Rossielchoznadzor&#8217;u dotycz\u0105ce wwozu do FR produkt\u00f3w z Polski:<li><a href=\"http:\/\/www.fsvps.ru\/fsvps\/importExport\/poland\/enterprises.html\" target=\"_blank\" rel=\"noopener\">Rejestr zak\u0142ad\u00f3w uprawnionych<\/a><\/li><li><a href=\"http:\/\/www.fsvps.ru\/fsvps\/importExport\/poland\/ivCertificates.html\" target=\"_blank\" rel=\"noopener\">\u015awiadectwa weterynaryjne<\/a><\/li><li><a href=\"http:\/\/www.fsvps.ru\/fsvps\/importExport\/poland\/ivRestrictions.html\" target=\"_blank\" rel=\"noopener\">Ograniczenia wwozu<\/a><\/li><\/ul><p><strong class=\"red\">Prze\u0142adunek towar\u00f3w<\/strong>\u00a0(z wyj\u0105tkiem \u015bwie\u017cego mi\u0119sa i surowych produkt\u00f3w mi\u0119snych) w posterunku granicznej kontroli weterynaryjnej w Terespolu-Kobylanach eksportowanych z Polski do Federacji Rosyjskiej\u00a0<a class=\"link9\" title=\"Kliknij, aby obejrze\u0107 plik w nowym oknie...\" href=\"http:\/\/griwkor.pl\/pl\/showfile.php?p=cGxpa2kvcHJ6ZWxhZHVuZWtfaW5zdHJ1a2NqYV9wa2dfdGVyZXNwb2wucGRm\"><img src=\"http:\/\/griwkor.pl\/grfx\/_pdf.gif\" border=\"0\" \/><\/a>\u00a0<a class=\"link9\" title=\"Kliknij aby pobra\u0107 plik (185.9 kB)\" href=\"http:\/\/griwkor.pl\/pl\/download.php?file=cGxpa2kvcHJ6ZWxhZHVuZWtfaW5zdHJ1a2NqYV9wa2dfdGVyZXNwb2wucGRm\"><img src=\"http:\/\/griwkor.pl\/grfx\/_save.gif\" alt=\"\" \/><\/a><\/p><p><strong class=\"red\">Embargo na towary pochodz\u0105ce z UE, USA, Kanady, Australii, Norwegii, Ukrainie, Albanii, Czarnog\u00f3rze, Islandii i Liechtensteinie. Od dnia 04.07.2017r.\u00a0<\/strong>postanowieniem Rz\u0105du Federacji Rosyjskiej wprowadza si\u0119 uchwa\u0142\u0119 nr 790, kt\u00f3ra wprowadza zmiany w uchwale nr 778 z 7.08.2014 r. Uchwa\u0142a nr 790 przed\u0142u\u017cy\u0142a obowi\u0105zywanie zakazu importu do RU szeregu artyku\u0142\u00f3w rolno-spo\u017cywczych do 31.12.2018 roku, ale nie zmieni\u0142a listy produkt\u00f3w obj\u0119tych zakazem oraz nie zmieni\u0142a listy kraj\u00f3w pochodzenia w\/w artyku\u0142\u00f3w rolno-spo\u017cywczych.\u00a0<br \/>Tekst uchwa\u0142y w j\u0119z. rosyjskim:\u00a0<a href=\"http:\/\/publication.pravo.gov.ru\/Document\/View\/0001201707050008\" target=\"_blank\" rel=\"noopener\">http:\/\/publication.pravo.gov.ru\/Document\/View\/0001201707050008<\/a><\/p><p><strong class=\"red\">Przed\u0142u\u017cenie embarga na eksport produkt\u00f3w do Rosji do dnia 31.12.2018 roku.\u00a0<\/strong>W dniu 30.06.2017 prezydent RU W. Putin, podpisa\u0142 dekret nr 293 dot. przed\u0142u\u017cenia obowi\u0105zywania tzw. &#8220;specjalnych \u015brodk\u00f3w gospodarczych&#8221; (embargo &#8211; tzw. &#8220;kontrsankcje&#8221;). Zgodnie z w\/w dekretem obowi\u0105zywanie zakazu importu do RU szeregu produkt\u00f3w spo\u017cywczych (wprowadzone dekretem nr 560 z dnia 6.08.2014 roku i nast\u0119pnie przed\u0142u\u017cane) zosta\u0142o po raz kolejny przed\u0142u\u017cone. Jednocze\u015bnie dekret przewiduje, \u017ce na wniosek rz\u0105du RU, mo\u017cliwa jest zmiany terminu obowi\u0105zywania w\/w zakazu.\u00a0<br \/>Tekst dekretu w j\u0119z. rosyjskim:\u00a0<a href=\"http:\/\/publication.pravo.gov.ru\/Document\/View\/0001201706300013\" target=\"_blank\" rel=\"noopener\">http:\/\/publication.pravo.gov.ru\/Document\/View\/0001201706300013<\/a><\/p><p>\u00a0<\/p>\t\t\t\t\t<\/div>\n\t\t\t\t\t\t<\/div>\n\t\t\t\t<\/div>\n\t\t\t\t\t\t<\/div>\n\t\t\t\t\t<\/div>\n\t\t<\/div>\n\t\t\t\t\t\t\t\t<\/div>\n\t\t\t\t\t<\/div>\n\t\t<\/section>\n\t\t\t\t<section class=\"elementor-section elementor-top-section elementor-element elementor-element-8436640 elementor-section-boxed elementor-section-height-default elementor-section-height-default\" data-id=\"8436640\" data-element_type=\"section\">\n\t\t\t\t\t\t<div class=\"elementor-container elementor-column-gap-default\">\n\t\t\t\t\t\t\t<div class=\"elementor-row\">\n\t\t\t\t\t<div class=\"elementor-column elementor-col-100 elementor-top-column elementor-element elementor-element-a6ff7bd\" data-id=\"a6ff7bd\" data-element_type=\"column\">\n\t\t\t<div class=\"elementor-column-wrap elementor-element-populated\">\n\t\t\t\t\t\t\t<div class=\"elementor-widget-wrap\">\n\t\t\t\t\t\t<div class=\"elementor-element elementor-element-22cc14e elementor-widget elementor-widget-heading\" data-id=\"22cc14e\" data-element_type=\"widget\" data-widget_type=\"heading.default\">\n\t\t\t\t<div class=\"elementor-widget-container\">\n\t\t\t<h2 class=\"elementor-heading-title elementor-size-default\">UNIA CELNA - REPUBLIKA BIA\u0141ORU\u015a - REPUBLIKA KAZACHSTAN - FEDERACJA ROSYJSKA<\/h2>\t\t<\/div>\n\t\t\t\t<\/div>\n\t\t\t\t<div class=\"elementor-element elementor-element-9185ea1 elementor-widget elementor-widget-text-editor\" data-id=\"9185ea1\" data-element_type=\"widget\" data-widget_type=\"text-editor.default\">\n\t\t\t\t<div class=\"elementor-widget-container\">\n\t\t\t\t\t\t\t\t<div class=\"elementor-text-editor elementor-clearfix\">\n\t\t\t\t<ul><li>WSP\u00d3LNE WYMOGI WETERYNARYJNE WETERYNARYJNO &#8211; SANITARNE, odnosz\u0105ce si\u0119 do towar\u00f3w podlegaj\u0105cych kontroli weterynaryjnej (nadzorowi)\u00a0<img src=\"http:\/\/griwkor.pl\/grfx\/_doc.gif\" alt=\"Plik typu doc\" border=\"0\" \/>\u00a0<a class=\"link9\" title=\"Kliknij aby pobra\u0107 plik (529.4 kB)\" href=\"http:\/\/griwkor.pl\/pl\/download.php?file=cGxpa2kvdW5pYV9jZWxuYV93eW1hZ2FuaWEtd2V0ZXJ5bmFyeWpuZS16ZS16bWlhbmFtaS5kb2M=\"><img src=\"http:\/\/griwkor.pl\/grfx\/_save.gif\" alt=\"\" \/><\/a><br \/><br \/><\/li><li>PRZEPISY dotycz\u0105ce Jednolitego trybu prowadzenia wsp\u00f3lnych kontroli obiekt\u00f3w oraz pobierania pr\u00f3bek towar\u00f3w (produkt\u00f3w) podlegaj\u0105cych kontroli weterynaryjnej (nadzorowi)\u00a0<img src=\"http:\/\/griwkor.pl\/grfx\/_doc.gif\" alt=\"Plik typu doc\" border=\"0\" \/>\u00a0<a class=\"link9\" title=\"Kliknij aby pobra\u0107 plik (195.5 kB)\" href=\"http:\/\/griwkor.pl\/pl\/download.php?file=cGxpa2kvdW5pYV9jZWxuYV90cnliLXByemVwcm93YWR6YW5pYS13c3BvbG55Y2gta29udHJvbGkuZG9j\"><img src=\"http:\/\/griwkor.pl\/grfx\/_save.gif\" alt=\"\" \/><\/a><br \/><br \/><\/li><li>PRZEPISY dotycz\u0105ce Jednolitego trybu przeprowadzenia kontroli weterynaryjnej na granicy celnej Unii Celnej oraz na terytorium celnym Unii Celnej\u00a0<img src=\"http:\/\/griwkor.pl\/grfx\/_doc.gif\" alt=\"Plik typu doc\" border=\"0\" \/>\u00a0<a class=\"link9\" title=\"Kliknij aby pobra\u0107 plik (288.8 kB)\" href=\"http:\/\/griwkor.pl\/pl\/download.php?file=cGxpa2kvdW5pYV9jZWxuYV9rb250cm9sYS1ncmFuaWNlLmRvYw==\"><img src=\"http:\/\/griwkor.pl\/grfx\/_save.gif\" alt=\"\" \/><\/a><br \/><br \/><\/li><li><a href=\"http:\/\/www.tsouz.ru\/DB\/TECHREGULATION\/PP\/Pages\/default.aspx\" target=\"_blank\" rel=\"noopener\">Wykaz przej\u015b\u0107 granicznych UC z kontrol\u0105 weterynaryjn\u0105<\/a><\/li><\/ul><p>\u00a0<\/p><p><strong class=\"red\">ZAKAZ TRANZYTU PRZEZ TERYTORIUM BIA\u0141ORUSI.<\/strong>\u00a0<br \/>Od 30.11.2014 Rosjazakazuje tranzytu przez terytorium Republiki Bia\u0142orusi towar\u00f3w obj\u0119tych postanowieniem Rz\u0105du Federacji Rosyjskiej\u00a0<a href=\"http:\/\/publication.pravo.gov.ru\/Document\/View\/0001201408070021?index=0&amp;rangeSize=1&amp;back=False\" target=\"_blank\" rel=\"noopener\">nr 778 z dnia 7.08.2014 roku<\/a>\u00a0w celu wykonania Dekretu Prezydenta Federacji Rosyjskiej z dnia 6.08.2014 r. nr 560 &#8220;W sprawie stosowania niekt\u00f3rych specjalnych \u015brodk\u00f3w gospodarczych w celu zapewnienia bezpiecze\u0144stwa Federacji Rosyjskiej&#8221;. Zakaz obejmuje towary wwo\u017cone do Rosji lub przewo\u017cone do innych kraj\u00f3w trzecich przez Rosj\u0119.\u00a0<br \/><a href=\"http:\/\/www.fsvps.ru\/fsvps\/news\/11750.html\" target=\"_blank\" rel=\"noopener\">http:\/\/www.fsvps.ru\/fsvps\/news\/11750.html<\/a><\/p>\t\t\t\t\t<\/div>\n\t\t\t\t\t\t<\/div>\n\t\t\t\t<\/div>\n\t\t\t\t\t\t<\/div>\n\t\t\t\t\t<\/div>\n\t\t<\/div>\n\t\t\t\t\t\t\t\t<\/div>\n\t\t\t\t\t<\/div>\n\t\t<\/section>\n\t\t\t\t\t\t\t\t\t<\/div>\n\t\t\t<\/div>\n\t\t\t\t\t<\/div>\n\t\t","protected":false},"excerpt":{"rendered":"<p>EKSPORT Z POLSKI DO ROSJI Schemat wwozu do Federacji Rosyjskiej importowanego mi\u0119sa i surowca mi\u0119snego z kraj\u00f3w Europy od 1 marca 2010 roku Od dn.01.03.2010 przesy\u0142ki mi\u0119sa i surowych produkt\u00f3w mi\u0119snych, wysy\u0142ane z kraj\u00f3w WE (poza Litw\u0105, Estoni\u0105, \u0141otw\u0105, Szwecj\u0105, Finlandi\u0105 i Norwegi\u0105) do&nbsp;p\u00f3\u0142nocno -zachodniego okr\u0119gu federalnego Rosyjskiej Federacji, nie powinny przekracza\u0107 granicy przez przej\u015bcie [&hellip;]<\/p>\n","protected":false},"author":1,"featured_media":0,"parent":0,"menu_order":0,"comment_status":"closed","ping_status":"closed","template":"elementor_header_footer","meta":[],"_links":{"self":[{"href":"http:\/\/griwkor.pl\/2019\/en\/wp-json\/wp\/v2\/pages\/400\/"}],"collection":[{"href":"http:\/\/griwkor.pl\/2019\/en\/wp-json\/wp\/v2\/pages\/"}],"about":[{"href":"http:\/\/griwkor.pl\/2019\/en\/wp-json\/wp\/v2\/types\/page\/"}],"author":[{"embeddable":true,"href":"http:\/\/griwkor.pl\/2019\/en\/wp-json\/wp\/v2\/users\/1\/"}],"replies":[{"embeddable":true,"href":"http:\/\/griwkor.pl\/2019\/en\/wp-json\/wp\/v2\/comments\/?post=400"}],"version-history":[{"count":10,"href":"http:\/\/griwkor.pl\/2019\/en\/wp-json\/wp\/v2\/pages\/400\/revisions\/"}],"predecessor-version":[{"id":1536,"href":"http:\/\/griwkor.pl\/2019\/en\/wp-json\/wp\/v2\/pages\/400\/revisions\/1536\/"}],"wp:attachment":[{"href":"http:\/\/griwkor.pl\/2019\/en\/wp-json\/wp\/v2\/media\/?parent=400"}],"curies":[{"name":"wp","href":"https:\/\/api.w.org\/{rel}","templated":true}]}}