{"id":1366,"date":"2019-04-23T12:58:22","date_gmt":"2019-04-23T12:58:22","guid":{"rendered":"http:\/\/griwkor.pl\/2019\/pkg-hrubieszow\/"},"modified":"2021-04-19T05:54:43","modified_gmt":"2021-04-19T05:54:43","slug":"%d0%bf%d0%bf%d0%ba-%d1%85%d1%80%d1%83%d0%b1%d0%b5%d1%88%d1%83%d0%b2","status":"publish","type":"page","link":"http:\/\/griwkor.pl\/2019\/ru\/%d0%bf%d0%bf%d0%ba-%d1%85%d1%80%d1%83%d0%b1%d0%b5%d1%88%d1%83%d0%b2\/","title":{"rendered":"\u041f\u041f\u041a \u0425\u0440\u0443\u0431\u0435\u0448\u0443\u0432"},"content":{"rendered":"\t\t<div data-elementor-type=\"wp-post\" data-elementor-id=\"1366\" class=\"elementor elementor-1366\">\n\t\t\t\t\t\t<div class=\"elementor-inner\">\n\t\t\t\t<div class=\"elementor-section-wrap\">\n\t\t\t\t\t\t\t\t\t<section class=\"elementor-section elementor-top-section elementor-element elementor-element-f9f5d2d elementor-section-full_width elementor-section-height-default elementor-section-height-default\" data-id=\"f9f5d2d\" data-element_type=\"section\">\n\t\t\t\t\t\t<div class=\"elementor-container elementor-column-gap-no\">\n\t\t\t\t\t\t\t<div class=\"elementor-row\">\n\t\t\t\t\t<div class=\"elementor-column elementor-col-50 elementor-top-column elementor-element elementor-element-82b2093\" data-id=\"82b2093\" data-element_type=\"column\" data-settings=\"{&quot;background_background&quot;:&quot;classic&quot;}\">\n\t\t\t<div class=\"elementor-column-wrap\">\n\t\t\t\t\t\t\t<div class=\"elementor-widget-wrap\">\n\t\t\t\t\t\t\t\t<\/div>\n\t\t\t\t\t<\/div>\n\t\t<\/div>\n\t\t\t\t<div class=\"elementor-column elementor-col-50 elementor-top-column elementor-element elementor-element-5fdb31e\" data-id=\"5fdb31e\" data-element_type=\"column\">\n\t\t\t<div class=\"elementor-column-wrap elementor-element-populated\">\n\t\t\t\t\t\t\t<div class=\"elementor-widget-wrap\">\n\t\t\t\t\t\t<div class=\"elementor-element elementor-element-5336db4 elementor-widget elementor-widget-text-editor\" data-id=\"5336db4\" data-element_type=\"widget\" data-widget_type=\"text-editor.default\">\n\t\t\t\t<div class=\"elementor-widget-container\">\n\t\t\t\t\t\t\t\t<div class=\"elementor-text-editor elementor-clearfix\">\n\t\t\t\t<p>\u041f\u043e\u0441\u0442 \u043f\u043e\u0433\u0440\u0430\u043d\u0438\u0447\u043d\u043e\u0433\u043e \u0432\u0435\u0442\u0435\u0440\u0438\u043d\u0430\u0440\u043d\u043e\u0433\u043e \u043a\u043e\u043d\u0442\u0440\u043e\u043b\u044f \u0432 \u0425\u0440\u0443\u0431\u0435\u0448\u043e\u0432\u0435 \u0440\u0430\u0431\u043e\u0442\u0430\u0435\u0442 \u043d\u0430 \u041f\u043e\u0433\u0440\u0430\u043d\u0438\u0447\u043d\u043e\u043c \u0436\u0435\u043b\u0435\u0437\u043d\u043e\u0434\u043e\u0440\u043e\u0436\u043d\u043e\u043c \u0442\u043e\u0432\u0430\u0440\u043d\u043e\u043c \u043f\u0435\u0440\u0435\u0445\u043e\u0434\u043d\u043e\u043c \u043f\u0443\u043d\u043a\u0442\u0435 \u0425\u0440\u0443\u0431\u0435\u0448\u0443\u0432 (PL) \u2013 \u0412\u043b\u0430\u0434\u0438\u043c\u0438\u0440-\u0412\u043e\u043b\u044b\u043d\u0441\u043a\u0438\u0439 (UA) \u043d\u0430 \u043f\u043e\u043b\u044c\u0441\u043a\u043e-\u0443\u043a\u0440\u0430\u0438\u043d\u0441\u043a\u043e\u0439 \u0433\u0440\u0430\u043d\u0438\u0446\u0435.<\/p><p>\u041f\u043e\u0441\u0442 \u0443\u0442\u0432\u0435\u0440\u0436\u0434\u0435\u043d\u043d\u044b\u0439 \u043a \u043a\u043e\u043d\u0442\u0440\u043e\u043b\u044e:<\/p>\t\t\t\t\t<\/div>\n\t\t\t\t\t\t<\/div>\n\t\t\t\t<\/div>\n\t\t\t\t<div class=\"elementor-element elementor-element-8826f83 elementor-icon-list--layout-inline elementor-align-left elementor-list-item-link-full_width elementor-widget elementor-widget-icon-list\" data-id=\"8826f83\" data-element_type=\"widget\" data-widget_type=\"icon-list.default\">\n\t\t\t\t<div class=\"elementor-widget-container\">\n\t\t\t\t\t<ul class=\"elementor-icon-list-items elementor-inline-items\">\n\t\t\t\t\t\t\t<li class=\"elementor-icon-list-item elementor-inline-item\">\n\t\t\t\t\t\t\t\t\t\t\t<span class=\"elementor-icon-list-icon\">\n\t\t\t\t\t\t\t<i aria-hidden=\"true\" class=\"fas fa-angle-double-right\"><\/i>\t\t\t\t\t\t<\/span>\n\t\t\t\t\t\t\t\t\t\t<span class=\"elementor-icon-list-text\">\u043a\u043e\u0440\u043c\u043e\u0432 \u043d\u0435\u0437\u0430\u043a\u043b\u044e\u0447\u0430\u044e\u0449\u0438\u0445 \u0442\u043a\u0430\u043d\u0435\u0439 \u0436\u0438\u0432\u043e\u0442\u043d\u043e\u0433\u043e \u043f\u0440\u043e\u0438\u0441\u0445\u043e\u0436\u0434\u0435\u043d\u0438\u044f: \u0432\u0432\u043e\u0437, \u043e\u0442\u044a\u0435\u0437\u0434 \u0442\u043e\u043b\u044c\u043a\u043e \u0442\u0440\u0430\u043d\u0437\u0438\u0442<\/span>\n\t\t\t\t\t\t\t\t\t<\/li>\n\t\t\t\t\t\t<\/ul>\n\t\t\t\t<\/div>\n\t\t\t\t<\/div>\n\t\t\t\t<div class=\"elementor-element elementor-element-5b3ee71 elementor-widget elementor-widget-text-editor\" data-id=\"5b3ee71\" data-element_type=\"widget\" data-widget_type=\"text-editor.default\">\n\t\t\t\t<div class=\"elementor-widget-container\">\n\t\t\t\t\t\t\t\t<div class=\"elementor-text-editor elementor-clearfix\">\n\t\t\t\t<p>\u0412\u043d\u0438\u043c\u0430\u043d\u0438\u0435: \u0421\u043e\u043b\u043e\u043c\u0430 \u0438 \u0441\u0435\u043d\u043e \u043f\u0440\u0438\u043d\u044f\u0442\u043e\u0435 \u043a\u043e\u0434\u0430\u043c\u0438 CN 1213 \u0438 1214 \u043d\u0435 \u043c\u043e\u0433\u0443\u0442 \u0431\u044b\u0442\u044c \u043a\u043e\u043d\u0442\u0440\u043e\u043b\u0438\u0440\u043e\u0432\u0430\u043d\u043d\u044b\u0435 \u0432 \u044d\u0442\u043e\u043c \u043f\u043e\u0441\u0442\u0435, \u043f\u043e\u0442\u043e\u043c\u0443 \u0447\u0442\u043e \u043e\u043d\u0438 \u043e\u0431\u043d\u044f\u0442\u044b \u0418\u0441\u043f\u043e\u043b\u043d\u0438\u0442\u0435\u043b\u044c\u043d\u044b\u043c \u0420\u0435\u0448\u0435\u043d\u0438\u0435\u043c \u041a\u043e\u043c\u0438\u0441\u0441\u0438\u0438 \u043e\u0442 21 \u0434\u0435\u043a\u0430\u0431\u0440\u044f 2011\u0433. \u0438\u0437\u043c\u0435\u043d\u044f\u044e\u0449\u0438\u043c \u043f\u0440\u0438\u043b\u043e\u0436\u0435\u043d\u0438\u0435 \u0438 \u043a \u0440\u0435\u0448\u0435\u043d\u0438\u044e 2007\/275\/\u0415\u0421 \u043a\u0430\u0441\u0430\u044e\u0449\u0435\u043c\u0443\u0441\u044f \u043f\u0435\u0440\u0435\u0447\u043d\u044f \u0436\u0438\u0432\u043e\u0442\u043d\u044b\u0445 \u0438 \u043f\u0440\u043e\u0434\u0443\u043a\u0442\u043e\u0432 \u0438\u043c\u0435\u044e\u0449\u0438\u0445 \u043f\u043e\u0434\u0432\u0435\u0440\u0433\u0430\u0442\u044c\u0441\u044f \u043a\u043e\u043d\u0442\u0440\u043e\u043b\u044e \u0432 \u0442\u043e\u0447\u043a\u0430\u0445 \u043f\u043e\u0433\u0440\u0430\u043d\u0438\u0447\u043d\u043e\u0433\u043e \u043a\u043e\u043d\u0442\u0440\u043e\u043b\u044f \u043d\u0430 \u0441\u0438\u043b\u0435 \u0434\u0438\u0440\u0435\u043a\u0442\u0438\u0432 \u0421\u043e\u0432\u0435\u0442\u0430 91\/496\/\u0415\u042d\u0421 \u0438 97\/78\/\u0415\u0421).<br \/><br \/>\u0421\u043e\u043b\u043e\u043c\u0430 \u0438 \u0441\u0435\u043d\u043e \u043c\u043e\u0433\u0443\u0442 \u0431\u044b\u0442\u044c \u043a\u043e\u043d\u0442\u0440\u043e\u043b\u0438\u0440\u043e\u0432\u0430\u043d\u043d\u044b \u0438\u0441\u043a\u043b\u044e\u0447\u0438\u0442\u0435\u043b\u044c\u043d\u043e \u0432 \u043f\u043e\u0441\u0442\u0430\u0445 \u043f\u043e\u0433\u0440\u0430\u043d\u0438\u0447\u043d\u043e\u0433\u043e \u0432\u0435\u0442\u0435\u0440\u0438\u043d\u0430\u0440\u043d\u043e\u0433\u043e \u043a\u043e\u043d\u0442\u0440\u043e\u043b\u044f \u0443\u0442\u0432\u0435\u0440\u0436\u0434\u0435\u043d\u043d\u044b\u0445 \u0415\u0432\u0440\u043e\u043a\u043e\u043c\u0438\u0441\u0441\u0438\u0435\u0439 \u0432 \u043a\u0430\u0442\u0435\u0433\u043e\u0440\u0438\u0438 NHC (NT)<\/p>\t\t\t\t\t<\/div>\n\t\t\t\t\t\t<\/div>\n\t\t\t\t<\/div>\n\t\t\t\t<div class=\"elementor-element elementor-element-631f7b8 elementor-widget elementor-widget-text-editor\" data-id=\"631f7b8\" data-element_type=\"widget\" data-widget_type=\"text-editor.default\">\n\t\t\t\t<div class=\"elementor-widget-container\">\n\t\t\t\t\t\t\t\t<div class=\"elementor-text-editor elementor-clearfix\">\n\t\t\t\t<p><strong>\u0410\u0434\u0440\u0435\u0441:<\/strong><\/p><p>\u041f\u043e\u0433\u0440\u0430\u043d\u0438\u0447\u043d\u0430\u044f \u0432\u0435\u0442\u0435\u0440\u0438\u043d\u0430\u0440\u043d\u0430\u044f \u0438\u043d\u0441\u043f\u0435\u043a\u0446\u0438\u044f \u0432 \u041a\u043e\u0440\u043e\u0449\u0438\u043d\u0435<br \/>\u041f\u043e\u0441\u0442 \u043f\u043e\u0433\u0440\u0430\u043d\u0438\u0447\u043d\u043e\u0433\u043e \u043a\u043e\u043d\u0442\u0440\u043e\u043b\u044f \u0432 \u0413\u0440\u0443\u0431\u0435\u0448\u043e\u0432\u0435<br \/>\u0443\u043b. \u041d\u043e\u0432\u0430\u044f 106<br \/>22-500 \u0413\u0440\u0443\u0431\u0435\u0448\u0443\u0432<\/p><p><strong>\u0422\u0435\u043b\u0435\u0444\u043e\u043d:<\/strong><br \/>+48 846 965 479<br \/>+48 783 923 330<\/p><p><strong>\u0424\u0430\u043a\u0441:<\/strong><br \/>+48 846 965 479<\/p><p><strong>\u0420\u0430\u0431\u043e\u0447\u0435\u0435 \u0432\u0440\u0435\u043c\u044f:<\/strong><br \/>8:00 &#8211; 20:00<\/p><p><strong>\u041f\u0440\u0438\u043b\u043e\u0436\u0435\u043d\u0438\u0435 \u0434\u043b\u044f \u043a\u043e\u043d\u0442\u0440\u043e\u043b\u044f:<\/strong><br \/>\u041f\u043e\u0433\u0440\u0430\u043d\u0438\u0447\u043d\u043e\u043c\u0443 \u0432\u0435\u0442\u0435\u0440\u0438\u043d\u0430\u0440\u043d\u043e\u043c\u0443 \u043a\u043e\u043d\u0442\u0440\u043e\u043b\u044e \u043f\u0440\u0435\u0434\u0448\u0435\u0441\u0442\u0432\u0443\u0435\u0442 \u043f\u0440\u0438\u043b\u043e\u0436\u0435\u043d\u0438\u0435 \u0434\u043b\u044f \u043a\u043e\u043d\u0442\u0440\u043e\u043b\u044f \u0432 \u0441\u043e\u043e\u0442\u0432\u0435\u0442\u0441\u0442\u0432\u0443\u044e\u0449\u0435\u0439 \u0434\u043e\u043a\u0443\u043c\u0435\u043d\u0442\u0430\u0446\u0438\u0438 \u0432 \u043f\u043e\u0441\u0442\u0435 \u043f\u043e\u0433\u0440\u0430\u043d\u0438\u0447\u043d\u043e\u0433\u043e \u043a\u043e\u043d\u0442\u0440\u043e\u043b\u044f \u043b\u0438\u0446\u043e\u043c, \u043e\u0442\u0432\u0435\u0442\u0441\u0442\u0432\u0435\u043d\u043d\u043e\u043c \u0437\u0430 \u0433\u0440\u0443\u0437 \u0438\u043b\u0438 \u0435\u0433\u043e \u043f\u0440\u0435\u0434\u0441\u0442\u0430\u0432\u0438\u0442\u0435\u043b\u0435\u043c.<\/p><p>\u041f\u043e\u0441\u043c\u043e\u0442\u0440\u0438\u0442\u0435 \u043d\u0430 \u043a\u0430\u0440\u0442\u0443<\/p>\t\t\t\t\t<\/div>\n\t\t\t\t\t\t<\/div>\n\t\t\t\t<\/div>\n\t\t\t\t\t\t<\/div>\n\t\t\t\t\t<\/div>\n\t\t<\/div>\n\t\t\t\t\t\t\t\t<\/div>\n\t\t\t\t\t<\/div>\n\t\t<\/section>\n\t\t\t\t<section class=\"elementor-section elementor-top-section elementor-element elementor-element-833a38b elementor-section-full_width elementor-section-height-default elementor-section-height-default\" data-id=\"833a38b\" data-element_type=\"section\">\n\t\t\t\t\t\t<div class=\"elementor-container elementor-column-gap-no\">\n\t\t\t\t\t\t\t<div class=\"elementor-row\">\n\t\t\t\t\t<div class=\"elementor-column elementor-col-50 elementor-top-column elementor-element elementor-element-c4491ad\" data-id=\"c4491ad\" data-element_type=\"column\" data-settings=\"{&quot;background_background&quot;:&quot;classic&quot;}\">\n\t\t\t<div class=\"elementor-column-wrap\">\n\t\t\t\t\t\t\t<div class=\"elementor-widget-wrap\">\n\t\t\t\t\t\t\t\t<\/div>\n\t\t\t\t\t<\/div>\n\t\t<\/div>\n\t\t\t\t<div class=\"elementor-column elementor-col-50 elementor-top-column elementor-element elementor-element-634d524\" data-id=\"634d524\" data-element_type=\"column\" data-settings=\"{&quot;background_background&quot;:&quot;classic&quot;}\">\n\t\t\t<div class=\"elementor-column-wrap elementor-element-populated\">\n\t\t\t\t\t\t\t<div class=\"elementor-widget-wrap\">\n\t\t\t\t\t\t<div class=\"elementor-element elementor-element-66c5138 elementor-widget elementor-widget-google_maps\" data-id=\"66c5138\" data-element_type=\"widget\" data-widget_type=\"google_maps.default\">\n\t\t\t\t<div class=\"elementor-widget-container\">\n\t\t\t\t\t<div class=\"elementor-custom-embed\">\n\t\t\t<iframe frameborder=\"0\" scrolling=\"no\" marginheight=\"0\" marginwidth=\"0\"\n\t\t\t\t\tsrc=\"https:\/\/maps.google.com\/maps?q=Urz%C4%85d%20Celny%20w%20Zamo%C5%9Bciu%20-%20Oddzia%C5%82%20Celny%20w%20Hrubieszowie%2C%20Nowa%20100%2C%2022-500%20Hrubiesz%C3%B3w%20&#038;t=m&#038;z=10&#038;output=embed&#038;iwloc=near\"\n\t\t\t\t\ttitle=\"Urz\u0105d Celny w Zamo\u015bciu - Oddzia\u0142 Celny w Hrubieszowie, Nowa 100, 22-500 Hrubiesz\u00f3w \"\n\t\t\t\t\taria-label=\"Urz\u0105d Celny w Zamo\u015bciu - Oddzia\u0142 Celny w Hrubieszowie, Nowa 100, 22-500 Hrubiesz\u00f3w \"\n\t\t\t><\/iframe>\n\t\t<\/div>\n\t\t\t\t<\/div>\n\t\t\t\t<\/div>\n\t\t\t\t\t\t<\/div>\n\t\t\t\t\t<\/div>\n\t\t<\/div>\n\t\t\t\t\t\t\t\t<\/div>\n\t\t\t\t\t<\/div>\n\t\t<\/section>\n\t\t\t\t\t\t\t\t\t<\/div>\n\t\t\t<\/div>\n\t\t\t\t\t<\/div>\n\t\t","protected":false},"excerpt":{"rendered":"<p>\u041f\u043e\u0441\u0442 \u043f\u043e\u0433\u0440\u0430\u043d\u0438\u0447\u043d\u043e\u0433\u043e \u0432\u0435\u0442\u0435\u0440\u0438\u043d\u0430\u0440\u043d\u043e\u0433\u043e \u043a\u043e\u043d\u0442\u0440\u043e\u043b\u044f \u0432 \u0425\u0440\u0443\u0431\u0435\u0448\u043e\u0432\u0435 \u0440\u0430\u0431\u043e\u0442\u0430\u0435\u0442 \u043d\u0430 \u041f\u043e\u0433\u0440\u0430\u043d\u0438\u0447\u043d\u043e\u043c \u0436\u0435\u043b\u0435\u0437\u043d\u043e\u0434\u043e\u0440\u043e\u0436\u043d\u043e\u043c \u0442\u043e\u0432\u0430\u0440\u043d\u043e\u043c \u043f\u0435\u0440\u0435\u0445\u043e\u0434\u043d\u043e\u043c \u043f\u0443\u043d\u043a\u0442\u0435 \u0425\u0440\u0443\u0431\u0435\u0448\u0443\u0432 (PL) \u2013 \u0412\u043b\u0430\u0434\u0438\u043c\u0438\u0440-\u0412\u043e\u043b\u044b\u043d\u0441\u043a\u0438\u0439 (UA) \u043d\u0430 \u043f\u043e\u043b\u044c\u0441\u043a\u043e-\u0443\u043a\u0440\u0430\u0438\u043d\u0441\u043a\u043e\u0439 \u0433\u0440\u0430\u043d\u0438\u0446\u0435. \u041f\u043e\u0441\u0442 \u0443\u0442\u0432\u0435\u0440\u0436\u0434\u0435\u043d\u043d\u044b\u0439 \u043a \u043a\u043e\u043d\u0442\u0440\u043e\u043b\u044e: \u043a\u043e\u0440\u043c\u043e\u0432 \u043d\u0435\u0437\u0430\u043a\u043b\u044e\u0447\u0430\u044e\u0449\u0438\u0445 \u0442\u043a\u0430\u043d\u0435\u0439 \u0436\u0438\u0432\u043e\u0442\u043d\u043e\u0433\u043e \u043f\u0440\u043e\u0438\u0441\u0445\u043e\u0436\u0434\u0435\u043d\u0438\u044f: \u0432\u0432\u043e\u0437, \u043e\u0442\u044a\u0435\u0437\u0434 \u0442\u043e\u043b\u044c\u043a\u043e \u0442\u0440\u0430\u043d\u0437\u0438\u0442 \u0412\u043d\u0438\u043c\u0430\u043d\u0438\u0435: \u0421\u043e\u043b\u043e\u043c\u0430 \u0438 \u0441\u0435\u043d\u043e \u043f\u0440\u0438\u043d\u044f\u0442\u043e\u0435 \u043a\u043e\u0434\u0430\u043c\u0438 CN 1213 \u0438 1214 \u043d\u0435 \u043c\u043e\u0433\u0443\u0442 \u0431\u044b\u0442\u044c \u043a\u043e\u043d\u0442\u0440\u043e\u043b\u0438\u0440\u043e\u0432\u0430\u043d\u043d\u044b\u0435 \u0432 \u044d\u0442\u043e\u043c \u043f\u043e\u0441\u0442\u0435, \u043f\u043e\u0442\u043e\u043c\u0443 \u0447\u0442\u043e \u043e\u043d\u0438 \u043e\u0431\u043d\u044f\u0442\u044b [&hellip;]<\/p>\n","protected":false},"author":2,"featured_media":0,"parent":0,"menu_order":0,"comment_status":"closed","ping_status":"closed","template":"elementor_header_footer","meta":[],"_links":{"self":[{"href":"http:\/\/griwkor.pl\/2019\/ru\/wp-json\/wp\/v2\/pages\/1366\/"}],"collection":[{"href":"http:\/\/griwkor.pl\/2019\/ru\/wp-json\/wp\/v2\/pages\/"}],"about":[{"href":"http:\/\/griwkor.pl\/2019\/ru\/wp-json\/wp\/v2\/types\/page\/"}],"author":[{"embeddable":true,"href":"http:\/\/griwkor.pl\/2019\/ru\/wp-json\/wp\/v2\/users\/2\/"}],"replies":[{"embeddable":true,"href":"http:\/\/griwkor.pl\/2019\/ru\/wp-json\/wp\/v2\/comments\/?post=1366"}],"version-history":[{"count":12,"href":"http:\/\/griwkor.pl\/2019\/ru\/wp-json\/wp\/v2\/pages\/1366\/revisions\/"}],"predecessor-version":[{"id":6404,"href":"http:\/\/griwkor.pl\/2019\/ru\/wp-json\/wp\/v2\/pages\/1366\/revisions\/6404\/"}],"wp:attachment":[{"href":"http:\/\/griwkor.pl\/2019\/ru\/wp-json\/wp\/v2\/media\/?parent=1366"}],"curies":[{"name":"wp","href":"https:\/\/api.w.org\/{rel}","templated":true}]}}