{"id":393,"date":"2019-04-03T08:43:45","date_gmt":"2019-04-03T08:43:45","guid":{"rendered":"http:\/\/griwkor.pl\/2019\/choroby-zakazne\/"},"modified":"2020-10-22T15:20:03","modified_gmt":"2020-10-22T15:20:03","slug":"%d0%b8%d0%bd%d1%84%d0%b5%d0%ba%d1%86%d0%b8%d0%be%d0%bd%d0%bd%d1%8b%d0%b5-%d0%b7%d0%b0%d0%b1%d0%be%d0%bb%d0%b5%d0%b2%d0%b0%d0%bd%d0%b8%d1%8f","status":"publish","type":"page","link":"http:\/\/griwkor.pl\/2019\/ru\/%d0%b8%d0%bd%d1%84%d0%b5%d0%ba%d1%86%d0%b8%d0%be%d0%bd%d0%bd%d1%8b%d0%b5-%d0%b7%d0%b0%d0%b1%d0%be%d0%bb%d0%b5%d0%b2%d0%b0%d0%bd%d0%b8%d1%8f\/","title":{"rendered":"\u0438\u043d\u0444\u0435\u043a\u0446\u0438\u043e\u043d\u043d\u044b\u0435 \u0437\u0430\u0431\u043e\u043b\u0435\u0432\u0430\u043d\u0438\u044f"},"content":{"rendered":"\t\t<div data-elementor-type=\"wp-post\" data-elementor-id=\"393\" class=\"elementor elementor-393\">\n\t\t\t\t\t\t<div class=\"elementor-inner\">\n\t\t\t\t<div class=\"elementor-section-wrap\">\n\t\t\t\t\t\t\t\t\t<section class=\"elementor-section elementor-top-section elementor-element elementor-element-65e3423 elementor-section-boxed elementor-section-height-default elementor-section-height-default\" data-id=\"65e3423\" data-element_type=\"section\">\n\t\t\t\t\t\t<div class=\"elementor-container elementor-column-gap-no\">\n\t\t\t\t\t\t\t<div class=\"elementor-row\">\n\t\t\t\t\t<div class=\"elementor-column elementor-col-100 elementor-top-column elementor-element elementor-element-8a2817c\" data-id=\"8a2817c\" data-element_type=\"column\">\n\t\t\t<div class=\"elementor-column-wrap elementor-element-populated\">\n\t\t\t\t\t\t\t<div class=\"elementor-widget-wrap\">\n\t\t\t\t\t\t<div class=\"elementor-element elementor-element-a719f70 elementor-widget elementor-widget-spacer\" data-id=\"a719f70\" data-element_type=\"widget\" data-widget_type=\"spacer.default\">\n\t\t\t\t<div class=\"elementor-widget-container\">\n\t\t\t\t\t<div class=\"elementor-spacer\">\n\t\t\t<div class=\"elementor-spacer-inner\"><\/div>\n\t\t<\/div>\n\t\t\t\t<\/div>\n\t\t\t\t<\/div>\n\t\t\t\t<div class=\"elementor-element elementor-element-ca9d63f elementor-widget elementor-widget-spacer\" data-id=\"ca9d63f\" data-element_type=\"widget\" data-widget_type=\"spacer.default\">\n\t\t\t\t<div class=\"elementor-widget-container\">\n\t\t\t\t\t<div class=\"elementor-spacer\">\n\t\t\t<div class=\"elementor-spacer-inner\"><\/div>\n\t\t<\/div>\n\t\t\t\t<\/div>\n\t\t\t\t<\/div>\n\t\t\t\t<div class=\"elementor-element elementor-element-1ae1a08 elementor-widget elementor-widget-heading\" data-id=\"1ae1a08\" data-element_type=\"widget\" data-widget_type=\"heading.default\">\n\t\t\t\t<div class=\"elementor-widget-container\">\n\t\t\t<h2 class=\"elementor-heading-title elementor-size-default\">\u0411\u041e\u0420\u042c\u0411\u0410 \u0421 \u0411\u041e\u041b\u0415\u0417\u041d\u042f\u041c\u0418 \u0416\u0418\u0412\u041e\u0422\u041d\u042b\u0425<\/h2>\t\t<\/div>\n\t\t\t\t<\/div>\n\t\t\t\t<div class=\"elementor-element elementor-element-d33c4c1 elementor-icon-list--layout-inline elementor-align-left elementor-list-item-link-full_width elementor-widget elementor-widget-icon-list\" data-id=\"d33c4c1\" data-element_type=\"widget\" data-widget_type=\"icon-list.default\">\n\t\t\t\t<div class=\"elementor-widget-container\">\n\t\t\t\t\t<ul class=\"elementor-icon-list-items elementor-inline-items\">\n\t\t\t\t\t\t\t<li class=\"elementor-icon-list-item elementor-inline-item\">\n\t\t\t\t\t\t\t\t\t\t\t<a href=\"http:\/\/www.oie.int\/en\/animal-health-in-the-world\/oie-listed-diseases-2019\/\">\n\n\t\t\t\t\t\t\t\t\t\t\t\t<span class=\"elementor-icon-list-icon\">\n\t\t\t\t\t\t\t<i aria-hidden=\"true\" class=\"fab fa-internet-explorer\"><\/i>\t\t\t\t\t\t<\/span>\n\t\t\t\t\t\t\t\t\t\t<span class=\"elementor-icon-list-text\">\u0421\u043f\u0438\u0441\u043e\u043a \u0437\u0430\u0431\u043e\u043b\u0435\u0432\u0430\u043d\u0438\u0439 \u0438\u0437 \u0441\u043f\u0438\u0441\u043a\u0430 \u041c\u042d\u0411<\/span>\n\t\t\t\t\t\t\t\t\t\t\t<\/a>\n\t\t\t\t\t\t\t\t\t<\/li>\n\t\t\t\t\t\t<\/ul>\n\t\t\t\t<\/div>\n\t\t\t\t<\/div>\n\t\t\t\t<div class=\"elementor-element elementor-element-df85842 elementor-icon-list--layout-inline elementor-align-left elementor-list-item-link-full_width elementor-widget elementor-widget-icon-list\" data-id=\"df85842\" data-element_type=\"widget\" data-widget_type=\"icon-list.default\">\n\t\t\t\t<div class=\"elementor-widget-container\">\n\t\t\t\t\t<ul class=\"elementor-icon-list-items elementor-inline-items\">\n\t\t\t\t\t\t\t<li class=\"elementor-icon-list-item elementor-inline-item\">\n\t\t\t\t\t\t\t\t\t\t\t<a href=\"https:\/\/www.oie.int\/en\/animal-health-in-the-world\/technical-disease-cards\/\">\n\n\t\t\t\t\t\t\t\t\t\t\t\t<span class=\"elementor-icon-list-icon\">\n\t\t\t\t\t\t\t<i aria-hidden=\"true\" class=\"fab fa-internet-explorer\"><\/i>\t\t\t\t\t\t<\/span>\n\t\t\t\t\t\t\t\t\t\t<span class=\"elementor-icon-list-text\">\u0422\u0435\u0445\u043d\u0438\u0447\u0435\u0441\u043a\u0438\u0435 \u043b\u0438\u0441\u0442\u044b \u0438\u043d\u0444\u0435\u043a\u0446\u0438\u043e\u043d\u043d\u044b\u0445 \u0437\u0430\u0431\u043e\u043b\u0435\u0432\u0430\u043d\u0438\u0439 \u0438\u0437 \u0441\u043f\u0438\u0441\u043a\u0430 \u041c\u042d\u0411<\/span>\n\t\t\t\t\t\t\t\t\t\t\t<\/a>\n\t\t\t\t\t\t\t\t\t<\/li>\n\t\t\t\t\t\t<\/ul>\n\t\t\t\t<\/div>\n\t\t\t\t<\/div>\n\t\t\t\t<div class=\"elementor-element elementor-element-f59887f elementor-icon-list--layout-inline elementor-align-left elementor-list-item-link-full_width elementor-widget elementor-widget-icon-list\" data-id=\"f59887f\" data-element_type=\"widget\" data-widget_type=\"icon-list.default\">\n\t\t\t\t<div class=\"elementor-widget-container\">\n\t\t\t\t\t<ul class=\"elementor-icon-list-items elementor-inline-items\">\n\t\t\t\t\t\t\t<li class=\"elementor-icon-list-item elementor-inline-item\">\n\t\t\t\t\t\t\t\t\t\t\t<a href=\"https:\/\/www.oie.int\/wahis_2\/public\/wahid.php\/Diseaseinformation\/WI\">\n\n\t\t\t\t\t\t\t\t\t\t\t\t<span class=\"elementor-icon-list-icon\">\n\t\t\t\t\t\t\t<i aria-hidden=\"true\" class=\"fab fa-internet-explorer\"><\/i>\t\t\t\t\t\t<\/span>\n\t\t\t\t\t\t\t\t\t\t<span class=\"elementor-icon-list-text\">\u0415\u0436\u0435\u043d\u0435\u0434\u0435\u043b\u044c\u043d\u044b\u0435 \u0438\u043d\u0444\u043e\u0440\u043c\u0430\u0446\u0438\u0438 \u043f\u043e \u0438\u043d\u0444\u0435\u043a\u0446\u0438\u043e\u043d\u043d\u044b\u043c \u0437\u0430\u0431\u043e\u043b\u0435\u0432\u0430\u043d\u0438\u044f\u043c \u0432 \u043c\u0438\u0440\u0435 Link...<\/span>\n\t\t\t\t\t\t\t\t\t\t\t<\/a>\n\t\t\t\t\t\t\t\t\t<\/li>\n\t\t\t\t\t\t<\/ul>\n\t\t\t\t<\/div>\n\t\t\t\t<\/div>\n\t\t\t\t<div class=\"elementor-element elementor-element-6188789 elementor-icon-list--layout-inline elementor-align-left elementor-list-item-link-full_width elementor-widget elementor-widget-icon-list\" data-id=\"6188789\" data-element_type=\"widget\" data-widget_type=\"icon-list.default\">\n\t\t\t\t<div class=\"elementor-widget-container\">\n\t\t\t\t\t<ul class=\"elementor-icon-list-items elementor-inline-items\">\n\t\t\t\t\t\t\t<li class=\"elementor-icon-list-item elementor-inline-item\">\n\t\t\t\t\t\t\t\t\t\t\t<a href=\"http:\/\/griwkor.pl\/2019\/wp-content\/uploads\/2019\/08\/wykaz_chor_notyfik_ue-1.pdf\">\n\n\t\t\t\t\t\t\t\t\t\t\t\t<span class=\"elementor-icon-list-icon\">\n\t\t\t\t\t\t\t<i aria-hidden=\"true\" class=\"far fa-file-pdf\"><\/i>\t\t\t\t\t\t<\/span>\n\t\t\t\t\t\t\t\t\t\t<span class=\"elementor-icon-list-text\">\u041f\u0435\u0440\u0435\u0447\u0435\u043d\u044c \u0438\u043d\u0444\u0435\u043a\u0446\u0438\u043e\u043d\u043d\u044b\u0445 \u0431\u043e\u043b\u0435\u0437\u043d\u0435\u0439 \u0436\u0438\u0432\u043e\u0442\u043d\u044b\u0445, \u043f\u043e\u0434\u0447\u0438\u043d\u044f\u044e\u0449\u0438\u0445\u0441\u044f \u0443\u0432\u0435\u0434\u043e\u043c\u043b\u0435\u043d\u0438\u044e \u0432 \u0415\u0421 <\/span>\n\t\t\t\t\t\t\t\t\t\t\t<\/a>\n\t\t\t\t\t\t\t\t\t<\/li>\n\t\t\t\t\t\t<\/ul>\n\t\t\t\t<\/div>\n\t\t\t\t<\/div>\n\t\t\t\t<div class=\"elementor-element elementor-element-e2f340e elementor-widget elementor-widget-spacer\" data-id=\"e2f340e\" data-element_type=\"widget\" data-widget_type=\"spacer.default\">\n\t\t\t\t<div class=\"elementor-widget-container\">\n\t\t\t\t\t<div class=\"elementor-spacer\">\n\t\t\t<div class=\"elementor-spacer-inner\"><\/div>\n\t\t<\/div>\n\t\t\t\t<\/div>\n\t\t\t\t<\/div>\n\t\t\t\t\t\t<\/div>\n\t\t\t\t\t<\/div>\n\t\t<\/div>\n\t\t\t\t\t\t\t\t<\/div>\n\t\t\t\t\t<\/div>\n\t\t<\/section>\n\t\t\t\t<section class=\"elementor-section elementor-top-section elementor-element elementor-element-171bcd2 elementor-section-boxed elementor-section-height-default elementor-section-height-default\" data-id=\"171bcd2\" data-element_type=\"section\">\n\t\t\t\t\t\t<div class=\"elementor-container elementor-column-gap-default\">\n\t\t\t\t\t\t\t<div class=\"elementor-row\">\n\t\t\t\t\t<div class=\"elementor-column elementor-col-100 elementor-top-column elementor-element elementor-element-e995f23\" data-id=\"e995f23\" data-element_type=\"column\">\n\t\t\t<div class=\"elementor-column-wrap elementor-element-populated\">\n\t\t\t\t\t\t\t<div class=\"elementor-widget-wrap\">\n\t\t\t\t\t\t<div class=\"elementor-element elementor-element-a84b54a elementor-widget elementor-widget-heading\" data-id=\"a84b54a\" data-element_type=\"widget\" data-widget_type=\"heading.default\">\n\t\t\t\t<div class=\"elementor-widget-container\">\n\t\t\t<h2 class=\"elementor-heading-title elementor-size-default\">\u0421\u041e\u0412\u0420\u0415\u041c\u0415\u041d\u041d\u042b\u0415 \u0423\u0413\u0420\u041e\u0417\u042b<\/h2>\t\t<\/div>\n\t\t\t\t<\/div>\n\t\t\t\t<div class=\"elementor-element elementor-element-c177e90 elementor-widget elementor-widget-text-editor\" data-id=\"c177e90\" data-element_type=\"widget\" data-widget_type=\"text-editor.default\">\n\t\t\t\t<div class=\"elementor-widget-container\">\n\t\t\t\t\t\t\t\t<div class=\"elementor-text-editor elementor-clearfix\">\n\t\t\t\t<p class=\"bold\">\u041a\u043e\u043d\u0442\u0440\u043e\u043b\u044c \u043e\u0447\u0438\u0449\u0435\u043d\u0438\u044f \u0438 \u0434\u0435\u0437\u0438\u043d\u0444\u0438\u0446\u0438\u0440\u043e\u0432\u0430\u043d\u0438\u044f \u0442\u0440\u0430\u043d\u0441\u043f\u043e\u0440\u0442\u043d\u044b\u0445 \u0441\u0440\u0435\u0434\u0441\u0442\u0432 \u043f\u043e\u0441\u043b\u0435 \u043f\u043e\u0441\u043b\u0435\u0434\u043d\u0435\u0439 \u0440\u0430\u0437\u0433\u0440\u0443\u0437\u043a\u0438 \u0441\u043a\u043e\u0442\u0430.\u00a0<br \/><br \/><span>\u0412 \u0441\u0432\u044f\u0437\u0438 \u0441 \u0432\u044b\u0441\u0442\u0443\u043f\u0430\u043d\u0438\u0435\u043c \u043d\u0430 \u0442\u0435\u0440\u0440\u0438\u0442\u043e\u0440\u0438\u0438 \u0420\u043e\u0441\u0441\u0438\u0439\u0441\u043a\u043e\u0439 \u0424\u0435\u0434\u0440\u0430\u0446\u0438\u0438, \u0411\u0435\u043b\u043e\u0440\u0443\u0441\u0441\u0438\u0438, \u041c\u043e\u043b\u0434\u043e\u0432\u0430 \u0438 \u0423\u043a\u0440\u0430\u0438\u043d\u044b\u00a0<strong>\u0430\u0444\u0440\u0438\u043a\u0430\u043d\u0441\u043a\u043e\u0439 \u0447\u0443\u043c\u044b \u0441\u0432\u0438\u043d\u0435\u0439<\/strong>, \u0432\u0441\u0435 \u0442\u0440\u0430\u043d\u0441\u043f\u043e\u0440\u0442\u043d\u044b\u0435 \u0441\u0440\u0435\u0434\u0441\u0442\u0432\u0430 \u0434\u043b\u044f \u0442\u0440\u0430\u043d\u0441\u043f\u043e\u0440\u0442\u0438\u0440\u043e\u0432\u043a\u0438 \u0441\u043a\u043e\u0442\u0430, \u0432\u044a\u0435\u0437\u0436\u0430\u044e\u0449\u0438\u0435 \u043d\u0430 \u0442\u0435\u0440\u0440\u0438\u0442\u043e\u0440\u0438\u044e \u0415\u0432\u0440\u043e\u043f\u0435\u0439\u0441\u043a\u043e\u0433\u043e \u0421\u043e\u044e\u0437\u0430 \u0438\u0437 \u0420\u043e\u0441\u0441\u0438\u0438, \u0411\u0435\u043b\u043e\u0440\u0443\u0441\u0441\u0438\u0438, \u041c\u043e\u043b\u0434\u043e\u0432\u0430 \u0438 \u0423\u043a\u0440\u0430\u0438\u043d\u044b \u0431\u0443\u0434\u0443\u0442 \u043a\u043e\u043d\u0442\u0440\u043e\u043b\u0438\u0440\u043e\u0432\u0430\u043d\u044b \u041f\u043e\u0433\u0440\u0430\u043d\u0438\u0447\u043d\u044b\u043c \u0412\u0435\u0442\u0432\u0440\u0430\u0447\u043e\u043c \u0432 \u0446\u0435\u043b\u044f\u0445 \u043e\u043f\u0440\u0435\u0434\u0435\u043b\u0435\u043d\u0438\u044f, \u044f\u0432\u043b\u044f\u044e\u0442\u0441\u044f \u043b\u0438 \u043e\u043d\u0438 \u0443\u0434\u043e\u0432\u043b\u0435\u0442\u0432\u043e\u0440\u0438\u0442\u0435\u043b\u044c\u043d\u043e \u043e\u0447\u0438\u0449\u0435\u043d\u044b \u0438 \u0434\u0435\u0437\u0438\u043d\u0444\u0438\u0446\u0438\u0440\u043e\u0432\u0430\u043d\u044b.\u00a0<\/span><\/p>\t\t\t\t\t<\/div>\n\t\t\t\t\t\t<\/div>\n\t\t\t\t<\/div>\n\t\t\t\t<div class=\"elementor-element elementor-element-e93d0f0 elementor-widget elementor-widget-text-editor\" data-id=\"e93d0f0\" data-element_type=\"widget\" data-widget_type=\"text-editor.default\">\n\t\t\t\t<div class=\"elementor-widget-container\">\n\t\t\t\t\t\t\t\t<div class=\"elementor-text-editor elementor-clearfix\">\n\t\t\t\t<p>\u041a\u0440\u043e\u043c\u0435 \u0442\u043e\u0433\u043e, \u0440\u0435\u0448\u0435\u043d\u0438\u0435 \u041a\u043e\u043c\u0438\u0441\u0441\u0438\u0438\u00a0<a href=\"http:\/\/eur-lex.europa.eu\/legal-content\/EN\/TXT\/PDF\/?uri=CELEX:02013D0426-20151001&amp;qid=1500982400213\" target=\"_blank\" rel=\"noopener\">2013\/426\/EC <\/a>\u00a0\u043d\u0430\u043a\u043b\u0430\u0434\u044b\u0432\u0430\u0435\u0442 \u0434\u043e\u043b\u0433 \u043f\u0440\u0435\u0434\u043e\u0441\u0442\u0430\u0432\u043b\u0435\u043d\u0438\u044f \u041f\u043e\u0433\u0440\u0430\u043d\u0438\u0447\u043d\u043e\u043c\u0443 \u0412\u0435\u0442\u0432\u0440\u0430\u0447\u0443 \u0434\u043e\u043a\u0443\u043c\u0435\u043d\u0442\u0430 \u043f\u043e\u0434\u0442\u0432\u0435\u0440\u0436\u0434\u0430\u044e\u0449\u0435\u0433\u043e \u043e\u0431\u0447\u0438\u0441\u0442\u043a\u0443 \u0438 \u0434\u0435\u0437\u0438\u043d\u0444\u0438\u0446\u0438\u0440\u043e\u0432\u0430\u043d\u0438\u0435 \u0441\u0440\u0435\u0434\u0441\u0442\u0432\u0430 \u0442\u0440\u0430\u043d\u0441\u043f\u043e\u0440\u0442\u0438\u0440\u043e\u0432\u043a\u0438 \u043f\u043e\u0441\u043b\u0435 \u043f\u043e\u0441\u043b\u0435\u0434\u043d\u0435\u0439 \u0432\u044b\u0433\u0440\u0443\u0437\u043a\u0438 \u0441\u043a\u043e\u0442\u0430.<br \/>\u0412\u044b\u0448\u0435\u0443\u043f\u043e\u043c\u044f\u043d\u0443\u0442\u044b\u0439 \u0434\u043e\u043a\u0443\u043c\u0435\u043d\u0442 \u0434\u043e\u043b\u0436\u0435\u043d \u0431\u044b\u0442\u044c \u0440\u0430\u0432\u043d\u043e\u0441\u0438\u043b\u0435\u043d \u043f\u0440\u0438\u043b\u043e\u0436\u0435\u043d\u0438\u044e II \u0440\u0435\u0448\u0435\u043d\u0438\u044f 2013\/426\/\u0415\u0421.\u00a0<\/p>\t\t\t\t\t<\/div>\n\t\t\t\t\t\t<\/div>\n\t\t\t\t<\/div>\n\t\t\t\t<div class=\"elementor-element elementor-element-b3d47d3 elementor-icon-list--layout-inline elementor-align-left elementor-list-item-link-full_width elementor-widget elementor-widget-icon-list\" data-id=\"b3d47d3\" data-element_type=\"widget\" data-widget_type=\"icon-list.default\">\n\t\t\t\t<div class=\"elementor-widget-container\">\n\t\t\t\t\t<ul class=\"elementor-icon-list-items elementor-inline-items\">\n\t\t\t\t\t\t\t<li class=\"elementor-icon-list-item elementor-inline-item\">\n\t\t\t\t\t\t\t\t\t\t\t<a href=\"http:\/\/griwkor.pl\/2019\/wp-content\/uploads\/2019\/05\/Wz\u00f3r-o\u015bwiadczenia-sk\u0142adanego-przez-obs\u0142uguj\u0105cego-kierowc\u0119-pojazdu.pdf\">\n\n\t\t\t\t\t\t\t\t\t\t\t<span class=\"elementor-icon-list-text\">\u041e\u0431\u0440\u0430\u0437\u0435\u0446 \u0437\u0430\u044f\u0432\u043b\u0435\u043d\u0438\u044f \u043f\u0440\u0435\u0434\u0441\u0442\u0430\u0432\u043b\u044f\u0435\u043c\u043e\u0433\u043e \u0432\u043e\u0434\u0438\u0442\u0435\u043b\u0435\u043c \u0442\u0440\u0430\u043d\u0441\u043f\u043e\u0440\u0442\u043d\u043e\u0433\u043e \u0441\u0440\u0435\u0434\u0441\u0442\u0432\u0430:<\/span>\n\t\t\t\t\t\t\t\t\t\t\t<\/a>\n\t\t\t\t\t\t\t\t\t<\/li>\n\t\t\t\t\t\t\t\t<li class=\"elementor-icon-list-item elementor-inline-item\">\n\t\t\t\t\t\t\t\t\t\t\t<a href=\"http:\/\/griwkor.pl\/2019\/wp-content\/uploads\/2019\/08\/oswiadcz_kierowcy_ru.pdf\">\n\n\t\t\t\t\t\t\t\t\t\t\t\t<span class=\"elementor-icon-list-icon\">\n\t\t\t\t\t\t\t<i aria-hidden=\"true\" class=\"far fa-file-pdf\"><\/i>\t\t\t\t\t\t<\/span>\n\t\t\t\t\t\t\t\t\t\t<span class=\"elementor-icon-list-text\"><\/span>\n\t\t\t\t\t\t\t\t\t\t\t<\/a>\n\t\t\t\t\t\t\t\t\t<\/li>\n\t\t\t\t\t\t\t\t<li class=\"elementor-icon-list-item elementor-inline-item\">\n\t\t\t\t\t\t\t\t\t\t\t<a href=\"http:\/\/griwkor.pl\/2019\/wp-content\/uploads\/2019\/08\/oswiadcz_kierowcy_ru.doc\">\n\n\t\t\t\t\t\t\t\t\t\t\t\t<span class=\"elementor-icon-list-icon\">\n\t\t\t\t\t\t\t<i aria-hidden=\"true\" class=\"far fa-file-word\"><\/i>\t\t\t\t\t\t<\/span>\n\t\t\t\t\t\t\t\t\t\t<span class=\"elementor-icon-list-text\"><\/span>\n\t\t\t\t\t\t\t\t\t\t\t<\/a>\n\t\t\t\t\t\t\t\t\t<\/li>\n\t\t\t\t\t\t<\/ul>\n\t\t\t\t<\/div>\n\t\t\t\t<\/div>\n\t\t\t\t<div class=\"elementor-element elementor-element-5f2eee2 elementor-icon-list--layout-inline elementor-align-left elementor-list-item-link-full_width elementor-widget elementor-widget-icon-list\" data-id=\"5f2eee2\" data-element_type=\"widget\" data-widget_type=\"icon-list.default\">\n\t\t\t\t<div class=\"elementor-widget-container\">\n\t\t\t\t\t<ul class=\"elementor-icon-list-items elementor-inline-items\">\n\t\t\t\t\t\t\t<li class=\"elementor-icon-list-item elementor-inline-item\">\n\t\t\t\t\t\t\t\t\t\t\t<a href=\"http:\/\/griwkor.pl\/2019\/afrykanski-pomor-swin-filmy\/\">\n\n\t\t\t\t\t\t\t\t\t\t\t\t<span class=\"elementor-icon-list-icon\">\n\t\t\t\t\t\t\t<i aria-hidden=\"true\" class=\"fab fa-internet-explorer\"><\/i>\t\t\t\t\t\t<\/span>\n\t\t\t\t\t\t\t\t\t\t<span class=\"elementor-icon-list-text\">Filma about ASF (African swine fever)<\/span>\n\t\t\t\t\t\t\t\t\t\t\t<\/a>\n\t\t\t\t\t\t\t\t\t<\/li>\n\t\t\t\t\t\t<\/ul>\n\t\t\t\t<\/div>\n\t\t\t\t<\/div>\n\t\t\t\t<div class=\"elementor-element elementor-element-b454b38 elementor-widget elementor-widget-spacer\" data-id=\"b454b38\" data-element_type=\"widget\" data-widget_type=\"spacer.default\">\n\t\t\t\t<div class=\"elementor-widget-container\">\n\t\t\t\t\t<div class=\"elementor-spacer\">\n\t\t\t<div class=\"elementor-spacer-inner\"><\/div>\n\t\t<\/div>\n\t\t\t\t<\/div>\n\t\t\t\t<\/div>\n\t\t\t\t\t\t<\/div>\n\t\t\t\t\t<\/div>\n\t\t<\/div>\n\t\t\t\t\t\t\t\t<\/div>\n\t\t\t\t\t<\/div>\n\t\t<\/section>\n\t\t\t\t\t\t\t\t\t<\/div>\n\t\t\t<\/div>\n\t\t\t\t\t<\/div>\n\t\t","protected":false},"excerpt":{"rendered":"<p>\u0411\u041e\u0420\u042c\u0411\u0410 \u0421 \u0411\u041e\u041b\u0415\u0417\u041d\u042f\u041c\u0418 \u0416\u0418\u0412\u041e\u0422\u041d\u042b\u0425 \u0421\u043f\u0438\u0441\u043e\u043a \u0437\u0430\u0431\u043e\u043b\u0435\u0432\u0430\u043d\u0438\u0439 \u0438\u0437 \u0441\u043f\u0438\u0441\u043a\u0430 \u041c\u042d\u0411 \u0422\u0435\u0445\u043d\u0438\u0447\u0435\u0441\u043a\u0438\u0435 \u043b\u0438\u0441\u0442\u044b \u0438\u043d\u0444\u0435\u043a\u0446\u0438\u043e\u043d\u043d\u044b\u0445 \u0437\u0430\u0431\u043e\u043b\u0435\u0432\u0430\u043d\u0438\u0439 \u0438\u0437 \u0441\u043f\u0438\u0441\u043a\u0430 \u041c\u042d\u0411 \u0415\u0436\u0435\u043d\u0435\u0434\u0435\u043b\u044c\u043d\u044b\u0435 \u0438\u043d\u0444\u043e\u0440\u043c\u0430\u0446\u0438\u0438 \u043f\u043e \u0438\u043d\u0444\u0435\u043a\u0446\u0438\u043e\u043d\u043d\u044b\u043c \u0437\u0430\u0431\u043e\u043b\u0435\u0432\u0430\u043d\u0438\u044f\u043c \u0432 \u043c\u0438\u0440\u0435 Link&#8230; \u041f\u0435\u0440\u0435\u0447\u0435\u043d\u044c \u0438\u043d\u0444\u0435\u043a\u0446\u0438\u043e\u043d\u043d\u044b\u0445 \u0431\u043e\u043b\u0435\u0437\u043d\u0435\u0439 \u0436\u0438\u0432\u043e\u0442\u043d\u044b\u0445, \u043f\u043e\u0434\u0447\u0438\u043d\u044f\u044e\u0449\u0438\u0445\u0441\u044f \u0443\u0432\u0435\u0434\u043e\u043c\u043b\u0435\u043d\u0438\u044e \u0432 \u0415\u0421 \u0421\u041e\u0412\u0420\u0415\u041c\u0415\u041d\u041d\u042b\u0415 \u0423\u0413\u0420\u041e\u0417\u042b \u041a\u043e\u043d\u0442\u0440\u043e\u043b\u044c \u043e\u0447\u0438\u0449\u0435\u043d\u0438\u044f \u0438 \u0434\u0435\u0437\u0438\u043d\u0444\u0438\u0446\u0438\u0440\u043e\u0432\u0430\u043d\u0438\u044f \u0442\u0440\u0430\u043d\u0441\u043f\u043e\u0440\u0442\u043d\u044b\u0445 \u0441\u0440\u0435\u0434\u0441\u0442\u0432 \u043f\u043e\u0441\u043b\u0435 \u043f\u043e\u0441\u043b\u0435\u0434\u043d\u0435\u0439 \u0440\u0430\u0437\u0433\u0440\u0443\u0437\u043a\u0438 \u0441\u043a\u043e\u0442\u0430.\u00a0 \u0412 \u0441\u0432\u044f\u0437\u0438 \u0441 \u0432\u044b\u0441\u0442\u0443\u043f\u0430\u043d\u0438\u0435\u043c \u043d\u0430 \u0442\u0435\u0440\u0440\u0438\u0442\u043e\u0440\u0438\u0438 \u0420\u043e\u0441\u0441\u0438\u0439\u0441\u043a\u043e\u0439 \u0424\u0435\u0434\u0440\u0430\u0446\u0438\u0438, \u0411\u0435\u043b\u043e\u0440\u0443\u0441\u0441\u0438\u0438, \u041c\u043e\u043b\u0434\u043e\u0432\u0430 \u0438 [&hellip;]<\/p>\n","protected":false},"author":1,"featured_media":0,"parent":0,"menu_order":0,"comment_status":"closed","ping_status":"closed","template":"elementor_header_footer","meta":[],"_links":{"self":[{"href":"http:\/\/griwkor.pl\/2019\/ru\/wp-json\/wp\/v2\/pages\/393\/"}],"collection":[{"href":"http:\/\/griwkor.pl\/2019\/ru\/wp-json\/wp\/v2\/pages\/"}],"about":[{"href":"http:\/\/griwkor.pl\/2019\/ru\/wp-json\/wp\/v2\/types\/page\/"}],"author":[{"embeddable":true,"href":"http:\/\/griwkor.pl\/2019\/ru\/wp-json\/wp\/v2\/users\/1\/"}],"replies":[{"embeddable":true,"href":"http:\/\/griwkor.pl\/2019\/ru\/wp-json\/wp\/v2\/comments\/?post=393"}],"version-history":[{"count":15,"href":"http:\/\/griwkor.pl\/2019\/ru\/wp-json\/wp\/v2\/pages\/393\/revisions\/"}],"predecessor-version":[{"id":5429,"href":"http:\/\/griwkor.pl\/2019\/ru\/wp-json\/wp\/v2\/pages\/393\/revisions\/5429\/"}],"wp:attachment":[{"href":"http:\/\/griwkor.pl\/2019\/ru\/wp-json\/wp\/v2\/media\/?parent=393"}],"curies":[{"name":"wp","href":"https:\/\/api.w.org\/{rel}","templated":true}]}}