{"id":448,"date":"2019-04-03T11:12:07","date_gmt":"2019-04-03T11:12:07","guid":{"rendered":"http:\/\/griwkor.pl\/2019\/zdjecia\/"},"modified":"2020-10-22T14:18:17","modified_gmt":"2020-10-22T14:18:17","slug":"zdjecia","status":"publish","type":"page","link":"http:\/\/griwkor.pl\/2019\/ru\/zdjecia\/","title":{"rendered":"ZDJ\u0118CIA"},"content":{"rendered":"\t\t<div data-elementor-type=\"wp-post\" data-elementor-id=\"448\" class=\"elementor elementor-448\">\n\t\t\t\t\t\t<div class=\"elementor-inner\">\n\t\t\t\t<div class=\"elementor-section-wrap\">\n\t\t\t\t\t\t\t\t\t<section class=\"elementor-section elementor-top-section elementor-element elementor-element-2740df3 elementor-section-boxed elementor-section-height-default elementor-section-height-default\" data-id=\"2740df3\" data-element_type=\"section\">\n\t\t\t\t\t\t<div class=\"elementor-container elementor-column-gap-no\">\n\t\t\t\t\t\t\t<div class=\"elementor-row\">\n\t\t\t\t\t<div class=\"elementor-column elementor-col-100 elementor-top-column elementor-element elementor-element-bd01c49\" data-id=\"bd01c49\" data-element_type=\"column\">\n\t\t\t<div class=\"elementor-column-wrap elementor-element-populated\">\n\t\t\t\t\t\t\t<div class=\"elementor-widget-wrap\">\n\t\t\t\t\t\t<div class=\"elementor-element elementor-element-b75055f elementor-widget elementor-widget-spacer\" data-id=\"b75055f\" data-element_type=\"widget\" data-widget_type=\"spacer.default\">\n\t\t\t\t<div class=\"elementor-widget-container\">\n\t\t\t\t\t<div class=\"elementor-spacer\">\n\t\t\t<div class=\"elementor-spacer-inner\"><\/div>\n\t\t<\/div>\n\t\t\t\t<\/div>\n\t\t\t\t<\/div>\n\t\t\t\t<div class=\"elementor-element elementor-element-99b2b72 elementor-widget elementor-widget-spacer\" data-id=\"99b2b72\" data-element_type=\"widget\" data-widget_type=\"spacer.default\">\n\t\t\t\t<div class=\"elementor-widget-container\">\n\t\t\t\t\t<div class=\"elementor-spacer\">\n\t\t\t<div class=\"elementor-spacer-inner\"><\/div>\n\t\t<\/div>\n\t\t\t\t<\/div>\n\t\t\t\t<\/div>\n\t\t\t\t<div class=\"elementor-element elementor-element-ad9ecee elementor-widget elementor-widget-heading\" data-id=\"ad9ecee\" data-element_type=\"widget\" data-widget_type=\"heading.default\">\n\t\t\t\t<div class=\"elementor-widget-container\">\n\t\t\t<h2 class=\"elementor-heading-title elementor-size-default\">Galeria<\/h2>\t\t<\/div>\n\t\t\t\t<\/div>\n\t\t\t\t<div class=\"elementor-element elementor-element-9c428e7 elementor-widget elementor-widget-spacer\" data-id=\"9c428e7\" data-element_type=\"widget\" data-widget_type=\"spacer.default\">\n\t\t\t\t<div class=\"elementor-widget-container\">\n\t\t\t\t\t<div class=\"elementor-spacer\">\n\t\t\t<div class=\"elementor-spacer-inner\"><\/div>\n\t\t<\/div>\n\t\t\t\t<\/div>\n\t\t\t\t<\/div>\n\t\t\t\t<div class=\"elementor-element elementor-element-ded96f0 elementor-button-info elementor-align-center elementor-widget elementor-widget-button\" data-id=\"ded96f0\" data-element_type=\"widget\" data-widget_type=\"button.default\">\n\t\t\t\t<div class=\"elementor-widget-container\">\n\t\t\t\t\t<div class=\"elementor-button-wrapper\">\n\t\t\t<a href=\"http:\/\/griwkor.pl\/2019\/szkolenie-dobrostan\/\" class=\"elementor-button-link elementor-button elementor-size-xl elementor-animation-grow\" role=\"button\">\n\t\t\t\t\t\t<span class=\"elementor-button-content-wrapper\">\n\t\t\t\t\t\t<span class=\"elementor-button-text\">10 - 11. 03. 2020r. SZKOLENIE DOBROSTAN ZWIERZAT W TRANSPORCIE<\/span>\n\t\t<\/span>\n\t\t\t\t\t<\/a>\n\t\t<\/div>\n\t\t\t\t<\/div>\n\t\t\t\t<\/div>\n\t\t\t\t<section class=\"elementor-section elementor-inner-section elementor-element elementor-element-ccf261a elementor-section-boxed elementor-section-height-default elementor-section-height-default\" data-id=\"ccf261a\" data-element_type=\"section\">\n\t\t\t\t\t\t<div class=\"elementor-container elementor-column-gap-default\">\n\t\t\t\t\t\t\t<div class=\"elementor-row\">\n\t\t\t\t\t<div class=\"elementor-column elementor-col-33 elementor-inner-column elementor-element elementor-element-6f4de4d\" data-id=\"6f4de4d\" data-element_type=\"column\">\n\t\t\t<div class=\"elementor-column-wrap elementor-element-populated\">\n\t\t\t\t\t\t\t<div class=\"elementor-widget-wrap\">\n\t\t\t\t\t\t<div class=\"elementor-element elementor-element-fd300eb elementor-widget elementor-widget-image\" data-id=\"fd300eb\" data-element_type=\"widget\" data-widget_type=\"image.default\">\n\t\t\t\t<div class=\"elementor-widget-container\">\n\t\t\t\t\t\t\t\t<div class=\"elementor-image\">\n\t\t\t\t\t\t\t\t\t\t\t\t\t<a href=\"http:\/\/griwkor.pl\/2019\/wybrane-przesylki-ktore-podlegaja-granicznej-kontroli-weterynaryjnej\/\">\n\t\t\t\t\t\t\t<img width=\"700\" height=\"468\" src=\"http:\/\/griwkor.pl\/2019\/wp-content\/uploads\/2019\/04\/4.jpg\" class=\"attachment-large size-large\" alt=\"\" loading=\"lazy\" srcset=\"http:\/\/griwkor.pl\/2019\/wp-content\/uploads\/2019\/04\/4.jpg 700w, http:\/\/griwkor.pl\/2019\/wp-content\/uploads\/2019\/04\/4-300x201.jpg 300w\" sizes=\"(max-width: 700px) 100vw, 700px\" \/>\t\t\t\t\t\t\t\t<\/a>\n\t\t\t\t\t\t\t\t\t\t\t\t\t\t<\/div>\n\t\t\t\t\t\t<\/div>\n\t\t\t\t<\/div>\n\t\t\t\t<div class=\"elementor-element elementor-element-8ef27a3 elementor-widget elementor-widget-heading\" data-id=\"8ef27a3\" data-element_type=\"widget\" data-widget_type=\"heading.default\">\n\t\t\t\t<div class=\"elementor-widget-container\">\n\t\t\t<h2 class=\"elementor-heading-title elementor-size-default\"><a href=\"http:\/\/griwkor.pl\/2019\/wybrane-przesylki-ktore-podlegaja-granicznej-kontroli-weterynaryjnej\/\">Wybrane przesy\u0142ki, kt\u00f3re podlegaj\u0105 granicznej kontroli weterynaryjnej<\/a><\/h2>\t\t<\/div>\n\t\t\t\t<\/div>\n\t\t\t\t\t\t<\/div>\n\t\t\t\t\t<\/div>\n\t\t<\/div>\n\t\t\t\t<div class=\"elementor-column elementor-col-33 elementor-inner-column elementor-element elementor-element-0c6fd0f\" data-id=\"0c6fd0f\" data-element_type=\"column\">\n\t\t\t<div class=\"elementor-column-wrap elementor-element-populated\">\n\t\t\t\t\t\t\t<div class=\"elementor-widget-wrap\">\n\t\t\t\t\t\t<div class=\"elementor-element elementor-element-4f77f79 elementor-widget elementor-widget-image\" data-id=\"4f77f79\" data-element_type=\"widget\" data-widget_type=\"image.default\">\n\t\t\t\t<div class=\"elementor-widget-container\">\n\t\t\t\t\t\t\t\t<div class=\"elementor-image\">\n\t\t\t\t\t\t\t\t\t\t\t\t\t<a href=\"http:\/\/griwkor.pl\/2019\/fotografie-pkg-koroszczyn-kukuryki\/\">\n\t\t\t\t\t\t\t<img width=\"700\" height=\"526\" src=\"http:\/\/griwkor.pl\/2019\/wp-content\/uploads\/2019\/04\/700_004.jpg\" class=\"attachment-large size-large\" alt=\"\" loading=\"lazy\" srcset=\"http:\/\/griwkor.pl\/2019\/wp-content\/uploads\/2019\/04\/700_004.jpg 700w, http:\/\/griwkor.pl\/2019\/wp-content\/uploads\/2019\/04\/700_004-300x225.jpg 300w\" sizes=\"(max-width: 700px) 100vw, 700px\" \/>\t\t\t\t\t\t\t\t<\/a>\n\t\t\t\t\t\t\t\t\t\t\t\t\t\t<\/div>\n\t\t\t\t\t\t<\/div>\n\t\t\t\t<\/div>\n\t\t\t\t<div class=\"elementor-element elementor-element-f9e2077 elementor-widget elementor-widget-heading\" data-id=\"f9e2077\" data-element_type=\"widget\" data-widget_type=\"heading.default\">\n\t\t\t\t<div class=\"elementor-widget-container\">\n\t\t\t<h2 class=\"elementor-heading-title elementor-size-default\"><a href=\"http:\/\/griwkor.pl\/2019\/fotografie-pkg-koroszczyn-kukuryki\/\">Fotografie PKG Koroszczyn-Kukuryki<\/a><\/h2>\t\t<\/div>\n\t\t\t\t<\/div>\n\t\t\t\t\t\t<\/div>\n\t\t\t\t\t<\/div>\n\t\t<\/div>\n\t\t\t\t<div class=\"elementor-column elementor-col-33 elementor-inner-column elementor-element elementor-element-924f104\" data-id=\"924f104\" data-element_type=\"column\">\n\t\t\t<div class=\"elementor-column-wrap elementor-element-populated\">\n\t\t\t\t\t\t\t<div class=\"elementor-widget-wrap\">\n\t\t\t\t\t\t<div class=\"elementor-element elementor-element-eea3890 elementor-widget elementor-widget-image\" data-id=\"eea3890\" data-element_type=\"widget\" data-widget_type=\"image.default\">\n\t\t\t\t<div class=\"elementor-widget-container\">\n\t\t\t\t\t\t\t\t<div class=\"elementor-image\">\n\t\t\t\t\t\t\t\t\t\t\t\t\t<a href=\"http:\/\/griwkor.pl\/2019\/fotografie-pkg-terespol-kobylany\/\">\n\t\t\t\t\t\t\t<img width=\"640\" height=\"480\" src=\"http:\/\/griwkor.pl\/2019\/wp-content\/uploads\/2019\/04\/kob_02.jpg\" class=\"attachment-large size-large\" alt=\"\" loading=\"lazy\" srcset=\"http:\/\/griwkor.pl\/2019\/wp-content\/uploads\/2019\/04\/kob_02.jpg 640w, http:\/\/griwkor.pl\/2019\/wp-content\/uploads\/2019\/04\/kob_02-300x225.jpg 300w\" sizes=\"(max-width: 640px) 100vw, 640px\" \/>\t\t\t\t\t\t\t\t<\/a>\n\t\t\t\t\t\t\t\t\t\t\t\t\t\t<\/div>\n\t\t\t\t\t\t<\/div>\n\t\t\t\t<\/div>\n\t\t\t\t<div class=\"elementor-element elementor-element-aabf05a elementor-widget elementor-widget-heading\" data-id=\"aabf05a\" data-element_type=\"widget\" data-widget_type=\"heading.default\">\n\t\t\t\t<div class=\"elementor-widget-container\">\n\t\t\t<h2 class=\"elementor-heading-title elementor-size-default\"><a href=\"http:\/\/griwkor.pl\/2019\/fotografie-pkg-terespol-kobylany\/\">Fotografie PKG Terespol - Kobylany<\/a><\/h2>\t\t<\/div>\n\t\t\t\t<\/div>\n\t\t\t\t\t\t<\/div>\n\t\t\t\t\t<\/div>\n\t\t<\/div>\n\t\t\t\t\t\t\t\t<\/div>\n\t\t\t\t\t<\/div>\n\t\t<\/section>\n\t\t\t\t<section class=\"elementor-section elementor-inner-section elementor-element elementor-element-a4f0a7c elementor-section-boxed elementor-section-height-default elementor-section-height-default\" data-id=\"a4f0a7c\" data-element_type=\"section\">\n\t\t\t\t\t\t<div class=\"elementor-container elementor-column-gap-default\">\n\t\t\t\t\t\t\t<div class=\"elementor-row\">\n\t\t\t\t\t<div class=\"elementor-column elementor-col-33 elementor-inner-column elementor-element elementor-element-4114429\" data-id=\"4114429\" data-element_type=\"column\">\n\t\t\t<div class=\"elementor-column-wrap elementor-element-populated\">\n\t\t\t\t\t\t\t<div class=\"elementor-widget-wrap\">\n\t\t\t\t\t\t<div class=\"elementor-element elementor-element-e1c35e0 elementor-widget elementor-widget-image\" data-id=\"e1c35e0\" data-element_type=\"widget\" data-widget_type=\"image.default\">\n\t\t\t\t<div class=\"elementor-widget-container\">\n\t\t\t\t\t\t\t\t<div class=\"elementor-image\">\n\t\t\t\t\t\t\t\t\t\t\t\t\t<a href=\"http:\/\/griwkor.pl\/2019\/fotografie-pkg-hrebenne\/\">\n\t\t\t\t\t\t\t<img width=\"800\" height=\"512\" src=\"http:\/\/griwkor.pl\/2019\/wp-content\/uploads\/2019\/04\/hre_2.jpg\" class=\"attachment-large size-large\" alt=\"\" loading=\"lazy\" srcset=\"http:\/\/griwkor.pl\/2019\/wp-content\/uploads\/2019\/04\/hre_2.jpg 800w, http:\/\/griwkor.pl\/2019\/wp-content\/uploads\/2019\/04\/hre_2-300x192.jpg 300w, http:\/\/griwkor.pl\/2019\/wp-content\/uploads\/2019\/04\/hre_2-768x492.jpg 768w\" sizes=\"(max-width: 800px) 100vw, 800px\" \/>\t\t\t\t\t\t\t\t<\/a>\n\t\t\t\t\t\t\t\t\t\t\t\t\t\t<\/div>\n\t\t\t\t\t\t<\/div>\n\t\t\t\t<\/div>\n\t\t\t\t<div class=\"elementor-element elementor-element-a31db80 elementor-widget elementor-widget-heading\" data-id=\"a31db80\" data-element_type=\"widget\" data-widget_type=\"heading.default\">\n\t\t\t\t<div class=\"elementor-widget-container\">\n\t\t\t<h2 class=\"elementor-heading-title elementor-size-default\"><a href=\"http:\/\/griwkor.pl\/2019\/fotografie-pkg-hrebenne\/\">Fotografie PKG Hrebenne<\/a><\/h2>\t\t<\/div>\n\t\t\t\t<\/div>\n\t\t\t\t\t\t<\/div>\n\t\t\t\t\t<\/div>\n\t\t<\/div>\n\t\t\t\t<div class=\"elementor-column elementor-col-33 elementor-inner-column elementor-element elementor-element-d2841f2\" data-id=\"d2841f2\" data-element_type=\"column\">\n\t\t\t<div class=\"elementor-column-wrap elementor-element-populated\">\n\t\t\t\t\t\t\t<div class=\"elementor-widget-wrap\">\n\t\t\t\t\t\t<div class=\"elementor-element elementor-element-d0db874 elementor-widget elementor-widget-image\" data-id=\"d0db874\" data-element_type=\"widget\" data-widget_type=\"image.default\">\n\t\t\t\t<div class=\"elementor-widget-container\">\n\t\t\t\t\t\t\t\t<div class=\"elementor-image\">\n\t\t\t\t\t\t\t\t\t\t\t\t\t<a href=\"http:\/\/griwkor.pl\/2019\/fotografie-pkg-hrubieszow\/\">\n\t\t\t\t\t\t\t<img width=\"800\" height=\"538\" src=\"http:\/\/griwkor.pl\/2019\/wp-content\/uploads\/2019\/04\/hru_2.jpg\" class=\"attachment-large size-large\" alt=\"\" loading=\"lazy\" srcset=\"http:\/\/griwkor.pl\/2019\/wp-content\/uploads\/2019\/04\/hru_2.jpg 800w, http:\/\/griwkor.pl\/2019\/wp-content\/uploads\/2019\/04\/hru_2-300x202.jpg 300w, http:\/\/griwkor.pl\/2019\/wp-content\/uploads\/2019\/04\/hru_2-768x516.jpg 768w\" sizes=\"(max-width: 800px) 100vw, 800px\" \/>\t\t\t\t\t\t\t\t<\/a>\n\t\t\t\t\t\t\t\t\t\t\t\t\t\t<\/div>\n\t\t\t\t\t\t<\/div>\n\t\t\t\t<\/div>\n\t\t\t\t<div class=\"elementor-element elementor-element-8969771 elementor-widget elementor-widget-heading\" data-id=\"8969771\" data-element_type=\"widget\" data-widget_type=\"heading.default\">\n\t\t\t\t<div class=\"elementor-widget-container\">\n\t\t\t<h2 class=\"elementor-heading-title elementor-size-default\"><a href=\"http:\/\/griwkor.pl\/2019\/fotografie-pkg-hrubieszow\/\">Fotografie PKG Hrubiesz\u00f3w<\/a><\/h2>\t\t<\/div>\n\t\t\t\t<\/div>\n\t\t\t\t\t\t<\/div>\n\t\t\t\t\t<\/div>\n\t\t<\/div>\n\t\t\t\t<div class=\"elementor-column elementor-col-33 elementor-inner-column elementor-element elementor-element-fdb06f4\" data-id=\"fdb06f4\" data-element_type=\"column\">\n\t\t\t<div class=\"elementor-column-wrap\">\n\t\t\t\t\t\t\t<div class=\"elementor-widget-wrap\">\n\t\t\t\t\t\t\t\t<\/div>\n\t\t\t\t\t<\/div>\n\t\t<\/div>\n\t\t\t\t\t\t\t\t<\/div>\n\t\t\t\t\t<\/div>\n\t\t<\/section>\n\t\t\t\t<div class=\"elementor-element elementor-element-22c9859 elementor-widget elementor-widget-spacer\" data-id=\"22c9859\" data-element_type=\"widget\" data-widget_type=\"spacer.default\">\n\t\t\t\t<div class=\"elementor-widget-container\">\n\t\t\t\t\t<div class=\"elementor-spacer\">\n\t\t\t<div class=\"elementor-spacer-inner\"><\/div>\n\t\t<\/div>\n\t\t\t\t<\/div>\n\t\t\t\t<\/div>\n\t\t\t\t\t\t<\/div>\n\t\t\t\t\t<\/div>\n\t\t<\/div>\n\t\t\t\t\t\t\t\t<\/div>\n\t\t\t\t\t<\/div>\n\t\t<\/section>\n\t\t\t\t\t\t\t\t\t<\/div>\n\t\t\t<\/div>\n\t\t\t\t\t<\/div>\n\t\t","protected":false},"excerpt":{"rendered":"<p>Galeria 10 &#8211; 11. 03. 2020r. SZKOLENIE DOBROSTAN ZWIERZAT W TRANSPORCIE Wybrane przesy\u0142ki, kt\u00f3re podlegaj\u0105 granicznej kontroli weterynaryjnej Fotografie PKG Koroszczyn-Kukuryki Fotografie PKG Terespol &#8211; Kobylany Fotografie PKG Hrebenne Fotografie PKG Hrubiesz\u00f3w<\/p>\n","protected":false},"author":1,"featured_media":0,"parent":0,"menu_order":0,"comment_status":"closed","ping_status":"closed","template":"elementor_header_footer","meta":[],"_links":{"self":[{"href":"http:\/\/griwkor.pl\/2019\/ru\/wp-json\/wp\/v2\/pages\/448\/"}],"collection":[{"href":"http:\/\/griwkor.pl\/2019\/ru\/wp-json\/wp\/v2\/pages\/"}],"about":[{"href":"http:\/\/griwkor.pl\/2019\/ru\/wp-json\/wp\/v2\/types\/page\/"}],"author":[{"embeddable":true,"href":"http:\/\/griwkor.pl\/2019\/ru\/wp-json\/wp\/v2\/users\/1\/"}],"replies":[{"embeddable":true,"href":"http:\/\/griwkor.pl\/2019\/ru\/wp-json\/wp\/v2\/comments\/?post=448"}],"version-history":[{"count":19,"href":"http:\/\/griwkor.pl\/2019\/ru\/wp-json\/wp\/v2\/pages\/448\/revisions\/"}],"predecessor-version":[{"id":5405,"href":"http:\/\/griwkor.pl\/2019\/ru\/wp-json\/wp\/v2\/pages\/448\/revisions\/5405\/"}],"wp:attachment":[{"href":"http:\/\/griwkor.pl\/2019\/ru\/wp-json\/wp\/v2\/media\/?parent=448"}],"curies":[{"name":"wp","href":"https:\/\/api.w.org\/{rel}","templated":true}]}}