{"id":1155,"date":"2019-04-23T12:57:35","date_gmt":"2019-04-23T12:57:35","guid":{"rendered":"http:\/\/griwkor.pl\/2019\/?page_id=1155"},"modified":"2025-01-05T15:30:44","modified_gmt":"2025-01-05T15:30:44","slug":"pkg-hrebenne","status":"publish","type":"page","link":"http:\/\/griwkor.pl\/2019\/pkg-hrebenne\/","title":{"rendered":"PKG Hrebenne"},"content":{"rendered":"\t\t<div data-elementor-type=\"wp-post\" data-elementor-id=\"1155\" class=\"elementor elementor-1155\">\n\t\t\t\t\t\t<div class=\"elementor-inner\">\n\t\t\t\t<div class=\"elementor-section-wrap\">\n\t\t\t\t\t\t\t\t\t<section class=\"elementor-section elementor-top-section elementor-element elementor-element-5d7e086 elementor-section-boxed elementor-section-height-default elementor-section-height-default\" data-id=\"5d7e086\" data-element_type=\"section\">\n\t\t\t\t\t\t<div class=\"elementor-container elementor-column-gap-no\">\n\t\t\t\t\t\t\t<div class=\"elementor-row\">\n\t\t\t\t\t<div class=\"elementor-column elementor-col-100 elementor-top-column elementor-element elementor-element-655b29a\" data-id=\"655b29a\" data-element_type=\"column\">\n\t\t\t<div class=\"elementor-column-wrap elementor-element-populated\">\n\t\t\t\t\t\t\t<div class=\"elementor-widget-wrap\">\n\t\t\t\t\t\t<div class=\"elementor-element elementor-element-eaff940 elementor-widget elementor-widget-spacer\" data-id=\"eaff940\" data-element_type=\"widget\" data-widget_type=\"spacer.default\">\n\t\t\t\t<div class=\"elementor-widget-container\">\n\t\t\t\t\t<div class=\"elementor-spacer\">\n\t\t\t<div class=\"elementor-spacer-inner\"><\/div>\n\t\t<\/div>\n\t\t\t\t<\/div>\n\t\t\t\t<\/div>\n\t\t\t\t<div class=\"elementor-element elementor-element-eeb7d1e elementor-widget elementor-widget-text-editor\" data-id=\"eeb7d1e\" data-element_type=\"widget\" data-widget_type=\"text-editor.default\">\n\t\t\t\t<div class=\"elementor-widget-container\">\n\t\t\t\t\t\t\t\t<div class=\"elementor-text-editor elementor-clearfix\">\n\t\t\t\t<p style=\"text-align: left;\"><span style=\"font-family: tahoma, arial, helvetica, sans-serif;\">Na podstawie rozporz\u0105dzenia Ministra Rolnictwa i Rozwoju Wsi z 16 pa\u017adziernika 2024 r. <em>w sprawie zmiany rozporz\u0105dzenia o terytorialnym zakresie dzia\u0142ania oraz siedzibach powiatowych i granicznych lekarzy weterynarii<\/em> informuj\u0119, \u017ce <strong>z dniem 1 stycznia 2025<\/strong>:<\/span><\/p><ol><li><span style=\"font-family: tahoma, arial, helvetica, sans-serif;\"><strong>PKG HRUBIESZ\u00d3W <\/strong><\/span><\/li><\/ol><p style=\"padding-left: 40px;\"><span style=\"font-family: tahoma, arial, helvetica, sans-serif;\">Posterunek granicznej kontroli weterynaryjnej na przej\u015bciu granicznym kolejowym w\u00a0Hrubieszowie (ruch towarowy, LHS), <strong>wejdzie w struktur\u0119 organizacyjn\u0105 Granicznego Inspektoratu Weterynarii w\u00a0Dorohusku<\/strong> a organem w\u0142a\u015bciwym do spraw prowadzenia granicznej kontroli weterynaryjnej b\u0119dzie Graniczny Lekarz Weterynarii w Dorohusku.<\/span><\/p><ol start=\"2\"><li><span style=\"font-family: tahoma, arial, helvetica, sans-serif;\"><strong>PKG HREBENNE <\/strong><\/span><\/li><\/ol><p style=\"padding-left: 40px;\"><span style=\"font-family: tahoma, arial, helvetica, sans-serif;\">Posterunek granicznej kontroli weterynaryjnej na przej\u015bciu granicznym drogowym w\u00a0Hrebennem, <strong>wejdzie w struktur\u0119 organizacyjn\u0105 Granicznego Inspektoratu Weterynarii w\u00a0Korczowej<\/strong> a organem w\u0142a\u015bciwym do spraw prowadzenia granicznej kontroli weterynaryjnej b\u0119dzie Graniczny Lekarz Weterynarii w Korczowej.<\/span><\/p><p><span style=\"font-family: tahoma, arial, helvetica, sans-serif;\"><span style=\"font-size: 8pt;\">(Dz.U. poz. 1548) <\/span><a href=\"https:\/\/isap.sejm.gov.pl\/isap.nsf\/DocDetails.xsp?id=WDU20240001548\"><span style=\"font-size: 8pt;\">https:\/\/isap.sejm.gov.pl\/isap.nsf\/DocDetails.xsp?id=WDU20240001548<\/span><\/a><\/span><\/p><p><span style=\"font-family: tahoma, arial, helvetica, sans-serif;\">Graniczny Lekarz Weterynarii w Koroszczynie do\u0142o\u017cy wszelkich stara\u0144, aby proces wy\u0142\u0105czenia ww. posterunk\u00f3w kontroli granicznej w Hrubieszowie i Hrebennem ze struktury organizacyjnej Granicznego Inspektoratu Weterynarii w Koroszczynie przebieg\u0142 sprawnie i nie spowodowa\u0142 jakichkolwiek niedogodno\u015bci dla potencjalnych klient\u00f3w.<\/span><\/p><p style=\"text-align: right;\"><span style=\"font-family: tahoma, arial, helvetica, sans-serif;\">Jaros\u0142aw Nestorowicz &#8211; <strong>Graniczny Lekarz Weterynarii w Koroszczynie<\/strong><\/span><\/p>\t\t\t\t\t<\/div>\n\t\t\t\t\t\t<\/div>\n\t\t\t\t<\/div>\n\t\t\t\t<div class=\"elementor-element elementor-element-273a664 elementor-widget elementor-widget-spacer\" data-id=\"273a664\" data-element_type=\"widget\" data-widget_type=\"spacer.default\">\n\t\t\t\t<div class=\"elementor-widget-container\">\n\t\t\t\t\t<div class=\"elementor-spacer\">\n\t\t\t<div class=\"elementor-spacer-inner\"><\/div>\n\t\t<\/div>\n\t\t\t\t<\/div>\n\t\t\t\t<\/div>\n\t\t\t\t<div class=\"elementor-element elementor-element-4631ddc elementor-widget elementor-widget-heading\" data-id=\"4631ddc\" data-element_type=\"widget\" data-widget_type=\"heading.default\">\n\t\t\t\t<div class=\"elementor-widget-container\">\n\t\t\t<h2 class=\"elementor-heading-title elementor-size-default\">BCP Hrebenne<\/h2>\t\t<\/div>\n\t\t\t\t<\/div>\n\t\t\t\t<div class=\"elementor-element elementor-element-8873052 elementor-widget elementor-widget-image-carousel\" data-id=\"8873052\" data-element_type=\"widget\" data-settings=\"{&quot;navigation&quot;:&quot;none&quot;,&quot;autoplay&quot;:&quot;yes&quot;,&quot;pause_on_hover&quot;:&quot;yes&quot;,&quot;pause_on_interaction&quot;:&quot;yes&quot;,&quot;autoplay_speed&quot;:5000,&quot;infinite&quot;:&quot;yes&quot;,&quot;speed&quot;:500}\" data-widget_type=\"image-carousel.default\">\n\t\t\t\t<div class=\"elementor-widget-container\">\n\t\t\t\t\t<div class=\"elementor-image-carousel-wrapper swiper-container\" dir=\"ltr\">\n\t\t\t<div class=\"elementor-image-carousel swiper-wrapper\">\n\t\t\t\t\t\t\t\t<div class=\"swiper-slide\"><figure class=\"swiper-slide-inner\"><img class=\"swiper-slide-image\" src=\"http:\/\/griwkor.pl\/2019\/wp-content\/uploads\/2019\/04\/hre_5-768x510.jpg\" alt=\"hre_5\" \/><\/figure><\/div><div class=\"swiper-slide\"><figure class=\"swiper-slide-inner\"><img class=\"swiper-slide-image\" src=\"http:\/\/griwkor.pl\/2019\/wp-content\/uploads\/2019\/04\/hre_3-768x512.jpg\" alt=\"hre_3\" \/><\/figure><\/div><div class=\"swiper-slide\"><figure class=\"swiper-slide-inner\"><img class=\"swiper-slide-image\" src=\"http:\/\/griwkor.pl\/2019\/wp-content\/uploads\/2019\/04\/hre_4-768x510.jpg\" alt=\"hre_4\" \/><\/figure><\/div><div class=\"swiper-slide\"><figure class=\"swiper-slide-inner\"><img class=\"swiper-slide-image\" src=\"http:\/\/griwkor.pl\/2019\/wp-content\/uploads\/2019\/04\/hre_2-768x492.jpg\" alt=\"hre_2\" \/><\/figure><\/div><div class=\"swiper-slide\"><figure class=\"swiper-slide-inner\"><img class=\"swiper-slide-image\" src=\"http:\/\/griwkor.pl\/2019\/wp-content\/uploads\/2019\/04\/hre_1-768x510.jpg\" alt=\"hre_1\" \/><\/figure><\/div>\t\t\t<\/div>\n\t\t\t\t\t\t\t\t\t\t\t\t\t\t\t\t<\/div>\n\t\t\t\t<\/div>\n\t\t\t\t<\/div>\n\t\t\t\t<div class=\"elementor-element elementor-element-d81575e elementor-widget elementor-widget-text-editor\" data-id=\"d81575e\" data-element_type=\"widget\" data-widget_type=\"text-editor.default\">\n\t\t\t\t<div class=\"elementor-widget-container\">\n\t\t\t\t\t\t\t\t<div class=\"elementor-text-editor elementor-clearfix\">\n\t\t\t\t<p><b>Posterunek granicznej kontroli weterynaryjnej w Hrebennem funkcjonuje na drogowym przej\u015bciu granicznym Hrebenne (PL) &#8211; Rawa Ruska (UA), pomi\u0119dzy Polsk\u0105 a Ukrain\u0105.<\/b><\/p>\t\t\t\t\t<\/div>\n\t\t\t\t\t\t<\/div>\n\t\t\t\t<\/div>\n\t\t\t\t<section class=\"elementor-section elementor-inner-section elementor-element elementor-element-3361d1d elementor-section-boxed elementor-section-height-default elementor-section-height-default\" data-id=\"3361d1d\" data-element_type=\"section\">\n\t\t\t\t\t\t<div class=\"elementor-container elementor-column-gap-default\">\n\t\t\t\t\t\t\t<div class=\"elementor-row\">\n\t\t\t\t\t<div class=\"elementor-column elementor-col-50 elementor-inner-column elementor-element elementor-element-c4d37cb\" data-id=\"c4d37cb\" data-element_type=\"column\">\n\t\t\t<div class=\"elementor-column-wrap elementor-element-populated\">\n\t\t\t\t\t\t\t<div class=\"elementor-widget-wrap\">\n\t\t\t\t\t\t<div class=\"elementor-element elementor-element-8ae5624 elementor-widget elementor-widget-text-editor\" data-id=\"8ae5624\" data-element_type=\"widget\" data-widget_type=\"text-editor.default\">\n\t\t\t\t<div class=\"elementor-widget-container\">\n\t\t\t\t\t\t\t\t<div class=\"elementor-text-editor elementor-clearfix\">\n\t\t\t\t<p><b>Adres:<\/b><br \/>Graniczny Inspektorat Weterynarii w Koroszczynie<br \/>Posterunek w Hrebennem<br \/>Hrebenne, 22-680 Lubycza Kr\u00f3lewska<\/p><p><b>Godziny pracy Posterunku:<\/b><\/p><p>Poniedzia\u0142ek &#8211; Niedziela \/ 24h<\/p>\t\t\t\t\t<\/div>\n\t\t\t\t\t\t<\/div>\n\t\t\t\t<\/div>\n\t\t\t\t\t\t<\/div>\n\t\t\t\t\t<\/div>\n\t\t<\/div>\n\t\t\t\t<div class=\"elementor-column elementor-col-50 elementor-inner-column elementor-element elementor-element-a8d32ec\" data-id=\"a8d32ec\" data-element_type=\"column\">\n\t\t\t<div class=\"elementor-column-wrap elementor-element-populated\">\n\t\t\t\t\t\t\t<div class=\"elementor-widget-wrap\">\n\t\t\t\t\t\t<div class=\"elementor-element elementor-element-4cf09cb elementor-widget elementor-widget-text-editor\" data-id=\"4cf09cb\" data-element_type=\"widget\" data-widget_type=\"text-editor.default\">\n\t\t\t\t<div class=\"elementor-widget-container\">\n\t\t\t\t\t\t\t\t<div class=\"elementor-text-editor elementor-clearfix\">\n\t\t\t\t<p><b>Telefon:<\/b><br \/>(+48) 84 667 41 81<br \/><br \/><\/p>\t\t\t\t\t<\/div>\n\t\t\t\t\t\t<\/div>\n\t\t\t\t<\/div>\n\t\t\t\t\t\t<\/div>\n\t\t\t\t\t<\/div>\n\t\t<\/div>\n\t\t\t\t\t\t\t\t<\/div>\n\t\t\t\t\t<\/div>\n\t\t<\/section>\n\t\t\t\t<div class=\"elementor-element elementor-element-441ecdc elementor-widget elementor-widget-spacer\" data-id=\"441ecdc\" data-element_type=\"widget\" data-widget_type=\"spacer.default\">\n\t\t\t\t<div class=\"elementor-widget-container\">\n\t\t\t\t\t<div class=\"elementor-spacer\">\n\t\t\t<div class=\"elementor-spacer-inner\"><\/div>\n\t\t<\/div>\n\t\t\t\t<\/div>\n\t\t\t\t<\/div>\n\t\t\t\t<div class=\"elementor-element elementor-element-eb26d29 elementor-widget elementor-widget-heading\" data-id=\"eb26d29\" data-element_type=\"widget\" data-widget_type=\"heading.default\">\n\t\t\t\t<div class=\"elementor-widget-container\">\n\t\t\t<h2 class=\"elementor-heading-title elementor-size-default\">Posterunek zatwierdzony do kontroli:<\/h2>\t\t<\/div>\n\t\t\t\t<\/div>\n\t\t\t\t<div class=\"elementor-element elementor-element-0c2953a elementor-icon-list--layout-inline elementor-align-left elementor-list-item-link-full_width elementor-widget elementor-widget-icon-list\" data-id=\"0c2953a\" data-element_type=\"widget\" data-widget_type=\"icon-list.default\">\n\t\t\t\t<div class=\"elementor-widget-container\">\n\t\t\t\t\t<ul class=\"elementor-icon-list-items elementor-inline-items\">\n\t\t\t\t\t\t\t<li class=\"elementor-icon-list-item elementor-inline-item\">\n\t\t\t\t\t\t\t\t\t\t\t<a href=\"http:\/\/griwkor.pl\/2019\/produkty\/\">\n\n\t\t\t\t\t\t\t\t\t\t\t\t<span class=\"elementor-icon-list-icon\">\n\t\t\t\t\t\t\t<i aria-hidden=\"true\" class=\"fas fa-angle-double-right\"><\/i>\t\t\t\t\t\t<\/span>\n\t\t\t\t\t\t\t\t\t\t<span class=\"elementor-icon-list-text\">produkt\u00f3w jadalnych i niejadalnych pochodzenia zwierz\u0119cego: ww\u00f3z, wyw\u00f3z przetworzonego bia\u0142ka zwierz\u0119cego zawieraj\u0105cego bia\u0142ko prze\u017cuwaczy, wyjazd, tranzyt<\/span>\n\t\t\t\t\t\t\t\t\t\t\t<\/a>\n\t\t\t\t\t\t\t\t\t<\/li>\n\t\t\t\t\t\t<\/ul>\n\t\t\t\t<\/div>\n\t\t\t\t<\/div>\n\t\t\t\t<div class=\"elementor-element elementor-element-f672728 elementor-icon-list--layout-inline elementor-align-left elementor-list-item-link-full_width elementor-widget elementor-widget-icon-list\" data-id=\"f672728\" data-element_type=\"widget\" data-widget_type=\"icon-list.default\">\n\t\t\t\t<div class=\"elementor-widget-container\">\n\t\t\t\t\t<ul class=\"elementor-icon-list-items elementor-inline-items\">\n\t\t\t\t\t\t\t<li class=\"elementor-icon-list-item elementor-inline-item\">\n\t\t\t\t\t\t\t\t\t\t\t<a href=\"http:\/\/griwkor.pl\/2019\/pasze\/\">\n\n\t\t\t\t\t\t\t\t\t\t\t\t<span class=\"elementor-icon-list-icon\">\n\t\t\t\t\t\t\t<i aria-hidden=\"true\" class=\"fas fa-angle-double-right\"><\/i>\t\t\t\t\t\t<\/span>\n\t\t\t\t\t\t\t\t\t\t<span class=\"elementor-icon-list-text\">pasz: ww\u00f3z, wyjazd, tranzyt<\/span>\n\t\t\t\t\t\t\t\t\t\t\t<\/a>\n\t\t\t\t\t\t\t\t\t<\/li>\n\t\t\t\t\t\t<\/ul>\n\t\t\t\t<\/div>\n\t\t\t\t<\/div>\n\t\t\t\t<div class=\"elementor-element elementor-element-852b1eb elementor-icon-list--layout-inline elementor-align-left elementor-list-item-link-full_width elementor-widget elementor-widget-icon-list\" data-id=\"852b1eb\" data-element_type=\"widget\" data-widget_type=\"icon-list.default\">\n\t\t\t\t<div class=\"elementor-widget-container\">\n\t\t\t\t\t<ul class=\"elementor-icon-list-items elementor-inline-items\">\n\t\t\t\t\t\t\t<li class=\"elementor-icon-list-item elementor-inline-item\">\n\t\t\t\t\t\t\t\t\t\t\t<a href=\"\/zgloszenie-do-przeladunku\/\">\n\n\t\t\t\t\t\t\t\t\t\t\t\t<span class=\"elementor-icon-list-icon\">\n\t\t\t\t\t\t\t<i aria-hidden=\"true\" class=\"fas fa-angle-double-right\"><\/i>\t\t\t\t\t\t<\/span>\n\t\t\t\t\t\t\t\t\t\t<span class=\"elementor-icon-list-text\"> POSTERUNEK NIE PROWADZI KONTROLI ZWIERZ\u0104T<\/span>\n\t\t\t\t\t\t\t\t\t\t\t<\/a>\n\t\t\t\t\t\t\t\t\t<\/li>\n\t\t\t\t\t\t<\/ul>\n\t\t\t\t<\/div>\n\t\t\t\t<\/div>\n\t\t\t\t<div class=\"elementor-element elementor-element-2aa1af2 elementor-widget elementor-widget-spacer\" data-id=\"2aa1af2\" data-element_type=\"widget\" data-widget_type=\"spacer.default\">\n\t\t\t\t<div class=\"elementor-widget-container\">\n\t\t\t\t\t<div class=\"elementor-spacer\">\n\t\t\t<div class=\"elementor-spacer-inner\"><\/div>\n\t\t<\/div>\n\t\t\t\t<\/div>\n\t\t\t\t<\/div>\n\t\t\t\t<div class=\"elementor-element elementor-element-8f19e1b elementor-widget elementor-widget-text-editor\" data-id=\"8f19e1b\" data-element_type=\"widget\" data-widget_type=\"text-editor.default\">\n\t\t\t\t<div class=\"elementor-widget-container\">\n\t\t\t\t\t\t\t\t<div class=\"elementor-text-editor elementor-clearfix\">\n\t\t\t\t<p><span style=\"font-size: 18pt;\"><b>Zg\u0142oszenie do kontroli:<\/b><\/span><\/p><p><span style=\"font-size: 18pt;\">Graniczn\u0105 kontrole weterynaryjn\u0105 poprzedza\u00a0<span style=\"color: #00ff00;\"><a style=\"color: #00ff00;\" href=\"http:\/\/griwkor.pl\/2019\/zgloszenie-do-kontroli\/\">zg\u0142oszenie do kontroli<\/a><\/span>\u00a0z\u0142o\u017cone na odpowiednim dokumencie w posteruku kontroli granicznej przez osob\u0119 odpowiedzialn\u0105 za przesy\u0142k\u0119 lub przez jej\u00a0<span style=\"color: #00ff00;\"><a style=\"color: #00ff00;\" href=\"http:\/\/griwkor.pl\/2019\/wp-content\/uploads\/2019\/05\/Informacja-o-sposobie-zg\u0142aszania-przesy\u0142ek-pasz-do-weterynaryjnej-kontroli-granicznej-i-trybie-powiadamiania-Powiatowych-Lekarzy-Weterynarii.pdf\">pe\u0142nomocnika<\/a>.<\/span><\/span><br \/><span style=\"font-size: 18pt;\">Dat\u0119 i godzin\u0119 kontroli nale\u017cy wcze\u015bniej uzgadnia\u0107 z kierownikiem zmiany inspektoratu &#8211; <span style=\"color: #00ff00;\"><a style=\"color: #00ff00;\" href=\"http:\/\/griwkor.pl\/2019\/kontakt\/\">kontakt<\/a>.<\/span><\/span><\/p><p><span style=\"font-size: 18pt;\"><b>Kod identyfikacyjny: <span style=\"color: #00ff00;\">PL HRE 3<\/span><\/b><\/span><\/p>\t\t\t\t\t<\/div>\n\t\t\t\t\t\t<\/div>\n\t\t\t\t<\/div>\n\t\t\t\t<div class=\"elementor-element elementor-element-927daaf elementor-icon-list--layout-inline elementor-align-left elementor-list-item-link-full_width elementor-widget elementor-widget-icon-list\" data-id=\"927daaf\" data-element_type=\"widget\" data-widget_type=\"icon-list.default\">\n\t\t\t\t<div class=\"elementor-widget-container\">\n\t\t\t\t\t<ul class=\"elementor-icon-list-items elementor-inline-items\">\n\t\t\t\t\t\t\t<li class=\"elementor-icon-list-item elementor-inline-item\">\n\t\t\t\t\t\t\t\t\t\t\t<a href=\"http:\/\/griwkor.pl\/grfx\/pkg_opis_800x600.jpg\">\n\n\t\t\t\t\t\t\t\t\t\t\t\t<span class=\"elementor-icon-list-icon\">\n\t\t\t\t\t\t\t<i aria-hidden=\"true\" class=\"fas fa-angle-double-right\"><\/i>\t\t\t\t\t\t<\/span>\n\t\t\t\t\t\t\t\t\t\t<span class=\"elementor-icon-list-text\">Wykaz wszystkich polskich przej\u015b\u0107 granicznych, na kt\u00f3rych przeprowadzana jest kontrola weterynaryjna.<\/span>\n\t\t\t\t\t\t\t\t\t\t\t<\/a>\n\t\t\t\t\t\t\t\t\t<\/li>\n\t\t\t\t\t\t<\/ul>\n\t\t\t\t<\/div>\n\t\t\t\t<\/div>\n\t\t\t\t<div class=\"elementor-element elementor-element-2ad88fc elementor-icon-list--layout-inline elementor-align-left elementor-list-item-link-full_width elementor-widget elementor-widget-icon-list\" data-id=\"2ad88fc\" data-element_type=\"widget\" data-widget_type=\"icon-list.default\">\n\t\t\t\t<div class=\"elementor-widget-container\">\n\t\t\t\t\t<ul class=\"elementor-icon-list-items elementor-inline-items\">\n\t\t\t\t\t\t\t<li class=\"elementor-icon-list-item elementor-inline-item\">\n\t\t\t\t\t\t\t\t\t\t\t<a href=\"http:\/\/kordon.sfs.gov.ua\/pl\">\n\n\t\t\t\t\t\t\t\t\t\t\t\t<span class=\"elementor-icon-list-icon\">\n\t\t\t\t\t\t\t\t\t\t\t\t\t\t\t\t<i class=\"fa fa-angle-double-right\" aria-hidden=\"true\"><\/i>\n\t\t\t\t\t\t\t\t\t\t\t\t\t<\/span>\n\t\t\t\t\t\t\t\t\t\t<span class=\"elementor-icon-list-text\">Kolejka po stronie UA<\/span>\n\t\t\t\t\t\t\t\t\t\t\t<\/a>\n\t\t\t\t\t\t\t\t\t<\/li>\n\t\t\t\t\t\t<\/ul>\n\t\t\t\t<\/div>\n\t\t\t\t<\/div>\n\t\t\t\t<div class=\"elementor-element elementor-element-d8ef867 elementor-icon-list--layout-inline elementor-align-left elementor-list-item-link-full_width elementor-widget elementor-widget-icon-list\" data-id=\"d8ef867\" data-element_type=\"widget\" data-widget_type=\"icon-list.default\">\n\t\t\t\t<div class=\"elementor-widget-container\">\n\t\t\t\t\t<ul class=\"elementor-icon-list-items elementor-inline-items\">\n\t\t\t\t\t\t\t<li class=\"elementor-icon-list-item elementor-inline-item\">\n\t\t\t\t\t\t\t\t\t\t\t<a href=\"https:\/\/granica.gov.pl\/index_wait.php?p=u&#038;v=pl&#038;k=w\">\n\n\t\t\t\t\t\t\t\t\t\t\t\t<span class=\"elementor-icon-list-icon\">\n\t\t\t\t\t\t\t\t\t\t\t\t\t\t\t\t<i class=\"fa fa-angle-double-right\" aria-hidden=\"true\"><\/i>\n\t\t\t\t\t\t\t\t\t\t\t\t\t<\/span>\n\t\t\t\t\t\t\t\t\t\t<span class=\"elementor-icon-list-text\">Kolejka po stronie PL<\/span>\n\t\t\t\t\t\t\t\t\t\t\t<\/a>\n\t\t\t\t\t\t\t\t\t<\/li>\n\t\t\t\t\t\t<\/ul>\n\t\t\t\t<\/div>\n\t\t\t\t<\/div>\n\t\t\t\t\t\t<\/div>\n\t\t\t\t\t<\/div>\n\t\t<\/div>\n\t\t\t\t\t\t\t\t<\/div>\n\t\t\t\t\t<\/div>\n\t\t<\/section>\n\t\t\t\t<section class=\"elementor-section elementor-top-section elementor-element elementor-element-952cd2f elementor-section-boxed elementor-section-height-default elementor-section-height-default\" data-id=\"952cd2f\" data-element_type=\"section\">\n\t\t\t\t\t\t<div class=\"elementor-container elementor-column-gap-no\">\n\t\t\t\t\t\t\t<div class=\"elementor-row\">\n\t\t\t\t\t<div class=\"elementor-column elementor-col-100 elementor-top-column elementor-element elementor-element-83fec32\" data-id=\"83fec32\" data-element_type=\"column\" data-settings=\"{&quot;background_background&quot;:&quot;classic&quot;}\">\n\t\t\t<div class=\"elementor-column-wrap elementor-element-populated\">\n\t\t\t\t\t\t\t<div class=\"elementor-widget-wrap\">\n\t\t\t\t\t\t<div class=\"elementor-element elementor-element-5daaa8b elementor-widget elementor-widget-google_maps\" data-id=\"5daaa8b\" data-element_type=\"widget\" data-widget_type=\"google_maps.default\">\n\t\t\t\t<div class=\"elementor-widget-container\">\n\t\t\t\t\t<div class=\"elementor-custom-embed\">\n\t\t\t<iframe frameborder=\"0\" scrolling=\"no\" marginheight=\"0\" marginwidth=\"0\"\n\t\t\t\t\tsrc=\"https:\/\/maps.google.com\/maps?q=Przej%C5%9Bcie%20graniczne%20Hrebenne%20-%20Rawa%20Ruska&#038;t=m&#038;z=11&#038;output=embed&#038;iwloc=near\"\n\t\t\t\t\ttitle=\"Przej\u015bcie graniczne Hrebenne - Rawa Ruska\"\n\t\t\t\t\taria-label=\"Przej\u015bcie graniczne Hrebenne - Rawa Ruska\"\n\t\t\t><\/iframe>\n\t\t<\/div>\n\t\t\t\t<\/div>\n\t\t\t\t<\/div>\n\t\t\t\t\t\t<\/div>\n\t\t\t\t\t<\/div>\n\t\t<\/div>\n\t\t\t\t\t\t\t\t<\/div>\n\t\t\t\t\t<\/div>\n\t\t<\/section>\n\t\t\t\t\t\t\t\t\t<\/div>\n\t\t\t<\/div>\n\t\t\t\t\t<\/div>\n\t\t","protected":false},"excerpt":{"rendered":"<p>Na podstawie rozporz\u0105dzenia Ministra Rolnictwa i Rozwoju Wsi z 16 pa\u017adziernika 2024 r. w sprawie zmiany rozporz\u0105dzenia o terytorialnym zakresie dzia\u0142ania oraz siedzibach powiatowych i granicznych lekarzy weterynarii informuj\u0119, \u017ce z dniem 1 stycznia 2025: PKG HRUBIESZ\u00d3W Posterunek granicznej kontroli weterynaryjnej na przej\u015bciu granicznym kolejowym w\u00a0Hrubieszowie (ruch towarowy, LHS), wejdzie w struktur\u0119 organizacyjn\u0105 Granicznego Inspektoratu [&hellip;]<\/p>\n","protected":false},"author":2,"featured_media":0,"parent":0,"menu_order":0,"comment_status":"closed","ping_status":"closed","template":"elementor_header_footer","meta":[],"_links":{"self":[{"href":"http:\/\/griwkor.pl\/2019\/wp-json\/wp\/v2\/pages\/1155"}],"collection":[{"href":"http:\/\/griwkor.pl\/2019\/wp-json\/wp\/v2\/pages"}],"about":[{"href":"http:\/\/griwkor.pl\/2019\/wp-json\/wp\/v2\/types\/page"}],"author":[{"embeddable":true,"href":"http:\/\/griwkor.pl\/2019\/wp-json\/wp\/v2\/users\/2"}],"replies":[{"embeddable":true,"href":"http:\/\/griwkor.pl\/2019\/wp-json\/wp\/v2\/comments?post=1155"}],"version-history":[{"count":289,"href":"http:\/\/griwkor.pl\/2019\/wp-json\/wp\/v2\/pages\/1155\/revisions"}],"predecessor-version":[{"id":9914,"href":"http:\/\/griwkor.pl\/2019\/wp-json\/wp\/v2\/pages\/1155\/revisions\/9914"}],"wp:attachment":[{"href":"http:\/\/griwkor.pl\/2019\/wp-json\/wp\/v2\/media?parent=1155"}],"curies":[{"name":"wp","href":"https:\/\/api.w.org\/{rel}","templated":true}]}}