{"id":3642,"date":"2019-12-23T18:51:31","date_gmt":"2019-12-23T18:51:31","guid":{"rendered":"http:\/\/griwkor.pl\/2019\/?page_id=3642"},"modified":"2021-04-16T15:24:57","modified_gmt":"2021-04-16T15:24:57","slug":"zwierzeta-u-kopytne","status":"publish","type":"page","link":"http:\/\/griwkor.pl\/2019\/wzory-swiadectw\/zwierzeta-u-kopytne\/","title":{"rendered":"ZWIERZ\u0118TA \u201eU\u201d (kopytne)"},"content":{"rendered":"\t\t<div data-elementor-type=\"wp-post\" data-elementor-id=\"3642\" class=\"elementor elementor-3642\">\n\t\t\t\t\t\t<div class=\"elementor-inner\">\n\t\t\t\t<div class=\"elementor-section-wrap\">\n\t\t\t\t\t\t\t\t\t<section class=\"elementor-section elementor-top-section elementor-element elementor-element-6892f8f7 elementor-section-boxed elementor-section-height-default elementor-section-height-default\" data-id=\"6892f8f7\" data-element_type=\"section\">\n\t\t\t\t\t\t<div class=\"elementor-container elementor-column-gap-no\">\n\t\t\t\t\t\t\t<div class=\"elementor-row\">\n\t\t\t\t\t<div class=\"elementor-column elementor-col-50 elementor-top-column elementor-element elementor-element-75e332d5\" data-id=\"75e332d5\" data-element_type=\"column\" data-settings=\"{&quot;background_background&quot;:&quot;classic&quot;}\">\n\t\t\t<div class=\"elementor-column-wrap\">\n\t\t\t\t\t\t\t<div class=\"elementor-widget-wrap\">\n\t\t\t\t\t\t\t\t<\/div>\n\t\t\t\t\t<\/div>\n\t\t<\/div>\n\t\t\t\t<div class=\"elementor-column elementor-col-50 elementor-top-column elementor-element elementor-element-3bd93c61\" data-id=\"3bd93c61\" data-element_type=\"column\">\n\t\t\t<div class=\"elementor-column-wrap elementor-element-populated\">\n\t\t\t\t\t\t\t<div class=\"elementor-widget-wrap\">\n\t\t\t\t\t\t<div class=\"elementor-element elementor-element-65b37fe elementor-widget elementor-widget-spacer\" data-id=\"65b37fe\" data-element_type=\"widget\" data-widget_type=\"spacer.default\">\n\t\t\t\t<div class=\"elementor-widget-container\">\n\t\t\t\t\t<div class=\"elementor-spacer\">\n\t\t\t<div class=\"elementor-spacer-inner\"><\/div>\n\t\t<\/div>\n\t\t\t\t<\/div>\n\t\t\t\t<\/div>\n\t\t\t\t<div class=\"elementor-element elementor-element-bfda7d6 elementor-widget elementor-widget-spacer\" data-id=\"bfda7d6\" data-element_type=\"widget\" data-widget_type=\"spacer.default\">\n\t\t\t\t<div class=\"elementor-widget-container\">\n\t\t\t\t\t<div class=\"elementor-spacer\">\n\t\t\t<div class=\"elementor-spacer-inner\"><\/div>\n\t\t<\/div>\n\t\t\t\t<\/div>\n\t\t\t\t<\/div>\n\t\t\t\t<div class=\"elementor-element elementor-element-08c909a elementor-widget elementor-widget-heading\" data-id=\"08c909a\" data-element_type=\"widget\" data-widget_type=\"heading.default\">\n\t\t\t\t<div class=\"elementor-widget-container\">\n\t\t\t<h2 class=\"elementor-heading-title elementor-size-default\">Wzory \u015bwiadectw weterynaryjnych<\/h2>\t\t<\/div>\n\t\t\t\t<\/div>\n\t\t\t\t<div class=\"elementor-element elementor-element-d1a0e12 elementor-nav-menu__text-align-center elementor-nav-menu--indicator-classic elementor-nav-menu--dropdown-tablet elementor-widget elementor-widget-nav-menu\" data-id=\"d1a0e12\" data-element_type=\"widget\" data-settings=\"{&quot;layout&quot;:&quot;horizontal&quot;}\" data-widget_type=\"nav-menu.default\">\n\t\t\t\t<div class=\"elementor-widget-container\">\n\t\t\t\t\t\t<nav role=\"navigation\" class=\"elementor-nav-menu--main elementor-nav-menu__container elementor-nav-menu--layout-horizontal e--pointer-background e--animation-fade\"><ul id=\"menu-1-d1a0e12\" class=\"elementor-nav-menu\"><li class=\"menu-item menu-item-type-custom menu-item-object-custom menu-item-has-children menu-item-3693\"><a href=\"#\" class=\"elementor-item elementor-item-anchor\">Zwierz\u0119ta<\/a>\n<ul class=\"sub-menu elementor-nav-menu--dropdown\">\n\t<li class=\"menu-item menu-item-type-post_type menu-item-object-page menu-item-3692\"><a href=\"http:\/\/griwkor.pl\/2019\/wzory-swiadectw\/zwierzeta-e-konie-rejestrowane\/\" class=\"elementor-sub-item\">EU (kopytne)<\/a><\/li>\n\t<li class=\"menu-item menu-item-type-post_type menu-item-object-page menu-item-3690\"><a href=\"http:\/\/griwkor.pl\/2019\/wzory-swiadectw\/zwierzeta-o-pozostale\/\" class=\"elementor-sub-item\">O (pozosta\u0142e)<\/a><\/li>\n<\/ul>\n<\/li>\n<li class=\"menu-item menu-item-type-custom menu-item-object-custom menu-item-has-children menu-item-3694\"><a href=\"#\" class=\"elementor-item elementor-item-anchor\">Produkty<\/a>\n<ul class=\"sub-menu elementor-nav-menu--dropdown\">\n\t<li class=\"menu-item menu-item-type-post_type menu-item-object-page menu-item-3688\"><a href=\"http:\/\/griwkor.pl\/2019\/wzory-swiadectw\/produkty-hc-jadalne-przywoz\/\" class=\"elementor-sub-item\">HC (jadalne)<\/a><\/li>\n\t<li class=\"menu-item menu-item-type-post_type menu-item-object-page menu-item-3689\"><a href=\"http:\/\/griwkor.pl\/2019\/wzory-swiadectw\/produkty-nhc-niejadalne\/\" class=\"elementor-sub-item\">NHC (niejadalne)<\/a><\/li>\n<\/ul>\n<\/li>\n<\/ul><\/nav>\n\t\t\t\t\t<div class=\"elementor-menu-toggle\" role=\"button\" tabindex=\"0\" aria-label=\"Menu Toggle\" aria-expanded=\"false\">\n\t\t\t<i class=\"eicon-menu-bar\" aria-hidden=\"true\"><\/i>\n\t\t\t<span class=\"elementor-screen-only\">Menu<\/span>\n\t\t<\/div>\n\t\t\t<nav class=\"elementor-nav-menu--dropdown elementor-nav-menu__container\" role=\"navigation\" aria-hidden=\"true\"><ul id=\"menu-2-d1a0e12\" class=\"elementor-nav-menu\"><li class=\"menu-item menu-item-type-custom menu-item-object-custom menu-item-has-children menu-item-3693\"><a href=\"#\" class=\"elementor-item elementor-item-anchor\">Zwierz\u0119ta<\/a>\n<ul class=\"sub-menu elementor-nav-menu--dropdown\">\n\t<li class=\"menu-item menu-item-type-post_type menu-item-object-page menu-item-3692\"><a href=\"http:\/\/griwkor.pl\/2019\/wzory-swiadectw\/zwierzeta-e-konie-rejestrowane\/\" class=\"elementor-sub-item\">EU (kopytne)<\/a><\/li>\n\t<li class=\"menu-item menu-item-type-post_type menu-item-object-page menu-item-3690\"><a href=\"http:\/\/griwkor.pl\/2019\/wzory-swiadectw\/zwierzeta-o-pozostale\/\" class=\"elementor-sub-item\">O (pozosta\u0142e)<\/a><\/li>\n<\/ul>\n<\/li>\n<li class=\"menu-item menu-item-type-custom menu-item-object-custom menu-item-has-children menu-item-3694\"><a href=\"#\" class=\"elementor-item elementor-item-anchor\">Produkty<\/a>\n<ul class=\"sub-menu elementor-nav-menu--dropdown\">\n\t<li class=\"menu-item menu-item-type-post_type menu-item-object-page menu-item-3688\"><a href=\"http:\/\/griwkor.pl\/2019\/wzory-swiadectw\/produkty-hc-jadalne-przywoz\/\" class=\"elementor-sub-item\">HC (jadalne)<\/a><\/li>\n\t<li class=\"menu-item menu-item-type-post_type menu-item-object-page menu-item-3689\"><a href=\"http:\/\/griwkor.pl\/2019\/wzory-swiadectw\/produkty-nhc-niejadalne\/\" class=\"elementor-sub-item\">NHC (niejadalne)<\/a><\/li>\n<\/ul>\n<\/li>\n<\/ul><\/nav>\n\t\t\t\t<\/div>\n\t\t\t\t<\/div>\n\t\t\t\t<div class=\"elementor-element elementor-element-6232982 elementor-widget elementor-widget-spacer\" data-id=\"6232982\" data-element_type=\"widget\" data-widget_type=\"spacer.default\">\n\t\t\t\t<div class=\"elementor-widget-container\">\n\t\t\t\t\t<div class=\"elementor-spacer\">\n\t\t\t<div class=\"elementor-spacer-inner\"><\/div>\n\t\t<\/div>\n\t\t\t\t<\/div>\n\t\t\t\t<\/div>\n\t\t\t\t<div class=\"elementor-element elementor-element-531ff14 elementor-align-left elementor-icon-list--layout-traditional elementor-list-item-link-full_width elementor-widget elementor-widget-icon-list\" data-id=\"531ff14\" data-element_type=\"widget\" data-widget_type=\"icon-list.default\">\n\t\t\t\t<div class=\"elementor-widget-container\">\n\t\t\t\t\t<ul class=\"elementor-icon-list-items\">\n\t\t\t\t\t\t\t<li class=\"elementor-icon-list-item\">\n\t\t\t\t\t\t\t\t\t\t<span class=\"elementor-icon-list-text\">Wz\u00f3r \u015bwiadectwa zdrowia i wz\u00f3r o\u015bwiadczenia na potrzeby tranzytu \u017cywych koniowatych przez Uni\u0119 z jednego pa\u0144stwa trzeciego lub cz\u0119\u015bci terytorium pa\u0144stwa trzeciego do innego pa\u0144stwa trzeciego lub innej cz\u0119\u015bci terytorium tego samego pa\u0144stwa trzeciego<\/span>\n\t\t\t\t\t\t\t\t\t<\/li>\n\t\t\t\t\t\t\t\t<li class=\"elementor-icon-list-item\">\n\t\t\t\t\t\t\t\t\t\t\t<span class=\"elementor-icon-list-icon\">\n\t\t\t\t\t\t\t<i aria-hidden=\"true\" class=\"fas fa-calendar-alt\"><\/i>\t\t\t\t\t\t<\/span>\n\t\t\t\t\t\t\t\t\t\t<span class=\"elementor-icon-list-text\">akceptuje si\u0119 do dnia 20 pa\u017adziernika 2021 r., pod warunkiem \u017ce \u015bwiadectwo zosta\u0142o podpisane przez osob\u0119 upowa\u017cnion\u0105 do jego podpisania przed dniem 21 sierpnia 2021 r.<\/span>\n\t\t\t\t\t\t\t\t\t<\/li>\n\t\t\t\t\t\t\t\t<li class=\"elementor-icon-list-item\">\n\t\t\t\t\t\t\t\t\t\t\t<a href=\"http:\/\/griwkor.pl\/2019\/wp-content\/uploads\/2020\/01\/2_TRANZYT.pdf\">\n\n\t\t\t\t\t\t\t\t\t\t\t\t<span class=\"elementor-icon-list-icon\">\n\t\t\t\t\t\t\t<i aria-hidden=\"true\" class=\"far fa-file-pdf\"><\/i>\t\t\t\t\t\t<\/span>\n\t\t\t\t\t\t\t\t\t\t<span class=\"elementor-icon-list-text\">PL<\/span>\n\t\t\t\t\t\t\t\t\t\t\t<\/a>\n\t\t\t\t\t\t\t\t\t<\/li>\n\t\t\t\t\t\t<\/ul>\n\t\t\t\t<\/div>\n\t\t\t\t<\/div>\n\t\t\t\t\t\t<\/div>\n\t\t\t\t\t<\/div>\n\t\t<\/div>\n\t\t\t\t\t\t\t\t<\/div>\n\t\t\t\t\t<\/div>\n\t\t<\/section>\n\t\t\t\t\t\t\t\t\t<\/div>\n\t\t\t<\/div>\n\t\t\t\t\t<\/div>\n\t\t","protected":false},"excerpt":{"rendered":"<p>Wzory \u015bwiadectw weterynaryjnych Wz\u00f3r \u015bwiadectwa zdrowia i wz\u00f3r o\u015bwiadczenia na potrzeby tranzytu \u017cywych koniowatych przez Uni\u0119 z jednego pa\u0144stwa trzeciego lub cz\u0119\u015bci terytorium pa\u0144stwa trzeciego do innego pa\u0144stwa trzeciego lub innej cz\u0119\u015bci terytorium tego samego pa\u0144stwa trzeciego akceptuje si\u0119 do dnia 20 pa\u017adziernika 2021 r., pod warunkiem \u017ce \u015bwiadectwo zosta\u0142o podpisane przez osob\u0119 upowa\u017cnion\u0105 do [&hellip;]<\/p>\n","protected":false},"author":2,"featured_media":0,"parent":253,"menu_order":1,"comment_status":"closed","ping_status":"closed","template":"elementor_header_footer","meta":[],"_links":{"self":[{"href":"http:\/\/griwkor.pl\/2019\/wp-json\/wp\/v2\/pages\/3642"}],"collection":[{"href":"http:\/\/griwkor.pl\/2019\/wp-json\/wp\/v2\/pages"}],"about":[{"href":"http:\/\/griwkor.pl\/2019\/wp-json\/wp\/v2\/types\/page"}],"author":[{"embeddable":true,"href":"http:\/\/griwkor.pl\/2019\/wp-json\/wp\/v2\/users\/2"}],"replies":[{"embeddable":true,"href":"http:\/\/griwkor.pl\/2019\/wp-json\/wp\/v2\/comments?post=3642"}],"version-history":[{"count":17,"href":"http:\/\/griwkor.pl\/2019\/wp-json\/wp\/v2\/pages\/3642\/revisions"}],"predecessor-version":[{"id":6366,"href":"http:\/\/griwkor.pl\/2019\/wp-json\/wp\/v2\/pages\/3642\/revisions\/6366"}],"up":[{"embeddable":true,"href":"http:\/\/griwkor.pl\/2019\/wp-json\/wp\/v2\/pages\/253"}],"wp:attachment":[{"href":"http:\/\/griwkor.pl\/2019\/wp-json\/wp\/v2\/media?parent=3642"}],"curies":[{"name":"wp","href":"https:\/\/api.w.org\/{rel}","templated":true}]}}