{"id":4426,"date":"2020-02-21T09:01:48","date_gmt":"2020-02-21T09:01:48","guid":{"rendered":"http:\/\/griwkor.pl\/2019\/?page_id=4426"},"modified":"2022-04-23T11:06:10","modified_gmt":"2022-04-23T11:06:10","slug":"praca-archiwum","status":"publish","type":"page","link":"http:\/\/griwkor.pl\/2019\/praca-archiwum\/","title":{"rendered":"Praca &#8211; Archiwum"},"content":{"rendered":"\t\t<div data-elementor-type=\"wp-post\" data-elementor-id=\"4426\" class=\"elementor elementor-4426\">\n\t\t\t\t\t\t<div class=\"elementor-inner\">\n\t\t\t\t<div class=\"elementor-section-wrap\">\n\t\t\t\t\t\t\t\t\t<section class=\"elementor-section elementor-top-section elementor-element elementor-element-018e9ea elementor-section-content-middle elementor-section-boxed elementor-section-height-default elementor-section-height-default\" data-id=\"018e9ea\" data-element_type=\"section\">\n\t\t\t\t\t\t<div class=\"elementor-container elementor-column-gap-no\">\n\t\t\t\t\t\t\t<div class=\"elementor-row\">\n\t\t\t\t\t<div class=\"elementor-column elementor-col-100 elementor-top-column elementor-element elementor-element-781e6db\" data-id=\"781e6db\" data-element_type=\"column\">\n\t\t\t<div class=\"elementor-column-wrap elementor-element-populated\">\n\t\t\t\t\t\t\t<div class=\"elementor-widget-wrap\">\n\t\t\t\t\t\t<div class=\"elementor-element elementor-element-c514b72 elementor-widget elementor-widget-spacer\" data-id=\"c514b72\" data-element_type=\"widget\" data-widget_type=\"spacer.default\">\n\t\t\t\t<div class=\"elementor-widget-container\">\n\t\t\t\t\t<div class=\"elementor-spacer\">\n\t\t\t<div class=\"elementor-spacer-inner\"><\/div>\n\t\t<\/div>\n\t\t\t\t<\/div>\n\t\t\t\t<\/div>\n\t\t\t\t<div class=\"elementor-element elementor-element-0f6510c elementor-widget elementor-widget-spacer\" data-id=\"0f6510c\" data-element_type=\"widget\" data-widget_type=\"spacer.default\">\n\t\t\t\t<div class=\"elementor-widget-container\">\n\t\t\t\t\t<div class=\"elementor-spacer\">\n\t\t\t<div class=\"elementor-spacer-inner\"><\/div>\n\t\t<\/div>\n\t\t\t\t<\/div>\n\t\t\t\t<\/div>\n\t\t\t\t<div class=\"elementor-element elementor-element-b620073 elementor-grid-3 elementor-grid-tablet-2 elementor-grid-mobile-1 elementor-posts--thumbnail-top elementor-posts--show-avatar elementor-card-shadow-yes elementor-posts__hover-gradient elementor-widget elementor-widget-posts\" data-id=\"b620073\" data-element_type=\"widget\" data-settings=\"{&quot;cards_columns&quot;:&quot;3&quot;,&quot;cards_columns_tablet&quot;:&quot;2&quot;,&quot;cards_columns_mobile&quot;:&quot;1&quot;,&quot;cards_row_gap&quot;:{&quot;unit&quot;:&quot;px&quot;,&quot;size&quot;:35,&quot;sizes&quot;:[]}}\" data-widget_type=\"posts.cards\">\n\t\t\t\t<div class=\"elementor-widget-container\">\n\t\t\t\t\t<div class=\"elementor-posts-container elementor-posts elementor-posts--skin-cards elementor-grid\">\n\t\t\t\t<article class=\"elementor-post elementor-grid-item post-3578 post type-post status-publish format-standard hentry category-ogloszenia entry\">\n\t\t\t<div class=\"elementor-post__card\">\n\t\t\t\t<div class=\"elementor-post__text\">\n\t\t\t\t<h3 class=\"elementor-post__title\">\n\t\t\t<a href=\"http:\/\/griwkor.pl\/2019\/2019-12-21\/\" >\n\t\t\t\t2019-12-21\t\t\t<\/a>\n\t\t<\/h3>\n\t\t\t\t<div class=\"elementor-post__excerpt\">\n\t\t\t<p>Graniczny Lekarz Weterynarii poszukuje kandydat\u00f3w\/kandydatek na stanowisko inspektor weterynaryjny do spraw: granicznej kontroli weterynaryjnej posterunek granicznej kontroli weterynaryjnej w Hrubieszowie i Hrebennem. https:\/\/nabory.kprm.gov.pl\/lubelskie\/hrubieszow\/inspektor-weterynaryjny,58929<\/p>\n\t\t<\/div>\n\t\t\t\t\t<a class=\"elementor-post__read-more\" href=\"http:\/\/griwkor.pl\/2019\/2019-12-21\/\" >\n\t\t\t\tCzytaj wi\u0119cej \u00bb\t\t\t<\/a>\n\t\t\t\t<\/div>\n\t\t\t\t<div class=\"elementor-post__meta-data\">\n\t\t\t\t\t<span class=\"elementor-post-date\">\n\t\t\t21 grudnia, 2019\t\t<\/span>\n\t\t\t\t<span class=\"elementor-post-avatar\">\n\t\t\tBrak komentarzy\t\t<\/span>\n\t\t\t\t<\/div>\n\t\t\t\t\t<\/div>\n\t\t<\/article>\n\t\t\t\t<article class=\"elementor-post elementor-grid-item post-3517 post type-post status-publish format-standard hentry category-ogloszenia entry\">\n\t\t\t<div class=\"elementor-post__card\">\n\t\t\t\t<div class=\"elementor-post__text\">\n\t\t\t\t<h3 class=\"elementor-post__title\">\n\t\t\t<a href=\"http:\/\/griwkor.pl\/2019\/2019-12-10\/\" >\n\t\t\t\t2019-12-10\t\t\t<\/a>\n\t\t<\/h3>\n\t\t\t\t<div class=\"elementor-post__excerpt\">\n\t\t\t<p>Graniczny Lekarz Weterynarii poszukuje kandydat\u00f3w\/kandydatek na stanowisko inspektor weterynaryjny do spraw: granicznej kontroli weterynaryjnej posterunek granicznej kontroli weterynaryjnej w Hrubieszowie i Hrebennem. https:\/\/nabory.kprm.gov.pl\/lubelskie\/hrubieszow\/inspektor-weterynaryjny,58463<\/p>\n\t\t<\/div>\n\t\t\t\t\t<a class=\"elementor-post__read-more\" href=\"http:\/\/griwkor.pl\/2019\/2019-12-10\/\" >\n\t\t\t\tCzytaj wi\u0119cej \u00bb\t\t\t<\/a>\n\t\t\t\t<\/div>\n\t\t\t\t<div class=\"elementor-post__meta-data\">\n\t\t\t\t\t<span class=\"elementor-post-date\">\n\t\t\t10 grudnia, 2019\t\t<\/span>\n\t\t\t\t<span class=\"elementor-post-avatar\">\n\t\t\tBrak komentarzy\t\t<\/span>\n\t\t\t\t<\/div>\n\t\t\t\t\t<\/div>\n\t\t<\/article>\n\t\t\t\t<article class=\"elementor-post elementor-grid-item post-798 post type-post status-publish format-standard hentry category-ogloszenia entry\">\n\t\t\t<div class=\"elementor-post__card\">\n\t\t\t\t<div class=\"elementor-post__text\">\n\t\t\t\t<h3 class=\"elementor-post__title\">\n\t\t\t<a href=\"http:\/\/griwkor.pl\/2019\/2019-01-23\/\" >\n\t\t\t\t2019-01-23\t\t\t<\/a>\n\t\t<\/h3>\n\t\t\t\t<div class=\"elementor-post__excerpt\">\n\t\t\t<p>Graniczny Lekarz Weterynarii w Koroszczynie poszukuje kandydat\u00f3w na stanowisko inspektora weterynaryjnego&nbsp;Tre\u015b\u0107 og\u0142oszenia:&nbsp;BIP Kancelarii Prezesa Rady Ministr\u00f3w<\/p>\n\t\t<\/div>\n\t\t\t\t\t<a class=\"elementor-post__read-more\" href=\"http:\/\/griwkor.pl\/2019\/2019-01-23\/\" >\n\t\t\t\tCzytaj wi\u0119cej \u00bb\t\t\t<\/a>\n\t\t\t\t<\/div>\n\t\t\t\t<div class=\"elementor-post__meta-data\">\n\t\t\t\t\t<span class=\"elementor-post-date\">\n\t\t\t19 kwietnia, 2019\t\t<\/span>\n\t\t\t\t<span class=\"elementor-post-avatar\">\n\t\t\tBrak komentarzy\t\t<\/span>\n\t\t\t\t<\/div>\n\t\t\t\t\t<\/div>\n\t\t<\/article>\n\t\t\t\t<article class=\"elementor-post elementor-grid-item post-795 post type-post status-publish format-standard hentry category-ogloszenia entry\">\n\t\t\t<div class=\"elementor-post__card\">\n\t\t\t\t<div class=\"elementor-post__text\">\n\t\t\t\t<h3 class=\"elementor-post__title\">\n\t\t\t<a href=\"http:\/\/griwkor.pl\/2019\/2019-03-07\/\" >\n\t\t\t\t2019-03-07\t\t\t<\/a>\n\t\t<\/h3>\n\t\t\t\t<div class=\"elementor-post__excerpt\">\n\t\t\t<p>Graniczny Lekarz Weterynarii w Koroszczynie poszukuje kandydat\u00f3w na stanowisko inspektora weterynaryjnego&nbsp;Tre\u015b\u0107 og\u0142oszenia:&nbsp;BIP Kancelarii Prezesa Rady Ministr\u00f3w<\/p>\n\t\t<\/div>\n\t\t\t\t\t<a class=\"elementor-post__read-more\" href=\"http:\/\/griwkor.pl\/2019\/2019-03-07\/\" >\n\t\t\t\tCzytaj wi\u0119cej \u00bb\t\t\t<\/a>\n\t\t\t\t<\/div>\n\t\t\t\t<div class=\"elementor-post__meta-data\">\n\t\t\t\t\t<span class=\"elementor-post-date\">\n\t\t\t7 marca, 2019\t\t<\/span>\n\t\t\t\t<span class=\"elementor-post-avatar\">\n\t\t\tBrak komentarzy\t\t<\/span>\n\t\t\t\t<\/div>\n\t\t\t\t\t<\/div>\n\t\t<\/article>\n\t\t\t\t<article class=\"elementor-post elementor-grid-item post-800 post type-post status-publish format-standard hentry category-ogloszenia entry\">\n\t\t\t<div class=\"elementor-post__card\">\n\t\t\t\t<div class=\"elementor-post__text\">\n\t\t\t\t<h3 class=\"elementor-post__title\">\n\t\t\t<a href=\"http:\/\/griwkor.pl\/2019\/2018-07-23\/\" >\n\t\t\t\t2018-07-23\t\t\t<\/a>\n\t\t<\/h3>\n\t\t\t\t<div class=\"elementor-post__excerpt\">\n\t\t\t<p>Graniczny Lekarz Weterynarii w Koroszczynie poszukuje kandydat\u00f3w na stanowisko inspektora weterynaryjnego&nbsp;Tre\u015b\u0107 og\u0142oszenia:&nbsp; &nbsp;lub&nbsp;BIP Kancelarii Prezesa Rady Ministr\u00f3w<\/p>\n\t\t<\/div>\n\t\t\t\t\t<a class=\"elementor-post__read-more\" href=\"http:\/\/griwkor.pl\/2019\/2018-07-23\/\" >\n\t\t\t\tCzytaj wi\u0119cej \u00bb\t\t\t<\/a>\n\t\t\t\t<\/div>\n\t\t\t\t<div class=\"elementor-post__meta-data\">\n\t\t\t\t\t<span class=\"elementor-post-date\">\n\t\t\t23 lipca, 2018\t\t<\/span>\n\t\t\t\t<span class=\"elementor-post-avatar\">\n\t\t\tBrak komentarzy\t\t<\/span>\n\t\t\t\t<\/div>\n\t\t\t\t\t<\/div>\n\t\t<\/article>\n\t\t\t\t<article class=\"elementor-post elementor-grid-item post-802 post type-post status-publish format-standard hentry category-ogloszenia entry\">\n\t\t\t<div class=\"elementor-post__card\">\n\t\t\t\t<div class=\"elementor-post__text\">\n\t\t\t\t<h3 class=\"elementor-post__title\">\n\t\t\t<a href=\"http:\/\/griwkor.pl\/2019\/2016-09-05\/\" >\n\t\t\t\t2016-09-05\t\t\t<\/a>\n\t\t<\/h3>\n\t\t\t\t<div class=\"elementor-post__excerpt\">\n\t\t\t<p>Graniczny Lekarz Weterynarii w Koroszczynie poszukuje kandydat\u00f3w na stanowisko Inspektora ds. administracyjnych.&nbsp;Tre\u015b\u0107 og\u0142oszenia:&nbsp; &nbsp;lub&nbsp;BIP Kancelarii Prezesa Rady Ministr\u00f3wInformacja o wynikach naboru:&nbsp;BIP Kancelarii Prezesa Rady Ministr\u00f3w<\/p>\n\t\t<\/div>\n\t\t\t\t\t<a class=\"elementor-post__read-more\" href=\"http:\/\/griwkor.pl\/2019\/2016-09-05\/\" >\n\t\t\t\tCzytaj wi\u0119cej \u00bb\t\t\t<\/a>\n\t\t\t\t<\/div>\n\t\t\t\t<div class=\"elementor-post__meta-data\">\n\t\t\t\t\t<span class=\"elementor-post-date\">\n\t\t\t5 wrze\u015bnia, 2016\t\t<\/span>\n\t\t\t\t<span class=\"elementor-post-avatar\">\n\t\t\tBrak komentarzy\t\t<\/span>\n\t\t\t\t<\/div>\n\t\t\t\t\t<\/div>\n\t\t<\/article>\n\t\t\t\t<article class=\"elementor-post elementor-grid-item post-804 post type-post status-publish format-standard hentry category-ogloszenia entry\">\n\t\t\t<div class=\"elementor-post__card\">\n\t\t\t\t<div class=\"elementor-post__text\">\n\t\t\t\t<h3 class=\"elementor-post__title\">\n\t\t\t<a href=\"http:\/\/griwkor.pl\/2019\/2016-07-20\/\" >\n\t\t\t\t2016-07-20\t\t\t<\/a>\n\t\t<\/h3>\n\t\t\t\t<div class=\"elementor-post__excerpt\">\n\t\t\t<p>Graniczny Lekarz Weterynarii w Koroszczynie poszukuje kandydat\u00f3w na stanowisko Inspektora ds. administracyjnych.&nbsp;Tre\u015b\u0107 og\u0142oszenia:&nbsp;&nbsp;&nbsp;lub&nbsp;BIP Kancelarii Prezesa Rady Ministr\u00f3w&nbsp;Informacja o wynikach naboru:&nbsp;BIP Kancelarii Prezesa Rady Ministr\u00f3w<\/p>\n\t\t<\/div>\n\t\t\t\t\t<a class=\"elementor-post__read-more\" href=\"http:\/\/griwkor.pl\/2019\/2016-07-20\/\" >\n\t\t\t\tCzytaj wi\u0119cej \u00bb\t\t\t<\/a>\n\t\t\t\t<\/div>\n\t\t\t\t<div class=\"elementor-post__meta-data\">\n\t\t\t\t\t<span class=\"elementor-post-date\">\n\t\t\t20 lipca, 2016\t\t<\/span>\n\t\t\t\t<span class=\"elementor-post-avatar\">\n\t\t\tBrak komentarzy\t\t<\/span>\n\t\t\t\t<\/div>\n\t\t\t\t\t<\/div>\n\t\t<\/article>\n\t\t\t\t<article class=\"elementor-post elementor-grid-item post-806 post type-post status-publish format-standard hentry category-ogloszenia entry\">\n\t\t\t<div class=\"elementor-post__card\">\n\t\t\t\t<div class=\"elementor-post__text\">\n\t\t\t\t<h3 class=\"elementor-post__title\">\n\t\t\t<a href=\"http:\/\/griwkor.pl\/2019\/2014-06-05\/\" >\n\t\t\t\t2014-06-05\t\t\t<\/a>\n\t\t<\/h3>\n\t\t\t\t<div class=\"elementor-post__excerpt\">\n\t\t\t<p>Graniczny Lekarz Weterynarii w Koroszczynie poszukuje kandydat\u00f3w na stanowisko inspektora weterynaryjnego&nbsp;Tre\u015b\u0107 og\u0142oszenia:&nbsp; &nbsp;lub&nbsp;BIP Kancelarii Prezesa Rady Ministr\u00f3wInformacja o wynikach naboru&nbsp; &nbsp;lub&nbsp;BIP Kancelarii Prezesa Rady Ministr\u00f3w<\/p>\n\t\t<\/div>\n\t\t\t\t\t<a class=\"elementor-post__read-more\" href=\"http:\/\/griwkor.pl\/2019\/2014-06-05\/\" >\n\t\t\t\tCzytaj wi\u0119cej \u00bb\t\t\t<\/a>\n\t\t\t\t<\/div>\n\t\t\t\t<div class=\"elementor-post__meta-data\">\n\t\t\t\t\t<span class=\"elementor-post-date\">\n\t\t\t5 czerwca, 2016\t\t<\/span>\n\t\t\t\t<span class=\"elementor-post-avatar\">\n\t\t\tBrak komentarzy\t\t<\/span>\n\t\t\t\t<\/div>\n\t\t\t\t\t<\/div>\n\t\t<\/article>\n\t\t\t\t<article class=\"elementor-post elementor-grid-item post-808 post type-post status-publish format-standard hentry category-ogloszenia entry\">\n\t\t\t<div class=\"elementor-post__card\">\n\t\t\t\t<div class=\"elementor-post__text\">\n\t\t\t\t<h3 class=\"elementor-post__title\">\n\t\t\t<a href=\"http:\/\/griwkor.pl\/2019\/2014-05-28\/\" >\n\t\t\t\t2014-05-28\t\t\t<\/a>\n\t\t<\/h3>\n\t\t\t\t<div class=\"elementor-post__excerpt\">\n\t\t\t<p>Graniczny Lekarz Weterynarii w Koroszczynie poszukuje kandydat\u00f3w na stanowisko inspektora weterynaryjnego&nbsp;Tre\u015b\u0107 og\u0142oszenia:&nbsp; &nbsp;lub&nbsp;link do BIP Kancelarii Prezesa Rady Ministr\u00f3wInformacja o wynikach naboru&nbsp;<\/p>\n\t\t<\/div>\n\t\t\t\t\t<a class=\"elementor-post__read-more\" href=\"http:\/\/griwkor.pl\/2019\/2014-05-28\/\" >\n\t\t\t\tCzytaj wi\u0119cej \u00bb\t\t\t<\/a>\n\t\t\t\t<\/div>\n\t\t\t\t<div class=\"elementor-post__meta-data\">\n\t\t\t\t\t<span class=\"elementor-post-date\">\n\t\t\t28 maja, 2014\t\t<\/span>\n\t\t\t\t<span class=\"elementor-post-avatar\">\n\t\t\tBrak komentarzy\t\t<\/span>\n\t\t\t\t<\/div>\n\t\t\t\t\t<\/div>\n\t\t<\/article>\n\t\t\t\t<article class=\"elementor-post elementor-grid-item post-810 post type-post status-publish format-standard hentry category-ogloszenia entry\">\n\t\t\t<div class=\"elementor-post__card\">\n\t\t\t\t<div class=\"elementor-post__text\">\n\t\t\t\t<h3 class=\"elementor-post__title\">\n\t\t\t<a href=\"http:\/\/griwkor.pl\/2019\/2013-01-08\/\" >\n\t\t\t\t2013-01-08\t\t\t<\/a>\n\t\t<\/h3>\n\t\t\t\t<div class=\"elementor-post__excerpt\">\n\t\t\t<p>Graniczny Lekarz Weterynarii w Koroszczynie poszukuje kandydat\u00f3w na stanowisko inspektora weterynaryjnego&nbsp;Tre\u015b\u0107 og\u0142oszenia:&nbsp; lub&nbsp;link do BIP Kancelarii Prezesa Rady Ministr\u00f3w Informacja o wynikach naboru&nbsp;link do BIP<\/p>\n\t\t<\/div>\n\t\t\t\t\t<a class=\"elementor-post__read-more\" href=\"http:\/\/griwkor.pl\/2019\/2013-01-08\/\" >\n\t\t\t\tCzytaj wi\u0119cej \u00bb\t\t\t<\/a>\n\t\t\t\t<\/div>\n\t\t\t\t<div class=\"elementor-post__meta-data\">\n\t\t\t\t\t<span class=\"elementor-post-date\">\n\t\t\t8 stycznia, 2013\t\t<\/span>\n\t\t\t\t<span class=\"elementor-post-avatar\">\n\t\t\tBrak komentarzy\t\t<\/span>\n\t\t\t\t<\/div>\n\t\t\t\t\t<\/div>\n\t\t<\/article>\n\t\t\t\t<article class=\"elementor-post elementor-grid-item post-812 post type-post status-publish format-standard hentry category-ogloszenia entry\">\n\t\t\t<div class=\"elementor-post__card\">\n\t\t\t\t<div class=\"elementor-post__text\">\n\t\t\t\t<h3 class=\"elementor-post__title\">\n\t\t\t<a href=\"http:\/\/griwkor.pl\/2019\/2011-09-01\/\" >\n\t\t\t\t2011-09-01\t\t\t<\/a>\n\t\t<\/h3>\n\t\t\t\t<div class=\"elementor-post__excerpt\">\n\t\t\t<p>Graniczny Lekarz Weterynarii w Koroszczynie poszukuje kandydat\u00f3w na stanowisko Inspektora ds. administracyjnych.&nbsp;Tre\u015b\u0107 og\u0142oszenia:&nbsp; Informacja o wynikach naboru&nbsp;<\/p>\n\t\t<\/div>\n\t\t\t\t\t<a class=\"elementor-post__read-more\" href=\"http:\/\/griwkor.pl\/2019\/2011-09-01\/\" >\n\t\t\t\tCzytaj wi\u0119cej \u00bb\t\t\t<\/a>\n\t\t\t\t<\/div>\n\t\t\t\t<div class=\"elementor-post__meta-data\">\n\t\t\t\t\t<span class=\"elementor-post-date\">\n\t\t\t1 wrze\u015bnia, 2011\t\t<\/span>\n\t\t\t\t<span class=\"elementor-post-avatar\">\n\t\t\tBrak komentarzy\t\t<\/span>\n\t\t\t\t<\/div>\n\t\t\t\t\t<\/div>\n\t\t<\/article>\n\t\t\t\t<article class=\"elementor-post elementor-grid-item post-814 post type-post status-publish format-standard hentry category-ogloszenia entry\">\n\t\t\t<div class=\"elementor-post__card\">\n\t\t\t\t<div class=\"elementor-post__text\">\n\t\t\t\t<h3 class=\"elementor-post__title\">\n\t\t\t<a href=\"http:\/\/griwkor.pl\/2019\/2009-05-13\/\" >\n\t\t\t\t2009-05-13\t\t\t<\/a>\n\t\t<\/h3>\n\t\t\t\t<div class=\"elementor-post__excerpt\">\n\t\t\t<p>Inspektor weterynaryjny &#8211; informacja o wynikach naboru&nbsp;<\/p>\n\t\t<\/div>\n\t\t\t\t\t<a class=\"elementor-post__read-more\" href=\"http:\/\/griwkor.pl\/2019\/2009-05-13\/\" >\n\t\t\t\tCzytaj wi\u0119cej \u00bb\t\t\t<\/a>\n\t\t\t\t<\/div>\n\t\t\t\t<div class=\"elementor-post__meta-data\">\n\t\t\t\t\t<span class=\"elementor-post-date\">\n\t\t\t13 maja, 2009\t\t<\/span>\n\t\t\t\t<span class=\"elementor-post-avatar\">\n\t\t\tBrak komentarzy\t\t<\/span>\n\t\t\t\t<\/div>\n\t\t\t\t\t<\/div>\n\t\t<\/article>\n\t\t\t\t<\/div>\n\t\t\t\t<\/div>\n\t\t\t\t<\/div>\n\t\t\t\t\t\t<\/div>\n\t\t\t\t\t<\/div>\n\t\t<\/div>\n\t\t\t\t\t\t\t\t<\/div>\n\t\t\t\t\t<\/div>\n\t\t<\/section>\n\t\t\t\t\t\t\t\t\t<\/div>\n\t\t\t<\/div>\n\t\t\t\t\t<\/div>\n\t\t","protected":false},"excerpt":{"rendered":"","protected":false},"author":2,"featured_media":0,"parent":0,"menu_order":0,"comment_status":"closed","ping_status":"closed","template":"elementor_header_footer","meta":[],"_links":{"self":[{"href":"http:\/\/griwkor.pl\/2019\/wp-json\/wp\/v2\/pages\/4426"}],"collection":[{"href":"http:\/\/griwkor.pl\/2019\/wp-json\/wp\/v2\/pages"}],"about":[{"href":"http:\/\/griwkor.pl\/2019\/wp-json\/wp\/v2\/types\/page"}],"author":[{"embeddable":true,"href":"http:\/\/griwkor.pl\/2019\/wp-json\/wp\/v2\/users\/2"}],"replies":[{"embeddable":true,"href":"http:\/\/griwkor.pl\/2019\/wp-json\/wp\/v2\/comments?post=4426"}],"version-history":[{"count":6,"href":"http:\/\/griwkor.pl\/2019\/wp-json\/wp\/v2\/pages\/4426\/revisions"}],"predecessor-version":[{"id":7394,"href":"http:\/\/griwkor.pl\/2019\/wp-json\/wp\/v2\/pages\/4426\/revisions\/7394"}],"wp:attachment":[{"href":"http:\/\/griwkor.pl\/2019\/wp-json\/wp\/v2\/media?parent=4426"}],"curies":[{"name":"wp","href":"https:\/\/api.w.org\/{rel}","templated":true}]}}