{"id":7610,"date":"2022-06-23T12:51:51","date_gmt":"2022-06-23T12:51:51","guid":{"rendered":"http:\/\/griwkor.pl\/2019\/?page_id=7610"},"modified":"2023-11-24T13:24:44","modified_gmt":"2023-11-24T13:24:44","slug":"umowa-do-rachunkow-z-odroczonym-terminem-platnosci","status":"publish","type":"page","link":"http:\/\/griwkor.pl\/2019\/inne-2\/umowa-do-rachunkow-z-odroczonym-terminem-platnosci\/","title":{"rendered":"Umowa do rachunk\u00f3w z odroczonym terminem p\u0142atno\u015bci"},"content":{"rendered":"\t\t<div data-elementor-type=\"wp-post\" data-elementor-id=\"7610\" class=\"elementor elementor-7610\">\n\t\t\t\t\t\t<div class=\"elementor-inner\">\n\t\t\t\t<div class=\"elementor-section-wrap\">\n\t\t\t\t\t\t\t\t\t<section class=\"elementor-section elementor-top-section elementor-element elementor-element-6469406 elementor-section-boxed elementor-section-height-default elementor-section-height-default\" data-id=\"6469406\" data-element_type=\"section\">\n\t\t\t\t\t\t<div class=\"elementor-container elementor-column-gap-default\">\n\t\t\t\t\t\t\t<div class=\"elementor-row\">\n\t\t\t\t\t<div class=\"elementor-column elementor-col-100 elementor-top-column elementor-element elementor-element-729e884\" data-id=\"729e884\" data-element_type=\"column\">\n\t\t\t<div class=\"elementor-column-wrap elementor-element-populated\">\n\t\t\t\t\t\t\t<div class=\"elementor-widget-wrap\">\n\t\t\t\t\t\t<div class=\"elementor-element elementor-element-4b18601 elementor-widget elementor-widget-spacer\" data-id=\"4b18601\" data-element_type=\"widget\" data-widget_type=\"spacer.default\">\n\t\t\t\t<div class=\"elementor-widget-container\">\n\t\t\t\t\t<div class=\"elementor-spacer\">\n\t\t\t<div class=\"elementor-spacer-inner\"><\/div>\n\t\t<\/div>\n\t\t\t\t<\/div>\n\t\t\t\t<\/div>\n\t\t\t\t<div class=\"elementor-element elementor-element-386ca16 elementor-widget elementor-widget-heading\" data-id=\"386ca16\" data-element_type=\"widget\" data-widget_type=\"heading.default\">\n\t\t\t\t<div class=\"elementor-widget-container\">\n\t\t\t<h2 class=\"elementor-heading-title elementor-size-default\">Umowa do rachunk\u00f3w z odroczonym terminem p\u0142atno\u015bci<\/h2>\t\t<\/div>\n\t\t\t\t<\/div>\n\t\t\t\t<div class=\"elementor-element elementor-element-c147f26 elementor-widget elementor-widget-spacer\" data-id=\"c147f26\" data-element_type=\"widget\" data-widget_type=\"spacer.default\">\n\t\t\t\t<div class=\"elementor-widget-container\">\n\t\t\t\t\t<div class=\"elementor-spacer\">\n\t\t\t<div class=\"elementor-spacer-inner\"><\/div>\n\t\t<\/div>\n\t\t\t\t<\/div>\n\t\t\t\t<\/div>\n\t\t\t\t<div class=\"elementor-element elementor-element-21f5c4b elementor-align-left elementor-icon-list--layout-traditional elementor-list-item-link-full_width elementor-widget elementor-widget-icon-list\" data-id=\"21f5c4b\" data-element_type=\"widget\" data-widget_type=\"icon-list.default\">\n\t\t\t\t<div class=\"elementor-widget-container\">\n\t\t\t\t\t<ul class=\"elementor-icon-list-items\">\n\t\t\t\t\t\t\t<li class=\"elementor-icon-list-item\">\n\t\t\t\t\t\t\t\t\t\t\t<a href=\"http:\/\/griwkor.pl\/2019\/wp-content\/uploads\/2022\/07\/220715_Inf-dot-zawarcia-umowy-o-wystawianie-rachunkow-z-odroczonym-terminem-plat.pdf\">\n\n\t\t\t\t\t\t\t\t\t\t\t\t<span class=\"elementor-icon-list-icon\">\n\t\t\t\t\t\t\t<i aria-hidden=\"true\" class=\"far fa-file-pdf\"><\/i>\t\t\t\t\t\t<\/span>\n\t\t\t\t\t\t\t\t\t\t<span class=\"elementor-icon-list-text\">Informacja dotycz\u0105ca zawarcia umowy o wystawianie rachunk\u00f3w z odroczonym terminem p\u0142atno\u015bci<\/span>\n\t\t\t\t\t\t\t\t\t\t\t<\/a>\n\t\t\t\t\t\t\t\t\t<\/li>\n\t\t\t\t\t\t<\/ul>\n\t\t\t\t<\/div>\n\t\t\t\t<\/div>\n\t\t\t\t\t\t<\/div>\n\t\t\t\t\t<\/div>\n\t\t<\/div>\n\t\t\t\t\t\t\t\t<\/div>\n\t\t\t\t\t<\/div>\n\t\t<\/section>\n\t\t\t\t\t\t\t\t\t<\/div>\n\t\t\t<\/div>\n\t\t\t\t\t<\/div>\n\t\t","protected":false},"excerpt":{"rendered":"<p>Umowa do rachunk\u00f3w z odroczonym terminem p\u0142atno\u015bci Informacja dotycz\u0105ca zawarcia umowy o wystawianie rachunk\u00f3w z odroczonym terminem p\u0142atno\u015bci<\/p>\n","protected":false},"author":2,"featured_media":0,"parent":872,"menu_order":0,"comment_status":"closed","ping_status":"closed","template":"elementor_header_footer","meta":[],"_links":{"self":[{"href":"http:\/\/griwkor.pl\/2019\/wp-json\/wp\/v2\/pages\/7610"}],"collection":[{"href":"http:\/\/griwkor.pl\/2019\/wp-json\/wp\/v2\/pages"}],"about":[{"href":"http:\/\/griwkor.pl\/2019\/wp-json\/wp\/v2\/types\/page"}],"author":[{"embeddable":true,"href":"http:\/\/griwkor.pl\/2019\/wp-json\/wp\/v2\/users\/2"}],"replies":[{"embeddable":true,"href":"http:\/\/griwkor.pl\/2019\/wp-json\/wp\/v2\/comments?post=7610"}],"version-history":[{"count":19,"href":"http:\/\/griwkor.pl\/2019\/wp-json\/wp\/v2\/pages\/7610\/revisions"}],"predecessor-version":[{"id":8950,"href":"http:\/\/griwkor.pl\/2019\/wp-json\/wp\/v2\/pages\/7610\/revisions\/8950"}],"up":[{"embeddable":true,"href":"http:\/\/griwkor.pl\/2019\/wp-json\/wp\/v2\/pages\/872"}],"wp:attachment":[{"href":"http:\/\/griwkor.pl\/2019\/wp-json\/wp\/v2\/media?parent=7610"}],"curies":[{"name":"wp","href":"https:\/\/api.w.org\/{rel}","templated":true}]}}