{"id":1350,"date":"2019-04-23T12:56:16","date_gmt":"2019-04-23T12:56:16","guid":{"rendered":"http:\/\/griwkor.pl\/2019\/pkg-kobylany\/"},"modified":"2020-10-22T14:34:51","modified_gmt":"2020-10-22T14:34:51","slug":"%d0%bf%d0%bf%d0%ba-%d0%ba%d0%be%d0%b1%d1%8b%d0%bb%d0%b0%d0%bd%d1%8b","status":"publish","type":"page","link":"https:\/\/griwkor.pl\/2019\/ru\/%d0%bf%d0%bf%d0%ba-%d0%ba%d0%be%d0%b1%d1%8b%d0%bb%d0%b0%d0%bd%d1%8b\/","title":{"rendered":"\u041f\u041f\u041a \u041a\u043e\u0431\u044b\u043b\u0430\u043d\u044b"},"content":{"rendered":"\t\t<div data-elementor-type=\"wp-post\" data-elementor-id=\"1350\" class=\"elementor elementor-1350\">\n\t\t\t\t\t\t<div class=\"elementor-inner\">\n\t\t\t\t<div class=\"elementor-section-wrap\">\n\t\t\t\t\t\t\t\t\t<section class=\"elementor-section elementor-top-section elementor-element elementor-element-b7c4859 elementor-section-boxed elementor-section-height-default elementor-section-height-default\" data-id=\"b7c4859\" data-element_type=\"section\">\n\t\t\t\t\t\t<div class=\"elementor-container elementor-column-gap-no\">\n\t\t\t\t\t\t\t<div class=\"elementor-row\">\n\t\t\t\t\t<div class=\"elementor-column elementor-col-50 elementor-top-column elementor-element elementor-element-55a230a\" data-id=\"55a230a\" data-element_type=\"column\" data-settings=\"{&quot;background_background&quot;:&quot;classic&quot;}\">\n\t\t\t<div class=\"elementor-column-wrap\">\n\t\t\t\t\t\t\t<div class=\"elementor-widget-wrap\">\n\t\t\t\t\t\t\t\t<\/div>\n\t\t\t\t\t<\/div>\n\t\t<\/div>\n\t\t\t\t<div class=\"elementor-column elementor-col-50 elementor-top-column elementor-element elementor-element-1e0999f\" data-id=\"1e0999f\" data-element_type=\"column\" data-settings=\"{&quot;background_background&quot;:&quot;classic&quot;}\">\n\t\t\t<div class=\"elementor-column-wrap elementor-element-populated\">\n\t\t\t\t\t\t\t<div class=\"elementor-widget-wrap\">\n\t\t\t\t\t\t<div class=\"elementor-element elementor-element-f800816 elementor-widget elementor-widget-spacer\" data-id=\"f800816\" data-element_type=\"widget\" data-widget_type=\"spacer.default\">\n\t\t\t\t<div class=\"elementor-widget-container\">\n\t\t\t\t\t<div class=\"elementor-spacer\">\n\t\t\t<div class=\"elementor-spacer-inner\"><\/div>\n\t\t<\/div>\n\t\t\t\t<\/div>\n\t\t\t\t<\/div>\n\t\t\t\t<div class=\"elementor-element elementor-element-3cd24e0 elementor-widget elementor-widget-text-editor\" data-id=\"3cd24e0\" data-element_type=\"widget\" data-widget_type=\"text-editor.default\">\n\t\t\t\t<div class=\"elementor-widget-container\">\n\t\t\t\t\t\t\t\t<div class=\"elementor-text-editor elementor-clearfix\">\n\t\t\t\t<p>\u041f\u043e\u0441\u0442 \u043f\u043e\u0433\u0440\u0430\u043d\u0438\u0447\u043d\u043e\u0433\u043e \u0432\u0435\u0442\u0435\u0440\u0438\u043d\u0430\u0440\u043d\u043e\u0433\u043e \u043a\u043e\u043d\u0442\u0440\u043e\u043b\u044f \u043d\u0430\u00a0\u0436\u0435\u043b\u0435\u0437\u043d\u043e\u0434\u043e\u0440\u043e\u0436\u043d\u043e\u043c\u00a0\u0442\u043e\u0432\u0430\u0440\u043d\u043e\u043c\u00a0\u043f\u0435\u0440\u0435\u0445\u043e\u0434\u0435\u00a0\u0432 \u0422\u0435\u0440\u0435\u0441\u043f\u043e\u043b\u044e (\u0441\u0442\u0430\u043d\u0446\u0438\u044f \u041a\u043e\u0431\u044b\u043b\u044f\u043d\u044b).<br \/>\u042d\u0442\u043e \u0435\u0434\u0438\u043d\u0441\u0442\u0432\u0435\u043d\u043d\u044b\u0439 \u0432\u0435\u0442\u0435\u0440\u0438\u043d\u0430\u0440\u043d\u044b\u0439 \u043f\u043e\u0441\u0442 \u043a\u043e\u043d\u0442\u0440\u043e\u043b\u044f \u0432 \u041f\u043e\u043b\u044c\u0448\u0435 \u043b\u043e\u043a\u0430\u043b\u0438\u0437\u043e\u0432\u0430\u043d\u043d\u044b\u0439 \u043d\u0430\u00a0\u0436\u0435\u043b\u0435\u0437\u043d\u043e\u0434\u043e\u0440\u043e\u0436\u043d\u043e\u043c\u00a0\u0442\u043e\u0432\u0430\u0440\u043d\u043e\u043c\u043f\u043e\u0433\u0440\u0430\u043d\u043f\u0435\u0440\u0435\u0445\u043e\u0434\u0435, \u0433\u0434\u0435 \u043c\u043e\u0436\u043d\u043e \u043f\u0440\u043e\u0432\u043e\u0434\u0438\u0442\u044c \u0432\u0435\u0442\u0435\u0440\u0438\u043d\u0430\u0440\u043d\u044b\u0435 \u043f\u043e\u0433\u0440\u0430\u043d\u0438\u0447\u043d\u044b\u0435 \u043a\u043e\u043d\u0442\u0440\u043e\u043b\u0438 \u043f\u0440\u043e\u0434\u0443\u043a\u0442\u043e\u0432 \u0436\u0438\u0432\u043e\u0442\u043d\u043e\u0433\u043e \u043f\u0440\u043e\u0438\u0441\u0445\u043e\u0436\u0434\u0435\u043d\u0438\u044f \u0442\u0440\u0430\u043d\u0441\u043f\u043e\u0440\u0442\u0438\u0440\u043e\u0432\u0430\u043d\u043d\u044b\u0445 \u0438\u0437 \u0442\u0440\u0435\u0442\u044c\u0438\u0445 \u0441\u0442\u0440\u0430\u043d.<\/p><p>\u041d\u0430 \u043f\u043e\u0433\u0440\u0430\u043d\u0438\u0447\u043d\u043e\u0439 \u0436\u0435\u043b\u0435\u0437\u043d\u043e\u0434\u043e\u0440\u043e\u0436\u043d\u043e\u0439 \u0441\u0442\u0430\u043d\u0446\u0438\u0438 \u0432 \u0422\u0435\u0440\u0435\u0441\u043f\u043e\u043b\u044e, \u043d\u0430 \u043a\u043e\u0442\u043e\u0440\u043e\u0439 \u0437\u0430\u0434\u0435\u0440\u0436\u0438\u0432\u0430\u044e\u0442\u0441\u044f \u043f\u0430\u0441\u0441\u0430\u0436\u0438\u0440\u0441\u043a\u0438\u0435 \u043f\u043e\u0435\u0437\u0434\u0430 \u043d\u0435\u0442 \u0443\u0442\u0432\u0435\u0440\u0436\u0434\u0451\u043d\u043d\u043e\u0433\u043e \u043f\u043e\u0441\u0442\u0430 \u0432\u0435\u0442\u0435\u0440\u0438\u043d\u0430\u0440\u043d\u043e\u0433\u043e \u043f\u043e\u0433\u0440\u0430\u043d\u0438\u0447\u043d\u043e\u0433\u043e \u043a\u043e\u043d\u0442\u0440\u043e\u043b\u044f \u0438 \u043f\u0440\u043e\u0432\u0435\u0434\u0435\u043d\u0438\u0435 \u043f\u043e\u0433\u0440\u0430\u043d\u0438\u0447\u043d\u043e\u0433\u043e \u0432\u0435\u0442\u0435\u0440\u0438\u043d\u0430\u0440\u043d\u043e\u0433\u043e \u043a\u043e\u043d\u0442\u0440\u043e\u043b\u044f \u043f\u043e\u0441\u044b\u043b\u043e\u043a \u043f\u0435\u0440\u0435\u0432\u043e\u0436\u0435\u043d\u043d\u044b\u0445 \u043f\u0430\u0441\u0441\u0430\u0436\u0438\u0440\u0441\u043a\u0438\u043c\u0438 \u043f\u043e\u0435\u0437\u0434\u0430\u043c\u0438 \u043d\u0435\u0432\u043e\u0437\u043c\u043e\u0436\u043d\u044b.<\/p><p>\u041f\u043e\u0441\u0442 \u043f\u043e\u0433\u0440\u0430\u043d\u0438\u0447\u043d\u043e\u0433\u043e \u0432\u0435\u0442\u0435\u0440\u0438\u043d\u0430\u0440\u043d\u043e\u0433\u043e \u043a\u043e\u043d\u0442\u0440\u043e\u043b\u044f \u0432 \u041a\u043e\u0431\u044b\u043b\u044f\u043d\u0430\u0445 (\u0422\u0435\u0440\u0435\u0441\u043f\u043e\u043b\u044e) \u0440\u0430\u0431\u043e\u0442\u0430\u0435\u0442 \u0432 \u0440\u0430\u0431\u043e\u0447\u0438\u0435 \u0434\u043d\u0438 (\u043f\u043e\u043d\u0435\u0434\u0435\u043b\u044c\u043d\u0438\u043a \u2013 \u043f\u044f\u0442\u043d\u0438\u0446\u0430) \u0432 \u0447\u0430\u0441\u0430\u0445 8:00 &#8211; 16:00.\u00a0<\/p><p>\u0420\u0430\u0431\u043e\u0442\u0430 \u043f\u043e\u0441\u0442\u0430 \u0432\u043e\u0437\u043c\u043e\u0436\u043d\u0430\u044f \u0432 \u0434\u0440\u0443\u0433\u0438\u0435 \u0434\u043d\u0438 \u0438 \u0432\u043d\u0435 \u0432\u044b\u0448\u0435\u043d\u0430\u0437\u0432\u0430\u043d\u043d\u044b\u0445 \u0447\u0430\u0441\u043e\u0432 \u0432\u043e\u0437\u043c\u043e\u0436\u043d\u0430\u044f \u043f\u043e \u043f\u0440\u0435\u0434\u0432\u0430\u0440\u0438\u0442\u0435\u043b\u044c\u043d\u043e\u0439 \u0434\u043e\u0433\u043e\u0432\u043e\u0440\u0435\u043d\u043d\u043e\u0441\u0442\u0438 \u0441 \u0440\u0443\u043a\u043e\u0432\u043e\u0434\u0438\u0442\u0435\u043b\u0435\u043c \u0438\u043d\u0441\u043f\u0435\u043a\u0442\u043e\u0440\u0430\u0442\u0430 \u0438 \u0435\u0433\u043e \u0440\u0435\u0430\u043b\u0438\u0437\u0430\u0446\u0438\u044f \u0431\u0443\u0434\u0435\u0442 \u0437\u0430\u0432\u0438\u0441\u0435\u0442\u044c \u043e\u0442 \u043d\u0430\u0433\u0440\u0443\u0437\u043a\u0438 \u0440\u0430\u0431\u043e\u0442\u044b \u043d\u0430 \u0434\u043e\u0440\u043e\u0436\u043d\u043e\u043c \u043f\u0435\u0440\u0435\u0445\u043e\u0434\u0435 \u0432 \u041a\u0443\u043a\u0443\u0440\u044b\u043a\u0430\u0445 \u0438 \u043e\u0442 \u043a\u0430\u0434\u0440\u043e\u0432\u044b\u0445 \u0432\u043e\u0437\u043c\u043e\u0436\u043d\u043e\u0441\u0442\u0435\u0439 \u0438\u043d\u0441\u043f\u0435\u043a\u0442\u043e\u0440\u0430\u0442\u0430.<\/p>\t\t\t\t\t<\/div>\n\t\t\t\t\t\t<\/div>\n\t\t\t\t<\/div>\n\t\t\t\t<div class=\"elementor-element elementor-element-bafe4e6 elementor-widget elementor-widget-spacer\" data-id=\"bafe4e6\" data-element_type=\"widget\" data-widget_type=\"spacer.default\">\n\t\t\t\t<div class=\"elementor-widget-container\">\n\t\t\t\t\t<div class=\"elementor-spacer\">\n\t\t\t<div class=\"elementor-spacer-inner\"><\/div>\n\t\t<\/div>\n\t\t\t\t<\/div>\n\t\t\t\t<\/div>\n\t\t\t\t<div class=\"elementor-element elementor-element-5076754 elementor-widget elementor-widget-text-editor\" data-id=\"5076754\" data-element_type=\"widget\" data-widget_type=\"text-editor.default\">\n\t\t\t\t<div class=\"elementor-widget-container\">\n\t\t\t\t\t\t\t\t<div class=\"elementor-text-editor elementor-clearfix\">\n\t\t\t\t<p><strong>\u041f\u0435\u0440\u0432\u044b\u0439 \u0432 \u041f\u043e\u043b\u044c\u0448\u0435 \u043f\u0443\u043d\u043a\u0442 \u0436\u0435\u043b\u0435\u0437\u043d\u043e\u0434\u043e\u0440\u043e\u0436\u043d\u043e\u0433\u043e \u043f\u043e\u0433\u0440\u0430\u043d\u0438\u0447\u043d\u043e\u0433\u043e \u0432\u0435\u0442\u0435\u0440\u0438\u043d\u0430\u0440\u043d\u043e\u0433\u043e \u043a\u043e\u043d\u0442\u0440\u043e\u043b\u044f<\/strong><\/p>\n<p>\u0418\u0434\u0435\u043d\u0442\u0438\u0444\u0438\u043a\u0430\u0439\u0438\u043e\u043d\u043d\u044b\u0439 \u043a\u043e\u0434: PL TKO 2<\/p>\n<p><strong>\u0410\u0434\u0440\u0435\u0441:<\/strong><br>&nbsp;&nbsp;&nbsp;&nbsp;\u041f\u043e\u0433\u0440\u0430\u043d\u0438\u0447\u043d\u0430\u044f \u0432\u0435\u0442\u0435\u0440\u0438\u043d\u0430\u0440\u043d\u0430\u044f \u0438<i>\u043d\u0441\u043f\u0435\u043a\u0446\u0438\u044f \u0432 \u041a\u043e\u0440\u043e\u0449\u0438\u043d\u0435<br>&nbsp;&nbsp;&nbsp;&nbsp;\u041f\u043e\u0441\u0442 \u041a\u043e\u0431\u044b\u043b\u0430\u043d\u044b<br>&nbsp;&nbsp;&nbsp;&nbsp;21-550 \u0422\u0435\u0440\u0435\u0441\u043f\u043e\u043b\u044c<\/i><\/p><i>\n<\/i><p><i>\u0422\u0435\u043b\u0435\u0444\u043e\u043d: +48 833 763 689<\/i><\/p><i>\n<\/i><p><i>\u0424\u0430\u043a\u0441: +48 833 763 688<\/i><\/p><i>\n<\/i><p><i>\u041c\u0435\u0441\u0442\u043e \u043f\u043e\u043b\u043e\u0436\u0435\u043d\u0438\u044f:<br>&nbsp;&nbsp;&nbsp;&nbsp;N 52:02:11,8<br>&nbsp;&nbsp;&nbsp;&nbsp;E 23:33:20,6<\/i><\/p><i>\n<\/i><p><i>\u041f\u043e\u0441\u043c\u043e\u0442\u0440\u0438\u0442\u0435 \u043d\u0430 \u043a\u0430\u0440\u0442\u0443<\/i><\/p>\t\t\t\t\t<\/div>\n\t\t\t\t\t\t<\/div>\n\t\t\t\t<\/div>\n\t\t\t\t\t\t<\/div>\n\t\t\t\t\t<\/div>\n\t\t<\/div>\n\t\t\t\t\t\t\t\t<\/div>\n\t\t\t\t\t<\/div>\n\t\t<\/section>\n\t\t\t\t<section class=\"elementor-section elementor-top-section elementor-element elementor-element-7d25807 elementor-section-boxed elementor-section-height-default elementor-section-height-default\" data-id=\"7d25807\" data-element_type=\"section\">\n\t\t\t\t\t\t<div class=\"elementor-container elementor-column-gap-default\">\n\t\t\t\t\t\t\t<div class=\"elementor-row\">\n\t\t\t\t\t<div class=\"elementor-column elementor-col-100 elementor-top-column elementor-element elementor-element-6a821c5\" data-id=\"6a821c5\" data-element_type=\"column\">\n\t\t\t<div class=\"elementor-column-wrap elementor-element-populated\">\n\t\t\t\t\t\t\t<div class=\"elementor-widget-wrap\">\n\t\t\t\t\t\t<div class=\"elementor-element elementor-element-bbffd9e elementor-widget elementor-widget-google_maps\" data-id=\"bbffd9e\" data-element_type=\"widget\" data-widget_type=\"google_maps.default\">\n\t\t\t\t<div class=\"elementor-widget-container\">\n\t\t\t\t\t<div class=\"elementor-custom-embed\">\n\t\t\t<iframe frameborder=\"0\" scrolling=\"no\" marginheight=\"0\" marginwidth=\"0\"\n\t\t\t\t\tsrc=\"https:\/\/maps.google.com\/maps?q=Oddzia%C5%82%20celny%20w%20Ma%C5%82aszewiczach%2C%20S%C5%82oneczna%20152%2C%2021-540%20Kobylany&#038;t=m&#038;z=10&#038;output=embed&#038;iwloc=near\"\n\t\t\t\t\ttitle=\"Oddzia\u0142 celny w Ma\u0142aszewiczach, S\u0142oneczna 152, 21-540 Kobylany\"\n\t\t\t\t\taria-label=\"Oddzia\u0142 celny w Ma\u0142aszewiczach, S\u0142oneczna 152, 21-540 Kobylany\"\n\t\t\t><\/iframe>\n\t\t<\/div>\n\t\t\t\t<\/div>\n\t\t\t\t<\/div>\n\t\t\t\t\t\t<\/div>\n\t\t\t\t\t<\/div>\n\t\t<\/div>\n\t\t\t\t\t\t\t\t<\/div>\n\t\t\t\t\t<\/div>\n\t\t<\/section>\n\t\t\t\t\t\t\t\t\t<\/div>\n\t\t\t<\/div>\n\t\t\t\t\t<\/div>\n\t\t","protected":false},"excerpt":{"rendered":"<p>\u041f\u043e\u0441\u0442 \u043f\u043e\u0433\u0440\u0430\u043d\u0438\u0447\u043d\u043e\u0433\u043e \u0432\u0435\u0442\u0435\u0440\u0438\u043d\u0430\u0440\u043d\u043e\u0433\u043e \u043a\u043e\u043d\u0442\u0440\u043e\u043b\u044f \u043d\u0430\u00a0\u0436\u0435\u043b\u0435\u0437\u043d\u043e\u0434\u043e\u0440\u043e\u0436\u043d\u043e\u043c\u00a0\u0442\u043e\u0432\u0430\u0440\u043d\u043e\u043c\u00a0\u043f\u0435\u0440\u0435\u0445\u043e\u0434\u0435\u00a0\u0432 \u0422\u0435\u0440\u0435\u0441\u043f\u043e\u043b\u044e (\u0441\u0442\u0430\u043d\u0446\u0438\u044f \u041a\u043e\u0431\u044b\u043b\u044f\u043d\u044b).\u042d\u0442\u043e \u0435\u0434\u0438\u043d\u0441\u0442\u0432\u0435\u043d\u043d\u044b\u0439 \u0432\u0435\u0442\u0435\u0440\u0438\u043d\u0430\u0440\u043d\u044b\u0439 \u043f\u043e\u0441\u0442 \u043a\u043e\u043d\u0442\u0440\u043e\u043b\u044f \u0432 \u041f\u043e\u043b\u044c\u0448\u0435 \u043b\u043e\u043a\u0430\u043b\u0438\u0437\u043e\u0432\u0430\u043d\u043d\u044b\u0439 \u043d\u0430\u00a0\u0436\u0435\u043b\u0435\u0437\u043d\u043e\u0434\u043e\u0440\u043e\u0436\u043d\u043e\u043c\u00a0\u0442\u043e\u0432\u0430\u0440\u043d\u043e\u043c\u043f\u043e\u0433\u0440\u0430\u043d\u043f\u0435\u0440\u0435\u0445\u043e\u0434\u0435, \u0433\u0434\u0435 \u043c\u043e\u0436\u043d\u043e \u043f\u0440\u043e\u0432\u043e\u0434\u0438\u0442\u044c \u0432\u0435\u0442\u0435\u0440\u0438\u043d\u0430\u0440\u043d\u044b\u0435 \u043f\u043e\u0433\u0440\u0430\u043d\u0438\u0447\u043d\u044b\u0435 \u043a\u043e\u043d\u0442\u0440\u043e\u043b\u0438 \u043f\u0440\u043e\u0434\u0443\u043a\u0442\u043e\u0432 \u0436\u0438\u0432\u043e\u0442\u043d\u043e\u0433\u043e \u043f\u0440\u043e\u0438\u0441\u0445\u043e\u0436\u0434\u0435\u043d\u0438\u044f \u0442\u0440\u0430\u043d\u0441\u043f\u043e\u0440\u0442\u0438\u0440\u043e\u0432\u0430\u043d\u043d\u044b\u0445 \u0438\u0437 \u0442\u0440\u0435\u0442\u044c\u0438\u0445 \u0441\u0442\u0440\u0430\u043d. \u041d\u0430 \u043f\u043e\u0433\u0440\u0430\u043d\u0438\u0447\u043d\u043e\u0439 \u0436\u0435\u043b\u0435\u0437\u043d\u043e\u0434\u043e\u0440\u043e\u0436\u043d\u043e\u0439 \u0441\u0442\u0430\u043d\u0446\u0438\u0438 \u0432 \u0422\u0435\u0440\u0435\u0441\u043f\u043e\u043b\u044e, \u043d\u0430 \u043a\u043e\u0442\u043e\u0440\u043e\u0439 \u0437\u0430\u0434\u0435\u0440\u0436\u0438\u0432\u0430\u044e\u0442\u0441\u044f \u043f\u0430\u0441\u0441\u0430\u0436\u0438\u0440\u0441\u043a\u0438\u0435 \u043f\u043e\u0435\u0437\u0434\u0430 \u043d\u0435\u0442 \u0443\u0442\u0432\u0435\u0440\u0436\u0434\u0451\u043d\u043d\u043e\u0433\u043e \u043f\u043e\u0441\u0442\u0430 \u0432\u0435\u0442\u0435\u0440\u0438\u043d\u0430\u0440\u043d\u043e\u0433\u043e \u043f\u043e\u0433\u0440\u0430\u043d\u0438\u0447\u043d\u043e\u0433\u043e \u043a\u043e\u043d\u0442\u0440\u043e\u043b\u044f \u0438 \u043f\u0440\u043e\u0432\u0435\u0434\u0435\u043d\u0438\u0435 \u043f\u043e\u0433\u0440\u0430\u043d\u0438\u0447\u043d\u043e\u0433\u043e \u0432\u0435\u0442\u0435\u0440\u0438\u043d\u0430\u0440\u043d\u043e\u0433\u043e \u043a\u043e\u043d\u0442\u0440\u043e\u043b\u044f \u043f\u043e\u0441\u044b\u043b\u043e\u043a \u043f\u0435\u0440\u0435\u0432\u043e\u0436\u0435\u043d\u043d\u044b\u0445 \u043f\u0430\u0441\u0441\u0430\u0436\u0438\u0440\u0441\u043a\u0438\u043c\u0438 \u043f\u043e\u0435\u0437\u0434\u0430\u043c\u0438 [&hellip;]<\/p>\n","protected":false},"author":2,"featured_media":0,"parent":0,"menu_order":0,"comment_status":"closed","ping_status":"closed","template":"elementor_header_footer","meta":[],"_links":{"self":[{"href":"https:\/\/griwkor.pl\/2019\/ru\/wp-json\/wp\/v2\/pages\/1350\/"}],"collection":[{"href":"https:\/\/griwkor.pl\/2019\/ru\/wp-json\/wp\/v2\/pages\/"}],"about":[{"href":"https:\/\/griwkor.pl\/2019\/ru\/wp-json\/wp\/v2\/types\/page\/"}],"author":[{"embeddable":true,"href":"https:\/\/griwkor.pl\/2019\/ru\/wp-json\/wp\/v2\/users\/2\/"}],"replies":[{"embeddable":true,"href":"https:\/\/griwkor.pl\/2019\/ru\/wp-json\/wp\/v2\/comments\/?post=1350"}],"version-history":[{"count":5,"href":"https:\/\/griwkor.pl\/2019\/ru\/wp-json\/wp\/v2\/pages\/1350\/revisions\/"}],"predecessor-version":[{"id":4492,"href":"https:\/\/griwkor.pl\/2019\/ru\/wp-json\/wp\/v2\/pages\/1350\/revisions\/4492\/"}],"wp:attachment":[{"href":"https:\/\/griwkor.pl\/2019\/ru\/wp-json\/wp\/v2\/media\/?parent=1350"}],"curies":[{"name":"wp","href":"https:\/\/api.w.org\/{rel}","templated":true}]}}