{"id":397,"date":"2019-04-03T08:42:40","date_gmt":"2019-04-03T08:42:40","guid":{"rendered":"http:\/\/griwkor.pl\/2019\/eksport-z-pl\/"},"modified":"2020-10-22T09:33:22","modified_gmt":"2020-10-22T09:33:22","slug":"eksport-z-pl","status":"publish","type":"page","link":"https:\/\/griwkor.pl\/2019\/ru\/eksport-z-pl\/","title":{"rendered":"EKSPORT Z PL"},"content":{"rendered":"\t\t<div data-elementor-type=\"wp-post\" data-elementor-id=\"397\" class=\"elementor elementor-397\">\n\t\t\t\t\t\t<div class=\"elementor-inner\">\n\t\t\t\t<div class=\"elementor-section-wrap\">\n\t\t\t\t\t\t\t\t\t<section class=\"elementor-section elementor-top-section elementor-element elementor-element-6edc6dc8 elementor-section-full_width elementor-section-height-default elementor-section-height-default\" data-id=\"6edc6dc8\" data-element_type=\"section\">\n\t\t\t\t\t\t<div class=\"elementor-container elementor-column-gap-no\">\n\t\t\t\t\t\t\t<div class=\"elementor-row\">\n\t\t\t\t\t<div class=\"elementor-column elementor-col-33 elementor-top-column elementor-element elementor-element-19a40902\" data-id=\"19a40902\" data-element_type=\"column\" data-settings=\"{&quot;background_background&quot;:&quot;classic&quot;}\">\n\t\t\t<div class=\"elementor-column-wrap\">\n\t\t\t\t\t\t\t<div class=\"elementor-widget-wrap\">\n\t\t\t\t\t\t\t\t<\/div>\n\t\t\t\t\t<\/div>\n\t\t<\/div>\n\t\t\t\t<div class=\"elementor-column elementor-col-33 elementor-top-column elementor-element elementor-element-3824d1e\" data-id=\"3824d1e\" data-element_type=\"column\">\n\t\t\t<div class=\"elementor-column-wrap elementor-element-populated\">\n\t\t\t\t\t\t\t<div class=\"elementor-widget-wrap\">\n\t\t\t\t\t\t<div class=\"elementor-element elementor-element-13814ae elementor-widget elementor-widget-heading\" data-id=\"13814ae\" data-element_type=\"widget\" data-widget_type=\"heading.default\">\n\t\t\t\t<div class=\"elementor-widget-container\">\n\t\t\t<h2 class=\"elementor-heading-title elementor-size-default\">Informacje: Eksport z PL<\/h2>\t\t<\/div>\n\t\t\t\t<\/div>\n\t\t\t\t<div class=\"elementor-element elementor-element-b962a0a elementor-icon-list--layout-inline elementor-align-left elementor-list-item-link-full_width elementor-widget elementor-widget-icon-list\" data-id=\"b962a0a\" data-element_type=\"widget\" data-widget_type=\"icon-list.default\">\n\t\t\t\t<div class=\"elementor-widget-container\">\n\t\t\t\t\t<ul class=\"elementor-icon-list-items elementor-inline-items\">\n\t\t\t\t\t\t\t<li class=\"elementor-icon-list-item elementor-inline-item\">\n\t\t\t\t\t\t\t\t\t\t\t<a href=\"https:\/\/www.wetgiw.gov.pl\/handel-eksport-import\/wykaz-weterynaryjnych-swiadectw-zdrowia-w-eksporcie-do-krajow-trzecich\">\n\n\t\t\t\t\t\t\t\t\t\t\t\t<span class=\"elementor-icon-list-icon\">\n\t\t\t\t\t\t\t\t\t\t\t\t\t\t\t\t<i class=\"fa fa-angle-double-right\" aria-hidden=\"true\"><\/i>\n\t\t\t\t\t\t\t\t\t\t\t\t\t<\/span>\n\t\t\t\t\t\t\t\t\t\t<span class=\"elementor-icon-list-text\">\u015awiadectwa eksportowe uzgodnione dwustronnie z w\u0142adzami kraj\u00f3w trzecich<\/span>\n\t\t\t\t\t\t\t\t\t\t\t<\/a>\n\t\t\t\t\t\t\t\t\t<\/li>\n\t\t\t\t\t\t<\/ul>\n\t\t\t\t<\/div>\n\t\t\t\t<\/div>\n\t\t\t\t\t\t<\/div>\n\t\t\t\t\t<\/div>\n\t\t<\/div>\n\t\t\t\t<div class=\"elementor-column elementor-col-33 elementor-top-column elementor-element elementor-element-988d2c9\" data-id=\"988d2c9\" data-element_type=\"column\" data-settings=\"{&quot;background_background&quot;:&quot;classic&quot;}\">\n\t\t\t<div class=\"elementor-column-wrap\">\n\t\t\t\t\t\t\t<div class=\"elementor-widget-wrap\">\n\t\t\t\t\t\t\t\t<\/div>\n\t\t\t\t\t<\/div>\n\t\t<\/div>\n\t\t\t\t\t\t\t\t<\/div>\n\t\t\t\t\t<\/div>\n\t\t<\/section>\n\t\t\t\t\t\t\t\t\t<\/div>\n\t\t\t<\/div>\n\t\t\t\t\t<\/div>\n\t\t","protected":false},"excerpt":{"rendered":"<p>Informacje: Eksport z PL \u015awiadectwa eksportowe uzgodnione dwustronnie z w\u0142adzami kraj\u00f3w trzecich<\/p>\n","protected":false},"author":1,"featured_media":0,"parent":0,"menu_order":0,"comment_status":"closed","ping_status":"closed","template":"elementor_header_footer","meta":[],"_links":{"self":[{"href":"https:\/\/griwkor.pl\/2019\/ru\/wp-json\/wp\/v2\/pages\/397\/"}],"collection":[{"href":"https:\/\/griwkor.pl\/2019\/ru\/wp-json\/wp\/v2\/pages\/"}],"about":[{"href":"https:\/\/griwkor.pl\/2019\/ru\/wp-json\/wp\/v2\/types\/page\/"}],"author":[{"embeddable":true,"href":"https:\/\/griwkor.pl\/2019\/ru\/wp-json\/wp\/v2\/users\/1\/"}],"replies":[{"embeddable":true,"href":"https:\/\/griwkor.pl\/2019\/ru\/wp-json\/wp\/v2\/comments\/?post=397"}],"version-history":[{"count":7,"href":"https:\/\/griwkor.pl\/2019\/ru\/wp-json\/wp\/v2\/pages\/397\/revisions\/"}],"predecessor-version":[{"id":5349,"href":"https:\/\/griwkor.pl\/2019\/ru\/wp-json\/wp\/v2\/pages\/397\/revisions\/5349\/"}],"wp:attachment":[{"href":"https:\/\/griwkor.pl\/2019\/ru\/wp-json\/wp\/v2\/media\/?parent=397"}],"curies":[{"name":"wp","href":"https:\/\/api.w.org\/{rel}","templated":true}]}}