{"id":401,"date":"2019-04-03T08:43:32","date_gmt":"2019-04-03T08:43:32","guid":{"rendered":"http:\/\/griwkor.pl\/2019\/eksport-z-pl-do-ru-by-kz\/"},"modified":"2020-10-22T09:38:53","modified_gmt":"2020-10-22T09:38:53","slug":"eksport-z-pl-do-ru-by-kz","status":"publish","type":"page","link":"https:\/\/griwkor.pl\/2019\/ru\/eksport-z-pl-do-ru-by-kz\/","title":{"rendered":"EKSPORT Z PL DO RU, BY, KZ"},"content":{"rendered":"\t\t<div data-elementor-type=\"wp-post\" data-elementor-id=\"401\" class=\"elementor elementor-401\">\n\t\t\t\t\t\t<div class=\"elementor-inner\">\n\t\t\t\t<div class=\"elementor-section-wrap\">\n\t\t\t\t\t\t\t\t\t<section class=\"elementor-section elementor-top-section elementor-element elementor-element-187ac488 elementor-section-full_width elementor-section-height-default elementor-section-height-default\" data-id=\"187ac488\" data-element_type=\"section\">\n\t\t\t\t\t\t<div class=\"elementor-container elementor-column-gap-no\">\n\t\t\t\t\t\t\t<div class=\"elementor-row\">\n\t\t\t\t\t<div class=\"elementor-column elementor-col-33 elementor-top-column elementor-element elementor-element-406a5b90\" data-id=\"406a5b90\" data-element_type=\"column\" data-settings=\"{&quot;background_background&quot;:&quot;classic&quot;}\">\n\t\t\t<div class=\"elementor-column-wrap\">\n\t\t\t\t\t\t\t<div class=\"elementor-widget-wrap\">\n\t\t\t\t\t\t\t\t<\/div>\n\t\t\t\t\t<\/div>\n\t\t<\/div>\n\t\t\t\t<div class=\"elementor-column elementor-col-33 elementor-top-column elementor-element elementor-element-31c81c4d\" data-id=\"31c81c4d\" data-element_type=\"column\">\n\t\t\t<div class=\"elementor-column-wrap elementor-element-populated\">\n\t\t\t\t\t\t\t<div class=\"elementor-widget-wrap\">\n\t\t\t\t\t\t<div class=\"elementor-element elementor-element-f5dd2a9 elementor-widget elementor-widget-spacer\" data-id=\"f5dd2a9\" data-element_type=\"widget\" data-widget_type=\"spacer.default\">\n\t\t\t\t<div class=\"elementor-widget-container\">\n\t\t\t\t\t<div class=\"elementor-spacer\">\n\t\t\t<div class=\"elementor-spacer-inner\"><\/div>\n\t\t<\/div>\n\t\t\t\t<\/div>\n\t\t\t\t<\/div>\n\t\t\t\t<div class=\"elementor-element elementor-element-d355e0e elementor-widget elementor-widget-heading\" data-id=\"d355e0e\" data-element_type=\"widget\" data-widget_type=\"heading.default\">\n\t\t\t\t<div class=\"elementor-widget-container\">\n\t\t\t<h2 class=\"elementor-heading-title elementor-size-default\">Informacje: Eksport z PL do RU BY KZ<\/h2>\t\t<\/div>\n\t\t\t\t<\/div>\n\t\t\t\t<div class=\"elementor-element elementor-element-ea03d4b elementor-widget elementor-widget-heading\" data-id=\"ea03d4b\" data-element_type=\"widget\" data-widget_type=\"heading.default\">\n\t\t\t\t<div class=\"elementor-widget-container\">\n\t\t\t<h2 class=\"elementor-heading-title elementor-size-default\">EKSPORT Z POLSKI DO ROSJI<\/h2>\t\t<\/div>\n\t\t\t\t<\/div>\n\t\t\t\t<div class=\"elementor-element elementor-element-41e605c9 elementor-widget elementor-widget-text-editor\" data-id=\"41e605c9\" data-element_type=\"widget\" data-widget_type=\"text-editor.default\">\n\t\t\t\t<div class=\"elementor-widget-container\">\n\t\t\t\t\t\t\t\t<div class=\"elementor-text-editor elementor-clearfix\">\n\t\t\t\t<p><b>Schemat wwozu do Federacji Rosyjskiej importowanego mi\u0119sa i surowca mi\u0119snego z kraj\u00f3w Europy od 1 marca 2010 roku<\/b><\/p>\t\t\t\t\t<\/div>\n\t\t\t\t\t\t<\/div>\n\t\t\t\t<\/div>\n\t\t\t\t<div class=\"elementor-element elementor-element-a31887e elementor-icon-list--layout-inline elementor-align-left elementor-list-item-link-full_width elementor-widget elementor-widget-icon-list\" data-id=\"a31887e\" data-element_type=\"widget\" data-widget_type=\"icon-list.default\">\n\t\t\t\t<div class=\"elementor-widget-container\">\n\t\t\t\t\t<ul class=\"elementor-icon-list-items elementor-inline-items\">\n\t\t\t\t\t\t\t<li class=\"elementor-icon-list-item elementor-inline-item\">\n\t\t\t\t\t\t\t\t\t\t\t<a href=\"http:\/\/griwkor.pl\/2019\/wp-content\/uploads\/2019\/05\/Od-dn.01.03.2010-przesy\u0142ki-mi\u0119sa-i-surowych-produkt\u00f3w-mi\u0119snych-wysy\u0142ane-z-kraj\u00f3w-WE.pdf\">\n\n\t\t\t\t\t\t\t\t\t\t\t\t<span class=\"elementor-icon-list-icon\">\n\t\t\t\t\t\t\t\t\t\t\t\t\t\t\t\t<i class=\"fa fa-file-pdf-o\" aria-hidden=\"true\"><\/i>\n\t\t\t\t\t\t\t\t\t\t\t\t\t<\/span>\n\t\t\t\t\t\t\t\t\t\t<span class=\"elementor-icon-list-text\">Od dn.01.03.2010 przesy\u0142ki mi\u0119sa i surowych produkt\u00f3w mi\u0119snych, wysy\u0142ane z kraj\u00f3w WE (poza Litw\u0105, Estoni\u0105, \u0141otw\u0105, Szwecj\u0105, Finlandi\u0105 i Norwegi\u0105) do p\u00f3\u0142nocno -zachodniego okr\u0119gu federalnego Rosyjskiej Federacji, nie powinny przekracza\u0107 granicy przez przej\u015bcie graniczne Kukuryki -Koz\u0142owicze.\t<\/span>\n\t\t\t\t\t\t\t\t\t\t\t<\/a>\n\t\t\t\t\t\t\t\t\t<\/li>\n\t\t\t\t\t\t<\/ul>\n\t\t\t\t<\/div>\n\t\t\t\t<\/div>\n\t\t\t\t<div class=\"elementor-element elementor-element-80be833 elementor-widget elementor-widget-text-editor\" data-id=\"80be833\" data-element_type=\"widget\" data-widget_type=\"text-editor.default\">\n\t\t\t\t<div class=\"elementor-widget-container\">\n\t\t\t\t\t\t\t\t<div class=\"elementor-text-editor elementor-clearfix\">\n\t\t\t\t<p><b>Informacje Rossielchoznadzor&#8217;u dotycz\u0105ce wwozu do FR produkt\u00f3w z Polski:<br \/><\/b><\/p>\t\t\t\t\t<\/div>\n\t\t\t\t\t\t<\/div>\n\t\t\t\t<\/div>\n\t\t\t\t<div class=\"elementor-element elementor-element-787652a elementor-icon-list--layout-inline elementor-align-left elementor-list-item-link-full_width elementor-widget elementor-widget-icon-list\" data-id=\"787652a\" data-element_type=\"widget\" data-widget_type=\"icon-list.default\">\n\t\t\t\t<div class=\"elementor-widget-container\">\n\t\t\t\t\t<ul class=\"elementor-icon-list-items elementor-inline-items\">\n\t\t\t\t\t\t\t<li class=\"elementor-icon-list-item elementor-inline-item\">\n\t\t\t\t\t\t\t\t\t\t\t<a href=\"http:\/\/www.fsvps.ru\/fsvps\/importExport\/poland\/enterprises.html\">\n\n\t\t\t\t\t\t\t\t\t\t\t\t<span class=\"elementor-icon-list-icon\">\n\t\t\t\t\t\t\t\t\t\t\t\t\t\t\t\t<i class=\"fa fa-angle-double-right\" aria-hidden=\"true\"><\/i>\n\t\t\t\t\t\t\t\t\t\t\t\t\t<\/span>\n\t\t\t\t\t\t\t\t\t\t<span class=\"elementor-icon-list-text\">Rejestr zak\u0142ad\u00f3w uprawnionych<\/span>\n\t\t\t\t\t\t\t\t\t\t\t<\/a>\n\t\t\t\t\t\t\t\t\t<\/li>\n\t\t\t\t\t\t<\/ul>\n\t\t\t\t<\/div>\n\t\t\t\t<\/div>\n\t\t\t\t<div class=\"elementor-element elementor-element-b5ea224 elementor-icon-list--layout-inline elementor-align-left elementor-list-item-link-full_width elementor-widget elementor-widget-icon-list\" data-id=\"b5ea224\" data-element_type=\"widget\" data-widget_type=\"icon-list.default\">\n\t\t\t\t<div class=\"elementor-widget-container\">\n\t\t\t\t\t<ul class=\"elementor-icon-list-items elementor-inline-items\">\n\t\t\t\t\t\t\t<li class=\"elementor-icon-list-item elementor-inline-item\">\n\t\t\t\t\t\t\t\t\t\t\t<a href=\"http:\/\/www.fsvps.ru\/fsvps\/importExport\/poland\/ivCertificates.html\">\n\n\t\t\t\t\t\t\t\t\t\t\t\t<span class=\"elementor-icon-list-icon\">\n\t\t\t\t\t\t\t\t\t\t\t\t\t\t\t\t<i class=\"fa fa-angle-double-right\" aria-hidden=\"true\"><\/i>\n\t\t\t\t\t\t\t\t\t\t\t\t\t<\/span>\n\t\t\t\t\t\t\t\t\t\t<span class=\"elementor-icon-list-text\">\u015awiadectwa weterynaryjne<\/span>\n\t\t\t\t\t\t\t\t\t\t\t<\/a>\n\t\t\t\t\t\t\t\t\t<\/li>\n\t\t\t\t\t\t<\/ul>\n\t\t\t\t<\/div>\n\t\t\t\t<\/div>\n\t\t\t\t<div class=\"elementor-element elementor-element-37b69ce elementor-icon-list--layout-inline elementor-align-left elementor-list-item-link-full_width elementor-widget elementor-widget-icon-list\" data-id=\"37b69ce\" data-element_type=\"widget\" data-widget_type=\"icon-list.default\">\n\t\t\t\t<div class=\"elementor-widget-container\">\n\t\t\t\t\t<ul class=\"elementor-icon-list-items elementor-inline-items\">\n\t\t\t\t\t\t\t<li class=\"elementor-icon-list-item elementor-inline-item\">\n\t\t\t\t\t\t\t\t\t\t\t<a href=\"http:\/\/www.fsvps.ru\/fsvps\/importExport\/poland\/ivRestrictions.html\">\n\n\t\t\t\t\t\t\t\t\t\t\t\t<span class=\"elementor-icon-list-icon\">\n\t\t\t\t\t\t\t\t\t\t\t\t\t\t\t\t<i class=\"fa fa-angle-double-right\" aria-hidden=\"true\"><\/i>\n\t\t\t\t\t\t\t\t\t\t\t\t\t<\/span>\n\t\t\t\t\t\t\t\t\t\t<span class=\"elementor-icon-list-text\">Ograniczenia wwozu<\/span>\n\t\t\t\t\t\t\t\t\t\t\t<\/a>\n\t\t\t\t\t\t\t\t\t<\/li>\n\t\t\t\t\t\t<\/ul>\n\t\t\t\t<\/div>\n\t\t\t\t<\/div>\n\t\t\t\t<div class=\"elementor-element elementor-element-6355af0 elementor-icon-list--layout-inline elementor-align-left elementor-list-item-link-full_width elementor-widget elementor-widget-icon-list\" data-id=\"6355af0\" data-element_type=\"widget\" data-widget_type=\"icon-list.default\">\n\t\t\t\t<div class=\"elementor-widget-container\">\n\t\t\t\t\t<ul class=\"elementor-icon-list-items elementor-inline-items\">\n\t\t\t\t\t\t\t<li class=\"elementor-icon-list-item elementor-inline-item\">\n\t\t\t\t\t\t\t\t\t\t\t<a href=\"http:\/\/griwkor.pl\/2019\/wp-content\/uploads\/2019\/05\/Prze\u0142adunek-towar\u00f3w-z-wyj\u0105tkiem-\u015bwie\u017cego-mi\u0119sa-i-surowych-produkt\u00f3w-mi\u0119snych-w-posterunku-granicznej-kontroli-weterynaryjnej-w-Terespolu-Kobylanach-eksportowanych-z-Polski-do-Federacji-Rosyjskiej.pdf\">\n\n\t\t\t\t\t\t\t\t\t\t\t\t<span class=\"elementor-icon-list-icon\">\n\t\t\t\t\t\t\t\t\t\t\t\t\t\t\t\t<i class=\"fa fa-file-pdf-o\" aria-hidden=\"true\"><\/i>\n\t\t\t\t\t\t\t\t\t\t\t\t\t<\/span>\n\t\t\t\t\t\t\t\t\t\t<span class=\"elementor-icon-list-text\">Prze\u0142adunek towar\u00f3w (z wyj\u0105tkiem \u015bwie\u017cego mi\u0119sa i surowych produkt\u00f3w mi\u0119snych) w posterunku granicznej kontroli weterynaryjnej w Terespolu-Kobylanach eksportowanych z Polski do Federacji Rosyjskiej   <\/span>\n\t\t\t\t\t\t\t\t\t\t\t<\/a>\n\t\t\t\t\t\t\t\t\t<\/li>\n\t\t\t\t\t\t<\/ul>\n\t\t\t\t<\/div>\n\t\t\t\t<\/div>\n\t\t\t\t<div class=\"elementor-element elementor-element-94f575e elementor-widget elementor-widget-text-editor\" data-id=\"94f575e\" data-element_type=\"widget\" data-widget_type=\"text-editor.default\">\n\t\t\t\t<div class=\"elementor-widget-container\">\n\t\t\t\t\t\t\t\t<div class=\"elementor-text-editor elementor-clearfix\">\n\t\t\t\t<p><b>Embargo na towary pochodz\u0105ce z UE, USA, Kanady, Australii, Norwegii, Ukrainie, Albanii, Czarnog\u00f3rze, Islandii i Liechtensteinie. Od dnia 04.07.2017r.<\/b> postanowieniem Rz\u0105du Federacji Rosyjskiej wprowadza si\u0119 uchwa\u0142\u0119 nr 790, kt\u00f3ra wprowadza zmiany w uchwale nr 778 z 7.08.2014 r. Uchwa\u0142a nr 790 przed\u0142u\u017cy\u0142a obowi\u0105zywanie zakazu importu do RU szeregu artyku\u0142\u00f3w rolno-spo\u017cywczych do 31.12.2018 roku, ale nie zmieni\u0142a listy produkt\u00f3w obj\u0119tych zakazem oraz nie zmieni\u0142a listy kraj\u00f3w pochodzenia w\/w artyku\u0142\u00f3w rolno-spo\u017cywczych.<br \/>Tekst uchwa\u0142y w j\u0119z. rosyjskim: http:\/\/publication.pravo.gov.ru\/Document\/View\/0001201707050008<\/p><p><b>Przed\u0142u\u017cenie embarga na eksport produkt\u00f3w do Rosji do dnia 31.12.2018 roku.<\/b> W dniu 30.06.2017 prezydent RU W. Putin, podpisa\u0142 dekret nr 293 dot. przed\u0142u\u017cenia obowi\u0105zywania tzw. &#8220;specjalnych \u015brodk\u00f3w gospodarczych&#8221; (embargo &#8211; tzw. &#8220;kontrsankcje&#8221;). Zgodnie z w\/w dekretem obowi\u0105zywanie zakazu importu do RU szeregu produkt\u00f3w spo\u017cywczych (wprowadzone dekretem nr 560 z dnia 6.08.2014 roku i nast\u0119pnie przed\u0142u\u017cane) zosta\u0142o po raz kolejny przed\u0142u\u017cone. Jednocze\u015bnie dekret przewiduje, \u017ce na wniosek rz\u0105du RU, mo\u017cliwa jest zmiany terminu obowi\u0105zywania w\/w zakazu.<br \/>Tekst dekretu w j\u0119z. rosyjskim: http:\/\/publication.pravo.gov.ru\/Document\/View\/0001201706300013<\/p>\t\t\t\t\t<\/div>\n\t\t\t\t\t\t<\/div>\n\t\t\t\t<\/div>\n\t\t\t\t<div class=\"elementor-element elementor-element-b7e1aad elementor-widget elementor-widget-spacer\" data-id=\"b7e1aad\" data-element_type=\"widget\" data-widget_type=\"spacer.default\">\n\t\t\t\t<div class=\"elementor-widget-container\">\n\t\t\t\t\t<div class=\"elementor-spacer\">\n\t\t\t<div class=\"elementor-spacer-inner\"><\/div>\n\t\t<\/div>\n\t\t\t\t<\/div>\n\t\t\t\t<\/div>\n\t\t\t\t<div class=\"elementor-element elementor-element-22cc14e elementor-widget elementor-widget-heading\" data-id=\"22cc14e\" data-element_type=\"widget\" data-widget_type=\"heading.default\">\n\t\t\t\t<div class=\"elementor-widget-container\">\n\t\t\t<h2 class=\"elementor-heading-title elementor-size-default\">UNIA CELNA - REPUBLIKA BIA\u0141ORU\u015a - REPUBLIKA KAZACHSTAN - FEDERACJA ROSYJSKA<\/h2>\t\t<\/div>\n\t\t\t\t<\/div>\n\t\t\t\t<div class=\"elementor-element elementor-element-6f79bd3 elementor-icon-list--layout-inline elementor-align-left elementor-list-item-link-full_width elementor-widget elementor-widget-icon-list\" data-id=\"6f79bd3\" data-element_type=\"widget\" data-widget_type=\"icon-list.default\">\n\t\t\t\t<div class=\"elementor-widget-container\">\n\t\t\t\t\t<ul class=\"elementor-icon-list-items elementor-inline-items\">\n\t\t\t\t\t\t\t<li class=\"elementor-icon-list-item elementor-inline-item\">\n\t\t\t\t\t\t\t\t\t\t\t<a href=\"http:\/\/griwkor.pl\/2019\/wp-content\/uploads\/2020\/01\/unia_celna_wymagania-weterynaryjne-ze-zmianami.doc\">\n\n\t\t\t\t\t\t\t\t\t\t\t\t<span class=\"elementor-icon-list-icon\">\n\t\t\t\t\t\t\t<i aria-hidden=\"true\" class=\"far fa-file-word\"><\/i>\t\t\t\t\t\t<\/span>\n\t\t\t\t\t\t\t\t\t\t<span class=\"elementor-icon-list-text\">WSP\u00d3LNE WYMOGI WETERYNARYJNE WETERYNARYJNO - SANITARNE, odnosz\u0105ce si\u0119 do towar\u00f3w podlegaj\u0105cych kontroli weterynaryjnej (nadzorowi)<\/span>\n\t\t\t\t\t\t\t\t\t\t\t<\/a>\n\t\t\t\t\t\t\t\t\t<\/li>\n\t\t\t\t\t\t<\/ul>\n\t\t\t\t<\/div>\n\t\t\t\t<\/div>\n\t\t\t\t<div class=\"elementor-element elementor-element-c03d3df elementor-icon-list--layout-inline elementor-align-left elementor-list-item-link-full_width elementor-widget elementor-widget-icon-list\" data-id=\"c03d3df\" data-element_type=\"widget\" data-widget_type=\"icon-list.default\">\n\t\t\t\t<div class=\"elementor-widget-container\">\n\t\t\t\t\t<ul class=\"elementor-icon-list-items elementor-inline-items\">\n\t\t\t\t\t\t\t<li class=\"elementor-icon-list-item elementor-inline-item\">\n\t\t\t\t\t\t\t\t\t\t\t<a href=\"http:\/\/griwkor.pl\/2019\/wp-content\/uploads\/2020\/01\/unia_celna_tryb-przeprowadzania-wspolnych-kontroli.pdf\">\n\n\t\t\t\t\t\t\t\t\t\t\t\t<span class=\"elementor-icon-list-icon\">\n\t\t\t\t\t\t\t<i aria-hidden=\"true\" class=\"far fa-file-pdf\"><\/i>\t\t\t\t\t\t<\/span>\n\t\t\t\t\t\t\t\t\t\t<span class=\"elementor-icon-list-text\">PRZEPISY dotycz\u0105ce Jednolitego trybu prowadzenia wsp\u00f3lnych kontroli obiekt\u00f3w oraz pobierania pr\u00f3bek towar\u00f3w (produkt\u00f3w) podlegaj\u0105cych kontroli weterynaryjnej (nadzorowi)<\/span>\n\t\t\t\t\t\t\t\t\t\t\t<\/a>\n\t\t\t\t\t\t\t\t\t<\/li>\n\t\t\t\t\t\t<\/ul>\n\t\t\t\t<\/div>\n\t\t\t\t<\/div>\n\t\t\t\t<div class=\"elementor-element elementor-element-5c99d42 elementor-icon-list--layout-inline elementor-align-left elementor-list-item-link-full_width elementor-widget elementor-widget-icon-list\" data-id=\"5c99d42\" data-element_type=\"widget\" data-widget_type=\"icon-list.default\">\n\t\t\t\t<div class=\"elementor-widget-container\">\n\t\t\t\t\t<ul class=\"elementor-icon-list-items elementor-inline-items\">\n\t\t\t\t\t\t\t<li class=\"elementor-icon-list-item elementor-inline-item\">\n\t\t\t\t\t\t\t\t\t\t\t<a href=\"http:\/\/griwkor.pl\/2019\/wp-content\/uploads\/2020\/01\/unia_celna_kontrola-granice.doc\">\n\n\t\t\t\t\t\t\t\t\t\t\t\t<span class=\"elementor-icon-list-icon\">\n\t\t\t\t\t\t\t<i aria-hidden=\"true\" class=\"far fa-file-word\"><\/i>\t\t\t\t\t\t<\/span>\n\t\t\t\t\t\t\t\t\t\t<span class=\"elementor-icon-list-text\">PRZEPISY dotycz\u0105ce Jednolitego trybu przeprowadzenia kontroli weterynaryjnej na granicy celnej Unii Celnej oraz na terytorium celnym Unii Celnej<\/span>\n\t\t\t\t\t\t\t\t\t\t\t<\/a>\n\t\t\t\t\t\t\t\t\t<\/li>\n\t\t\t\t\t\t<\/ul>\n\t\t\t\t<\/div>\n\t\t\t\t<\/div>\n\t\t\t\t<div class=\"elementor-element elementor-element-e06a84f elementor-icon-list--layout-inline elementor-align-left elementor-list-item-link-full_width elementor-widget elementor-widget-icon-list\" data-id=\"e06a84f\" data-element_type=\"widget\" data-widget_type=\"icon-list.default\">\n\t\t\t\t<div class=\"elementor-widget-container\">\n\t\t\t\t\t<ul class=\"elementor-icon-list-items elementor-inline-items\">\n\t\t\t\t\t\t\t<li class=\"elementor-icon-list-item elementor-inline-item\">\n\t\t\t\t\t\t\t\t\t\t\t<a href=\"http:\/\/www.tsouz.ru\/DB\/TECHREGULATION\/PP\/Pages\/default.aspx\">\n\n\t\t\t\t\t\t\t\t\t\t\t\t<span class=\"elementor-icon-list-icon\">\n\t\t\t\t\t\t\t\t\t\t\t\t\t\t\t\t<i class=\"fa fa-angle-double-right\" aria-hidden=\"true\"><\/i>\n\t\t\t\t\t\t\t\t\t\t\t\t\t<\/span>\n\t\t\t\t\t\t\t\t\t\t<span class=\"elementor-icon-list-text\">Wykaz przej\u015b\u0107 granicznych UC z kontrol\u0105 weterynaryjn\u0105<\/span>\n\t\t\t\t\t\t\t\t\t\t\t<\/a>\n\t\t\t\t\t\t\t\t\t<\/li>\n\t\t\t\t\t\t<\/ul>\n\t\t\t\t<\/div>\n\t\t\t\t<\/div>\n\t\t\t\t<div class=\"elementor-element elementor-element-89e6895 elementor-widget elementor-widget-spacer\" data-id=\"89e6895\" data-element_type=\"widget\" data-widget_type=\"spacer.default\">\n\t\t\t\t<div class=\"elementor-widget-container\">\n\t\t\t\t\t<div class=\"elementor-spacer\">\n\t\t\t<div class=\"elementor-spacer-inner\"><\/div>\n\t\t<\/div>\n\t\t\t\t<\/div>\n\t\t\t\t<\/div>\n\t\t\t\t<div class=\"elementor-element elementor-element-9185ea1 elementor-widget elementor-widget-text-editor\" data-id=\"9185ea1\" data-element_type=\"widget\" data-widget_type=\"text-editor.default\">\n\t\t\t\t<div class=\"elementor-widget-container\">\n\t\t\t\t\t\t\t\t<div class=\"elementor-text-editor elementor-clearfix\">\n\t\t\t\t<div><p><strong class=\"red\" style=\"font-size: 14px;\">ZAKAZ TRANZYTU PRZEZ TERYTORIUM BIA\u0141ORUSI.<\/strong><\/p><p>\u00a0<\/p><\/div><p>Od 30.11.2014 Rosja zakazuje tranzytu przez terytorium Republiki Bia\u0142orusi towar\u00f3w obj\u0119tych postanowieniem Rz\u0105du Federacji Rosyjskiej <span style=\"color: #00ff00;\"><a style=\"color: #00ff00;\" href=\"http:\/\/publication.pravo.gov.ru\/Document\/View\/0001201408070021?index=0&amp;rangeSize=1&amp;back=False\" target=\"_blank\" rel=\"noopener\">nr 778 z dnia 7.08.2014 roku<\/a><\/span>\u00a0w celu wykonania Dekretu Prezydenta Federacji Rosyjskiej z dnia 6.08.2014 r. nr 560 &#8220;W sprawie stosowania niekt\u00f3rych specjalnych \u015brodk\u00f3w gospodarczych w celu zapewnienia bezpiecze\u0144stwa Federacji Rosyjskiej&#8221;. Zakaz obejmuje towary wwo\u017cone do Rosji lub przewo\u017cone do innych kraj\u00f3w trzecich przez Rosj\u0119.<br \/><a href=\"http:\/\/www.fsvps.ru\/fsvps\/news\/11750.html\" target=\"_blank\" rel=\"noopener\"><span style=\"color: #00ff00;\">http:\/\/www.fsvps.ru\/fsvps\/news\/11750.html<\/span><\/a><\/p>\t\t\t\t\t<\/div>\n\t\t\t\t\t\t<\/div>\n\t\t\t\t<\/div>\n\t\t\t\t<div class=\"elementor-element elementor-element-d2fec65 elementor-widget elementor-widget-spacer\" data-id=\"d2fec65\" data-element_type=\"widget\" data-widget_type=\"spacer.default\">\n\t\t\t\t<div class=\"elementor-widget-container\">\n\t\t\t\t\t<div class=\"elementor-spacer\">\n\t\t\t<div class=\"elementor-spacer-inner\"><\/div>\n\t\t<\/div>\n\t\t\t\t<\/div>\n\t\t\t\t<\/div>\n\t\t\t\t\t\t<\/div>\n\t\t\t\t\t<\/div>\n\t\t<\/div>\n\t\t\t\t<div class=\"elementor-column elementor-col-33 elementor-top-column elementor-element elementor-element-7036f09\" data-id=\"7036f09\" data-element_type=\"column\" data-settings=\"{&quot;background_background&quot;:&quot;classic&quot;}\">\n\t\t\t<div class=\"elementor-column-wrap\">\n\t\t\t\t\t\t\t<div class=\"elementor-widget-wrap\">\n\t\t\t\t\t\t\t\t<\/div>\n\t\t\t\t\t<\/div>\n\t\t<\/div>\n\t\t\t\t\t\t\t\t<\/div>\n\t\t\t\t\t<\/div>\n\t\t<\/section>\n\t\t\t\t\t\t\t\t\t<\/div>\n\t\t\t<\/div>\n\t\t\t\t\t<\/div>\n\t\t","protected":false},"excerpt":{"rendered":"<p>Informacje: Eksport z PL do RU BY KZ EKSPORT Z POLSKI DO ROSJI Schemat wwozu do Federacji Rosyjskiej importowanego mi\u0119sa i surowca mi\u0119snego z kraj\u00f3w Europy od 1 marca 2010 roku Od dn.01.03.2010 przesy\u0142ki mi\u0119sa i surowych produkt\u00f3w mi\u0119snych, wysy\u0142ane z kraj\u00f3w WE (poza Litw\u0105, Estoni\u0105, \u0141otw\u0105, Szwecj\u0105, Finlandi\u0105 i Norwegi\u0105) do p\u00f3\u0142nocno -zachodniego okr\u0119gu [&hellip;]<\/p>\n","protected":false},"author":1,"featured_media":0,"parent":0,"menu_order":0,"comment_status":"closed","ping_status":"closed","template":"elementor_header_footer","meta":[],"_links":{"self":[{"href":"https:\/\/griwkor.pl\/2019\/ru\/wp-json\/wp\/v2\/pages\/401\/"}],"collection":[{"href":"https:\/\/griwkor.pl\/2019\/ru\/wp-json\/wp\/v2\/pages\/"}],"about":[{"href":"https:\/\/griwkor.pl\/2019\/ru\/wp-json\/wp\/v2\/types\/page\/"}],"author":[{"embeddable":true,"href":"https:\/\/griwkor.pl\/2019\/ru\/wp-json\/wp\/v2\/users\/1\/"}],"replies":[{"embeddable":true,"href":"https:\/\/griwkor.pl\/2019\/ru\/wp-json\/wp\/v2\/comments\/?post=401"}],"version-history":[{"count":17,"href":"https:\/\/griwkor.pl\/2019\/ru\/wp-json\/wp\/v2\/pages\/401\/revisions\/"}],"predecessor-version":[{"id":5352,"href":"https:\/\/griwkor.pl\/2019\/ru\/wp-json\/wp\/v2\/pages\/401\/revisions\/5352\/"}],"wp:attachment":[{"href":"https:\/\/griwkor.pl\/2019\/ru\/wp-json\/wp\/v2\/media\/?parent=401"}],"curies":[{"name":"wp","href":"https:\/\/api.w.org\/{rel}","templated":true}]}}