{"id":1147,"date":"2019-04-23T12:53:49","date_gmt":"2019-04-23T12:53:49","guid":{"rendered":"http:\/\/griwkor.pl\/2019\/?page_id=1147"},"modified":"2025-01-05T15:28:31","modified_gmt":"2025-01-05T15:28:31","slug":"dla-klientow","status":"publish","type":"page","link":"https:\/\/griwkor.pl\/2019\/dla-klientow\/","title":{"rendered":"Dla klient\u00f3w"},"content":{"rendered":"\t\t<div data-elementor-type=\"wp-post\" data-elementor-id=\"1147\" class=\"elementor elementor-1147\">\n\t\t\t\t\t\t<div class=\"elementor-inner\">\n\t\t\t\t<div class=\"elementor-section-wrap\">\n\t\t\t\t\t\t\t\t\t<section class=\"elementor-section elementor-top-section elementor-element elementor-element-f213dbd elementor-section-full_width elementor-section-height-default elementor-section-height-default\" data-id=\"f213dbd\" data-element_type=\"section\">\n\t\t\t\t\t\t<div class=\"elementor-container elementor-column-gap-no\">\n\t\t\t\t\t\t\t<div class=\"elementor-row\">\n\t\t\t\t\t<div class=\"elementor-column elementor-col-100 elementor-top-column elementor-element elementor-element-5f1e74a\" data-id=\"5f1e74a\" data-element_type=\"column\">\n\t\t\t<div class=\"elementor-column-wrap elementor-element-populated\">\n\t\t\t\t\t\t\t<div class=\"elementor-widget-wrap\">\n\t\t\t\t\t\t<div class=\"elementor-element elementor-element-36c2939 elementor-widget elementor-widget-spacer\" data-id=\"36c2939\" data-element_type=\"widget\" data-widget_type=\"spacer.default\">\n\t\t\t\t<div class=\"elementor-widget-container\">\n\t\t\t\t\t<div class=\"elementor-spacer\">\n\t\t\t<div class=\"elementor-spacer-inner\"><\/div>\n\t\t<\/div>\n\t\t\t\t<\/div>\n\t\t\t\t<\/div>\n\t\t\t\t<div class=\"elementor-element elementor-element-b8f914b elementor-widget elementor-widget-heading\" data-id=\"b8f914b\" data-element_type=\"widget\" data-widget_type=\"heading.default\">\n\t\t\t\t<div class=\"elementor-widget-container\">\n\t\t\t<h2 class=\"elementor-heading-title elementor-size-default\">Informacje dla <b>Klient\u00f3w<\/b>.<\/h2>\t\t<\/div>\n\t\t\t\t<\/div>\n\t\t\t\t<div class=\"elementor-element elementor-element-347fcc8 elementor-widget elementor-widget-text-editor\" data-id=\"347fcc8\" data-element_type=\"widget\" data-widget_type=\"text-editor.default\">\n\t\t\t\t<div class=\"elementor-widget-container\">\n\t\t\t\t\t\t\t\t<div class=\"elementor-text-editor elementor-clearfix\">\n\t\t\t\t<p>Szanowni Pa\u0144stwo !<\/p><p>W sk\u0142ad Granicznego Inspektoratu Weterynarii w Koroszczynie wchodz\u0105 dwa posterunki granicznej kontroli weterynaryjnej (BCP \u2013 <i>border control point<\/i>), na przej\u015bciach granicznych z Bia\u0142orusi\u0105 w:<\/p>\t\t\t\t\t<\/div>\n\t\t\t\t\t\t<\/div>\n\t\t\t\t<\/div>\n\t\t\t\t<div class=\"elementor-element elementor-element-b0613b9 elementor-align-left elementor-icon-list--layout-traditional elementor-list-item-link-full_width elementor-widget elementor-widget-icon-list\" data-id=\"b0613b9\" data-element_type=\"widget\" data-widget_type=\"icon-list.default\">\n\t\t\t\t<div class=\"elementor-widget-container\">\n\t\t\t\t\t<ul class=\"elementor-icon-list-items\">\n\t\t\t\t\t\t\t<li class=\"elementor-icon-list-item\">\n\t\t\t\t\t\t\t\t\t\t\t<a href=\"http:\/\/griwkor.pl\/2019\/pkg-koroszczyn\/\">\n\n\t\t\t\t\t\t\t\t\t\t\t\t<span class=\"elementor-icon-list-icon\">\n\t\t\t\t\t\t\t<i aria-hidden=\"true\" class=\"fas fa-angle-double-right\"><\/i>\t\t\t\t\t\t<\/span>\n\t\t\t\t\t\t\t\t\t\t<span class=\"elementor-icon-list-text\">Koroszczynie - Kukurykach           - drogowe towarowe <\/span>\n\t\t\t\t\t\t\t\t\t\t\t<\/a>\n\t\t\t\t\t\t\t\t\t<\/li>\n\t\t\t\t\t\t<\/ul>\n\t\t\t\t<\/div>\n\t\t\t\t<\/div>\n\t\t\t\t<div class=\"elementor-element elementor-element-85e94c6 elementor-align-left elementor-icon-list--layout-traditional elementor-list-item-link-full_width elementor-widget elementor-widget-icon-list\" data-id=\"85e94c6\" data-element_type=\"widget\" data-widget_type=\"icon-list.default\">\n\t\t\t\t<div class=\"elementor-widget-container\">\n\t\t\t\t\t<ul class=\"elementor-icon-list-items\">\n\t\t\t\t\t\t\t<li class=\"elementor-icon-list-item\">\n\t\t\t\t\t\t\t\t\t\t\t<a href=\"http:\/\/griwkor.pl\/2019\/pkg-kobylany\/\">\n\n\t\t\t\t\t\t\t\t\t\t\t\t<span class=\"elementor-icon-list-icon\">\n\t\t\t\t\t\t\t<i aria-hidden=\"true\" class=\"fas fa-angle-double-right\"><\/i>\t\t\t\t\t\t<\/span>\n\t\t\t\t\t\t\t\t\t\t<span class=\"elementor-icon-list-text\">Terespolu - Kobylanach                 - kolejowe towarowe<\/span>\n\t\t\t\t\t\t\t\t\t\t\t<\/a>\n\t\t\t\t\t\t\t\t\t<\/li>\n\t\t\t\t\t\t<\/ul>\n\t\t\t\t<\/div>\n\t\t\t\t<\/div>\n\t\t\t\t<div class=\"elementor-element elementor-element-5559bd0 elementor-widget elementor-widget-text-editor\" data-id=\"5559bd0\" data-element_type=\"widget\" data-widget_type=\"text-editor.default\">\n\t\t\t\t<div class=\"elementor-widget-container\">\n\t\t\t\t\t\t\t\t<div class=\"elementor-text-editor elementor-clearfix\">\n\t\t\t\t<p>Prac\u0105 Inspektoratu kieruje Graniczny Lekarz Weterynarii w Koroszczynie b\u0119d\u0105cy organem administracji weterynaryjnej pierwszego stopnia i r\u00f3wnocze\u015bnie kierownikiem inspektoratu. W imieniu Granicznego Lekarza Weterynarii graniczne kontrole weterynaryjne przeprowadzaj\u0105 upowa\u017cnieni przez niego urz\u0119dowi lekarze weterynarii.<\/p><p>Wszelkie uwagi, za\u017calenia i sugestie dotycz\u0105ce pracy inspektoratu prosz\u0119 sk\u0142ada\u0107 bezpo\u015brednio Granicznemu Lekarzowi Weterynarii w Koroszczynie wykorzystuj\u0105c poczt\u0119 elektroniczn\u0105 na adres: <span style=\"color: #00ff00;\"><a style=\"color: #00ff00;\" href=\"mailto:j.nestorowicz@griwkor.pl\">j.nestorowicz@griwkor.pl<\/a><\/span><\/p><p>Wyra\u017cam nadziej\u0119, \u017ce Pa\u0144stwa uwagi i sugestie przyczynia si\u0119 do poprawy pracy naszego Inspektoratu a tym samym usprawni\u0105 przeprowadzenie granicznej kontroli weterynaryjnej.<\/p><p><em>Jaros\u0142aw Nestorowicz<\/em><br \/><em>Graniczny Lekarz Weterynarii w Koroszczynie<\/em><\/p>\t\t\t\t\t<\/div>\n\t\t\t\t\t\t<\/div>\n\t\t\t\t<\/div>\n\t\t\t\t\t\t<\/div>\n\t\t\t\t\t<\/div>\n\t\t<\/div>\n\t\t\t\t\t\t\t\t<\/div>\n\t\t\t\t\t<\/div>\n\t\t<\/section>\n\t\t\t\t\t\t\t\t\t<\/div>\n\t\t\t<\/div>\n\t\t\t\t\t<\/div>\n\t\t","protected":false},"excerpt":{"rendered":"<p>Informacje dla Klient\u00f3w. Szanowni Pa\u0144stwo ! W sk\u0142ad Granicznego Inspektoratu Weterynarii w Koroszczynie wchodz\u0105 dwa posterunki granicznej kontroli weterynaryjnej (BCP \u2013 border control point), na przej\u015bciach granicznych z Bia\u0142orusi\u0105 w: Koroszczynie &#8211; Kukurykach &#8211; drogowe towarowe Terespolu &#8211; Kobylanach &#8211; kolejowe towarowe Prac\u0105 Inspektoratu kieruje Graniczny Lekarz Weterynarii w Koroszczynie b\u0119d\u0105cy organem administracji weterynaryjnej pierwszego [&hellip;]<\/p>\n","protected":false},"author":2,"featured_media":0,"parent":0,"menu_order":0,"comment_status":"closed","ping_status":"closed","template":"elementor_header_footer","meta":[],"_links":{"self":[{"href":"https:\/\/griwkor.pl\/2019\/wp-json\/wp\/v2\/pages\/1147"}],"collection":[{"href":"https:\/\/griwkor.pl\/2019\/wp-json\/wp\/v2\/pages"}],"about":[{"href":"https:\/\/griwkor.pl\/2019\/wp-json\/wp\/v2\/types\/page"}],"author":[{"embeddable":true,"href":"https:\/\/griwkor.pl\/2019\/wp-json\/wp\/v2\/users\/2"}],"replies":[{"embeddable":true,"href":"https:\/\/griwkor.pl\/2019\/wp-json\/wp\/v2\/comments?post=1147"}],"version-history":[{"count":43,"href":"https:\/\/griwkor.pl\/2019\/wp-json\/wp\/v2\/pages\/1147\/revisions"}],"predecessor-version":[{"id":9911,"href":"https:\/\/griwkor.pl\/2019\/wp-json\/wp\/v2\/pages\/1147\/revisions\/9911"}],"wp:attachment":[{"href":"https:\/\/griwkor.pl\/2019\/wp-json\/wp\/v2\/media?parent=1147"}],"curies":[{"name":"wp","href":"https:\/\/api.w.org\/{rel}","templated":true}]}}