{"id":1157,"date":"2019-04-23T12:58:22","date_gmt":"2019-04-23T12:58:22","guid":{"rendered":"http:\/\/griwkor.pl\/2019\/?page_id=1157"},"modified":"2025-01-05T15:31:57","modified_gmt":"2025-01-05T15:31:57","slug":"pkg-hrubieszow","status":"publish","type":"page","link":"https:\/\/griwkor.pl\/2019\/pkg-hrubieszow\/","title":{"rendered":"PKG Hrubiesz\u00f3w"},"content":{"rendered":"\t\t<div data-elementor-type=\"wp-post\" data-elementor-id=\"1157\" class=\"elementor elementor-1157\">\n\t\t\t\t\t\t<div class=\"elementor-inner\">\n\t\t\t\t<div class=\"elementor-section-wrap\">\n\t\t\t\t\t\t\t\t\t<section class=\"elementor-section elementor-top-section elementor-element elementor-element-f9f5d2d elementor-section-boxed elementor-section-height-default elementor-section-height-default\" data-id=\"f9f5d2d\" data-element_type=\"section\">\n\t\t\t\t\t\t<div class=\"elementor-container elementor-column-gap-no\">\n\t\t\t\t\t\t\t<div class=\"elementor-row\">\n\t\t\t\t\t<div class=\"elementor-column elementor-col-100 elementor-top-column elementor-element elementor-element-5fdb31e\" data-id=\"5fdb31e\" data-element_type=\"column\">\n\t\t\t<div class=\"elementor-column-wrap elementor-element-populated\">\n\t\t\t\t\t\t\t<div class=\"elementor-widget-wrap\">\n\t\t\t\t\t\t<div class=\"elementor-element elementor-element-4b9b12d elementor-widget elementor-widget-spacer\" data-id=\"4b9b12d\" data-element_type=\"widget\" data-widget_type=\"spacer.default\">\n\t\t\t\t<div class=\"elementor-widget-container\">\n\t\t\t\t\t<div class=\"elementor-spacer\">\n\t\t\t<div class=\"elementor-spacer-inner\"><\/div>\n\t\t<\/div>\n\t\t\t\t<\/div>\n\t\t\t\t<\/div>\n\t\t\t\t<div class=\"elementor-element elementor-element-58edffb elementor-widget elementor-widget-text-editor\" data-id=\"58edffb\" data-element_type=\"widget\" data-widget_type=\"text-editor.default\">\n\t\t\t\t<div class=\"elementor-widget-container\">\n\t\t\t\t\t\t\t\t<div class=\"elementor-text-editor elementor-clearfix\">\n\t\t\t\t<p style=\"text-align: left;\"><span style=\"font-family: tahoma, arial, helvetica, sans-serif;\">Na podstawie rozporz\u0105dzenia Ministra Rolnictwa i Rozwoju Wsi z 16 pa\u017adziernika 2024 r. <em>w sprawie zmiany rozporz\u0105dzenia o terytorialnym zakresie dzia\u0142ania oraz siedzibach powiatowych i granicznych lekarzy weterynarii<\/em> informuj\u0119, \u017ce <strong>z dniem 1 stycznia 2025<\/strong>:<\/span><\/p><ol><li><span style=\"font-family: tahoma, arial, helvetica, sans-serif;\"><strong>PKG HRUBIESZ\u00d3W <\/strong><\/span><\/li><\/ol><p style=\"padding-left: 40px;\"><span style=\"font-family: tahoma, arial, helvetica, sans-serif;\">Posterunek granicznej kontroli weterynaryjnej na przej\u015bciu granicznym kolejowym w\u00a0Hrubieszowie (ruch towarowy, LHS), <strong>wejdzie w struktur\u0119 organizacyjn\u0105 Granicznego Inspektoratu Weterynarii w\u00a0Dorohusku<\/strong> a organem w\u0142a\u015bciwym do spraw prowadzenia granicznej kontroli weterynaryjnej b\u0119dzie Graniczny Lekarz Weterynarii w Dorohusku.<\/span><\/p><ol start=\"2\"><li><span style=\"font-family: tahoma, arial, helvetica, sans-serif;\"><strong>PKG HREBENNE <\/strong><\/span><\/li><\/ol><p style=\"padding-left: 40px;\"><span style=\"font-family: tahoma, arial, helvetica, sans-serif;\">Posterunek granicznej kontroli weterynaryjnej na przej\u015bciu granicznym drogowym w\u00a0Hrebennem, <strong>wejdzie w struktur\u0119 organizacyjn\u0105 Granicznego Inspektoratu Weterynarii w\u00a0Korczowej<\/strong> a organem w\u0142a\u015bciwym do spraw prowadzenia granicznej kontroli weterynaryjnej b\u0119dzie Graniczny Lekarz Weterynarii w Korczowej.<\/span><\/p><p><span style=\"font-family: tahoma, arial, helvetica, sans-serif;\"><span style=\"font-size: 8pt;\">(Dz.U. poz. 1548) <\/span><a href=\"https:\/\/isap.sejm.gov.pl\/isap.nsf\/DocDetails.xsp?id=WDU20240001548\"><span style=\"font-size: 8pt;\">https:\/\/isap.sejm.gov.pl\/isap.nsf\/DocDetails.xsp?id=WDU20240001548<\/span><\/a><\/span><\/p><p><span style=\"font-family: tahoma, arial, helvetica, sans-serif;\">Graniczny Lekarz Weterynarii w Koroszczynie do\u0142o\u017cy wszelkich stara\u0144, aby proces wy\u0142\u0105czenia ww. posterunk\u00f3w kontroli granicznej w Hrubieszowie i Hrebennem ze struktury organizacyjnej Granicznego Inspektoratu Weterynarii w Koroszczynie przebieg\u0142 sprawnie i nie spowodowa\u0142 jakichkolwiek niedogodno\u015bci dla potencjalnych klient\u00f3w.<\/span><\/p><p style=\"text-align: right;\"><span style=\"font-family: tahoma, arial, helvetica, sans-serif;\">Jaros\u0142aw Nestorowicz &#8211; <strong>Graniczny Lekarz Weterynarii w Koroszczynie<\/strong><\/span><\/p>\t\t\t\t\t<\/div>\n\t\t\t\t\t\t<\/div>\n\t\t\t\t<\/div>\n\t\t\t\t<div class=\"elementor-element elementor-element-92bb3af elementor-widget elementor-widget-spacer\" data-id=\"92bb3af\" data-element_type=\"widget\" data-widget_type=\"spacer.default\">\n\t\t\t\t<div class=\"elementor-widget-container\">\n\t\t\t\t\t<div class=\"elementor-spacer\">\n\t\t\t<div class=\"elementor-spacer-inner\"><\/div>\n\t\t<\/div>\n\t\t\t\t<\/div>\n\t\t\t\t<\/div>\n\t\t\t\t<div class=\"elementor-element elementor-element-1cd4fd1 elementor-widget elementor-widget-heading\" data-id=\"1cd4fd1\" data-element_type=\"widget\" data-widget_type=\"heading.default\">\n\t\t\t\t<div class=\"elementor-widget-container\">\n\t\t\t<h2 class=\"elementor-heading-title elementor-size-default\">BCP Hrubiesz\u00f3w<\/h2>\t\t<\/div>\n\t\t\t\t<\/div>\n\t\t\t\t<div class=\"elementor-element elementor-element-0958bdc elementor-widget elementor-widget-image-carousel\" data-id=\"0958bdc\" data-element_type=\"widget\" data-settings=\"{&quot;navigation&quot;:&quot;none&quot;,&quot;autoplay&quot;:&quot;yes&quot;,&quot;pause_on_hover&quot;:&quot;yes&quot;,&quot;pause_on_interaction&quot;:&quot;yes&quot;,&quot;autoplay_speed&quot;:5000,&quot;infinite&quot;:&quot;yes&quot;,&quot;speed&quot;:500}\" data-widget_type=\"image-carousel.default\">\n\t\t\t\t<div class=\"elementor-widget-container\">\n\t\t\t\t\t<div class=\"elementor-image-carousel-wrapper swiper-container\" dir=\"ltr\">\n\t\t\t<div class=\"elementor-image-carousel swiper-wrapper\">\n\t\t\t\t\t\t\t\t<div class=\"swiper-slide\"><figure class=\"swiper-slide-inner\"><img class=\"swiper-slide-image\" src=\"https:\/\/griwkor.pl\/2019\/wp-content\/uploads\/2019\/04\/hru_4-300x199.jpg\" alt=\"hru_4\" \/><\/figure><\/div><div class=\"swiper-slide\"><figure class=\"swiper-slide-inner\"><img class=\"swiper-slide-image\" src=\"https:\/\/griwkor.pl\/2019\/wp-content\/uploads\/2019\/04\/hru_3-300x199.jpg\" alt=\"hru_3\" \/><\/figure><\/div><div class=\"swiper-slide\"><figure class=\"swiper-slide-inner\"><img class=\"swiper-slide-image\" src=\"https:\/\/griwkor.pl\/2019\/wp-content\/uploads\/2019\/04\/hru_2-300x202.jpg\" alt=\"hru_2\" \/><\/figure><\/div><div class=\"swiper-slide\"><figure class=\"swiper-slide-inner\"><img class=\"swiper-slide-image\" src=\"https:\/\/griwkor.pl\/2019\/wp-content\/uploads\/2019\/04\/hru_1-300x202.jpg\" alt=\"hru_1\" \/><\/figure><\/div>\t\t\t<\/div>\n\t\t\t\t\t\t\t\t\t\t\t\t\t\t\t\t<\/div>\n\t\t\t\t<\/div>\n\t\t\t\t<\/div>\n\t\t\t\t<div class=\"elementor-element elementor-element-5b3ee71 elementor-widget elementor-widget-text-editor\" data-id=\"5b3ee71\" data-element_type=\"widget\" data-widget_type=\"text-editor.default\">\n\t\t\t\t<div class=\"elementor-widget-container\">\n\t\t\t\t\t\t\t\t<div class=\"elementor-text-editor elementor-clearfix\">\n\t\t\t\t<p style=\"text-align: left;\">Posterunek granicznej kontroli weterynaryjnej w Hrubieszowie funkcjonuje na kolejowym towarowym przej\u015bciu granicznym Hrubiesz\u00f3w (PL) &#8211; W\u0142odzimierz Wo\u0142y\u0144ski (UA), pomi\u0119dzy Polsk\u0105 a Ukrain\u0105.<\/p>\t\t\t\t\t<\/div>\n\t\t\t\t\t\t<\/div>\n\t\t\t\t<\/div>\n\t\t\t\t<section class=\"elementor-section elementor-inner-section elementor-element elementor-element-7dee18d elementor-section-boxed elementor-section-height-default elementor-section-height-default\" data-id=\"7dee18d\" data-element_type=\"section\">\n\t\t\t\t\t\t<div class=\"elementor-container elementor-column-gap-default\">\n\t\t\t\t\t\t\t<div class=\"elementor-row\">\n\t\t\t\t\t<div class=\"elementor-column elementor-col-50 elementor-inner-column elementor-element elementor-element-b5f6fa4\" data-id=\"b5f6fa4\" data-element_type=\"column\">\n\t\t\t<div class=\"elementor-column-wrap elementor-element-populated\">\n\t\t\t\t\t\t\t<div class=\"elementor-widget-wrap\">\n\t\t\t\t\t\t<div class=\"elementor-element elementor-element-1e7a858 elementor-widget elementor-widget-text-editor\" data-id=\"1e7a858\" data-element_type=\"widget\" data-widget_type=\"text-editor.default\">\n\t\t\t\t<div class=\"elementor-widget-container\">\n\t\t\t\t\t\t\t\t<div class=\"elementor-text-editor elementor-clearfix\">\n\t\t\t\t<p><b>Adres:<\/b><br \/>Graniczny Inspektorat Weterynarii w Koroszczynie<br \/>Posterunek w Hrubieszowie<br \/>ul. Nowa 106<br \/>22-500 Hrubiesz\u00f3w<\/p><p><b>Godziny pracy Posterunku:<\/b><\/p><p>Poniedzia\u0142ek &#8211; Niedziela 8:00 &#8211; 20:00<\/p>\t\t\t\t\t<\/div>\n\t\t\t\t\t\t<\/div>\n\t\t\t\t<\/div>\n\t\t\t\t\t\t<\/div>\n\t\t\t\t\t<\/div>\n\t\t<\/div>\n\t\t\t\t<div class=\"elementor-column elementor-col-50 elementor-inner-column elementor-element elementor-element-b2d182e\" data-id=\"b2d182e\" data-element_type=\"column\">\n\t\t\t<div class=\"elementor-column-wrap elementor-element-populated\">\n\t\t\t\t\t\t\t<div class=\"elementor-widget-wrap\">\n\t\t\t\t\t\t<div class=\"elementor-element elementor-element-01e1d17 elementor-widget elementor-widget-text-editor\" data-id=\"01e1d17\" data-element_type=\"widget\" data-widget_type=\"text-editor.default\">\n\t\t\t\t<div class=\"elementor-widget-container\">\n\t\t\t\t\t\t\t\t<div class=\"elementor-text-editor elementor-clearfix\">\n\t\t\t\t<p><b>Telefon:<\/b><br \/>+48 846 965 479<\/p>\t\t\t\t\t<\/div>\n\t\t\t\t\t\t<\/div>\n\t\t\t\t<\/div>\n\t\t\t\t\t\t<\/div>\n\t\t\t\t\t<\/div>\n\t\t<\/div>\n\t\t\t\t\t\t\t\t<\/div>\n\t\t\t\t\t<\/div>\n\t\t<\/section>\n\t\t\t\t<div class=\"elementor-element elementor-element-dbcad62 elementor-widget elementor-widget-spacer\" data-id=\"dbcad62\" data-element_type=\"widget\" data-widget_type=\"spacer.default\">\n\t\t\t\t<div class=\"elementor-widget-container\">\n\t\t\t\t\t<div class=\"elementor-spacer\">\n\t\t\t<div class=\"elementor-spacer-inner\"><\/div>\n\t\t<\/div>\n\t\t\t\t<\/div>\n\t\t\t\t<\/div>\n\t\t\t\t<div class=\"elementor-element elementor-element-2f10c6c elementor-widget elementor-widget-heading\" data-id=\"2f10c6c\" data-element_type=\"widget\" data-widget_type=\"heading.default\">\n\t\t\t\t<div class=\"elementor-widget-container\">\n\t\t\t<h2 class=\"elementor-heading-title elementor-size-default\">Posterunek zatwierdzony do kontroli:<\/h2>\t\t<\/div>\n\t\t\t\t<\/div>\n\t\t\t\t<div class=\"elementor-element elementor-element-89f0eed elementor-icon-list--layout-inline elementor-align-left elementor-list-item-link-full_width elementor-widget elementor-widget-icon-list\" data-id=\"89f0eed\" data-element_type=\"widget\" data-widget_type=\"icon-list.default\">\n\t\t\t\t<div class=\"elementor-widget-container\">\n\t\t\t\t\t<ul class=\"elementor-icon-list-items elementor-inline-items\">\n\t\t\t\t\t\t\t<li class=\"elementor-icon-list-item elementor-inline-item\">\n\t\t\t\t\t\t\t\t\t\t\t<a href=\"http:\/\/griwkor.pl\/2019\/pasze\/\">\n\n\t\t\t\t\t\t\t\t\t\t\t\t<span class=\"elementor-icon-list-icon\">\n\t\t\t\t\t\t\t<i aria-hidden=\"true\" class=\"fas fa-angle-double-right\"><\/i>\t\t\t\t\t\t<\/span>\n\t\t\t\t\t\t\t\t\t\t<span class=\"elementor-icon-list-text\">wy\u0142\u0105cznie pasz niezawieraj\u0105cych tkanek zwierz\u0119cych: ww\u00f3z, wyjazd (tylko tranzyt)<\/span>\n\t\t\t\t\t\t\t\t\t\t\t<\/a>\n\t\t\t\t\t\t\t\t\t<\/li>\n\t\t\t\t\t\t<\/ul>\n\t\t\t\t<\/div>\n\t\t\t\t<\/div>\n\t\t\t\t<div class=\"elementor-element elementor-element-402cbd5 elementor-align-justify elementor-widget elementor-widget-button\" data-id=\"402cbd5\" data-element_type=\"widget\" data-widget_type=\"button.default\">\n\t\t\t\t<div class=\"elementor-widget-container\">\n\t\t\t\t\t<div class=\"elementor-button-wrapper\">\n\t\t\t<a href=\"#\" class=\"elementor-button-link elementor-button elementor-size-sm\" role=\"button\">\n\t\t\t\t\t\t<span class=\"elementor-button-content-wrapper\">\n\t\t\t\t\t\t<span class=\"elementor-button-text\">UWAGA: S\u0142oma i siano obj\u0119te kodami CN 1213 i 1214 nie mog\u0105 by\u0107 kontrolowane w tym posterunku, poniewa\u017c obj\u0119te s\u0105 DECYZJ\u0104 WYKONAWCZ\u0104 KOMISJI z dnia 21 grudnia 2011 r. zmieniaj\u0105ca za\u0142\u0105cznik I do decyzji 2007\/275\/WE dotycz\u0105cej wykazu zwierz\u0105t i produkt\u00f3w maj\u0105cych podlega\u0107 kontroli w punktach kontroli granicznej na mocy dyrektyw Rady 91\/496\/EWG i 97\/78\/WE). S\u0142oma i siano mog\u0105 by\u0107 kontrolowane wy\u0142\u0105cznie w posterunkach granicznej kontroli weterynaryjnej zatwierdzonych przez Komisj\u0119 Europejsk\u0105 w kategorii:<\/span>\n\t\t<\/span>\n\t\t\t\t\t<\/a>\n\t\t<\/div>\n\t\t\t\t<\/div>\n\t\t\t\t<\/div>\n\t\t\t\t<div class=\"elementor-element elementor-element-15206de elementor-icon-list--layout-inline elementor-align-left elementor-list-item-link-full_width elementor-widget elementor-widget-icon-list\" data-id=\"15206de\" data-element_type=\"widget\" data-widget_type=\"icon-list.default\">\n\t\t\t\t<div class=\"elementor-widget-container\">\n\t\t\t\t\t<ul class=\"elementor-icon-list-items elementor-inline-items\">\n\t\t\t\t\t\t\t<li class=\"elementor-icon-list-item elementor-inline-item\">\n\t\t\t\t\t\t\t\t\t\t\t<a href=\"http:\/\/griwkor.pl\/2019\/produkty\/\">\n\n\t\t\t\t\t\t\t\t\t\t\t\t<span class=\"elementor-icon-list-icon\">\n\t\t\t\t\t\t\t<i aria-hidden=\"true\" class=\"fas fa-angle-double-right\"><\/i>\t\t\t\t\t\t<\/span>\n\t\t\t\t\t\t\t\t\t\t<span class=\"elementor-icon-list-text\">NHC (NT)<\/span>\n\t\t\t\t\t\t\t\t\t\t\t<\/a>\n\t\t\t\t\t\t\t\t\t<\/li>\n\t\t\t\t\t\t<\/ul>\n\t\t\t\t<\/div>\n\t\t\t\t<\/div>\n\t\t\t\t<div class=\"elementor-element elementor-element-870826c elementor-widget elementor-widget-spacer\" data-id=\"870826c\" data-element_type=\"widget\" data-widget_type=\"spacer.default\">\n\t\t\t\t<div class=\"elementor-widget-container\">\n\t\t\t\t\t<div class=\"elementor-spacer\">\n\t\t\t<div class=\"elementor-spacer-inner\"><\/div>\n\t\t<\/div>\n\t\t\t\t<\/div>\n\t\t\t\t<\/div>\n\t\t\t\t<div class=\"elementor-element elementor-element-25af8bd elementor-widget elementor-widget-text-editor\" data-id=\"25af8bd\" data-element_type=\"widget\" data-widget_type=\"text-editor.default\">\n\t\t\t\t<div class=\"elementor-widget-container\">\n\t\t\t\t\t\t\t\t<div class=\"elementor-text-editor elementor-clearfix\">\n\t\t\t\t<p><b>Zg\u0142oszenie do kontroli:<\/b><\/p><p>Graniczn\u0105 kontrole weterynaryjn\u0105 poprzedza\u00a0<span style=\"color: #00ff00;\"><a style=\"color: #00ff00;\" href=\"http:\/\/griwkor.pl\/2019\/zgloszenie-do-kontroli\/\">zg\u0142oszenie do kontroli<\/a><\/span>\u00a0z\u0142o\u017cone na odpowiednim dokumencie w posterunku kontroli granicznej przez osob\u0119 odpowiedzialn\u0105 za przesy\u0142k\u0119 lub przez jej\u00a0<span style=\"color: #00ff00;\"><a style=\"color: #00ff00;\" href=\"http:\/\/griwkor.pl\/2019\/zgloszenie-do-kontroli\/\">pe\u0142nomocnika<\/a><\/span>.<\/p>\t\t\t\t\t<\/div>\n\t\t\t\t\t\t<\/div>\n\t\t\t\t<\/div>\n\t\t\t\t<div class=\"elementor-element elementor-element-a515ee0 elementor-icon-list--layout-inline elementor-align-left elementor-list-item-link-full_width elementor-widget elementor-widget-icon-list\" data-id=\"a515ee0\" data-element_type=\"widget\" data-widget_type=\"icon-list.default\">\n\t\t\t\t<div class=\"elementor-widget-container\">\n\t\t\t\t\t<ul class=\"elementor-icon-list-items elementor-inline-items\">\n\t\t\t\t\t\t\t<li class=\"elementor-icon-list-item elementor-inline-item\">\n\t\t\t\t\t\t\t\t\t\t\t<a href=\"http:\/\/griwkor.pl\/grfx\/pkg_opis_800x600.jpg\">\n\n\t\t\t\t\t\t\t\t\t\t\t\t<span class=\"elementor-icon-list-icon\">\n\t\t\t\t\t\t\t<i aria-hidden=\"true\" class=\"fas fa-angle-double-right\"><\/i>\t\t\t\t\t\t<\/span>\n\t\t\t\t\t\t\t\t\t\t<span class=\"elementor-icon-list-text\">Wykaz wszystkich polskich przej\u015b\u0107 granicznych, na kt\u00f3rych przeprowadzana jest kontrola weterynaryjna.<\/span>\n\t\t\t\t\t\t\t\t\t\t\t<\/a>\n\t\t\t\t\t\t\t\t\t<\/li>\n\t\t\t\t\t\t<\/ul>\n\t\t\t\t<\/div>\n\t\t\t\t<\/div>\n\t\t\t\t<div class=\"elementor-element elementor-element-7ad46b9 elementor-icon-list--layout-inline elementor-align-left elementor-list-item-link-full_width elementor-widget elementor-widget-icon-list\" data-id=\"7ad46b9\" data-element_type=\"widget\" data-widget_type=\"icon-list.default\">\n\t\t\t\t<div class=\"elementor-widget-container\">\n\t\t\t\t\t<ul class=\"elementor-icon-list-items elementor-inline-items\">\n\t\t\t\t\t\t\t<li class=\"elementor-icon-list-item elementor-inline-item\">\n\t\t\t\t\t\t\t\t\t\t\t<a href=\"http:\/\/griwkor.pl\/2019\/wp-content\/uploads\/2019\/04\/tab2.png\">\n\n\t\t\t\t\t\t\t\t\t\t\t\t<span class=\"elementor-icon-list-icon\">\n\t\t\t\t\t\t\t<i aria-hidden=\"true\" class=\"fas fa-angle-double-right\"><\/i>\t\t\t\t\t\t<\/span>\n\t\t\t\t\t\t\t\t\t\t<span class=\"elementor-icon-list-text\">Terminal Hrubiesz\u00f3w - adresy firm spedycyjnych<\/span>\n\t\t\t\t\t\t\t\t\t\t\t<\/a>\n\t\t\t\t\t\t\t\t\t<\/li>\n\t\t\t\t\t\t<\/ul>\n\t\t\t\t<\/div>\n\t\t\t\t<\/div>\n\t\t\t\t<div class=\"elementor-element elementor-element-a1195f8 elementor-icon-list--layout-inline elementor-align-left elementor-list-item-link-full_width elementor-widget elementor-widget-icon-list\" data-id=\"a1195f8\" data-element_type=\"widget\" data-widget_type=\"icon-list.default\">\n\t\t\t\t<div class=\"elementor-widget-container\">\n\t\t\t\t\t<ul class=\"elementor-icon-list-items elementor-inline-items\">\n\t\t\t\t\t\t\t<li class=\"elementor-icon-list-item elementor-inline-item\">\n\t\t\t\t\t\t\t\t\t\t\t<a href=\"https:\/\/lhs.com.pl\/\">\n\n\t\t\t\t\t\t\t\t\t\t\t\t<span class=\"elementor-icon-list-icon\">\n\t\t\t\t\t\t\t<i aria-hidden=\"true\" class=\"fas fa-angle-double-right\"><\/i>\t\t\t\t\t\t<\/span>\n\t\t\t\t\t\t\t\t\t\t<span class=\"elementor-icon-list-text\">LHS - Linia kolejowa nr 65 (tzw. szeroki tor)<\/span>\n\t\t\t\t\t\t\t\t\t\t\t<\/a>\n\t\t\t\t\t\t\t\t\t<\/li>\n\t\t\t\t\t\t<\/ul>\n\t\t\t\t<\/div>\n\t\t\t\t<\/div>\n\t\t\t\t<div class=\"elementor-element elementor-element-376fa55 elementor-icon-list--layout-inline elementor-align-left elementor-list-item-link-full_width elementor-widget elementor-widget-icon-list\" data-id=\"376fa55\" data-element_type=\"widget\" data-widget_type=\"icon-list.default\">\n\t\t\t\t<div class=\"elementor-widget-container\">\n\t\t\t\t\t<ul class=\"elementor-icon-list-items elementor-inline-items\">\n\t\t\t\t\t\t\t<li class=\"elementor-icon-list-item elementor-inline-item\">\n\t\t\t\t\t\t\t\t\t\t\t<a href=\"https:\/\/lhs.com.pl\/pl\/oferta\/przeladunki\">\n\n\t\t\t\t\t\t\t\t\t\t\t\t<span class=\"elementor-icon-list-icon\">\n\t\t\t\t\t\t\t<i aria-hidden=\"true\" class=\"fas fa-angle-double-right\"><\/i>\t\t\t\t\t\t<\/span>\n\t\t\t\t\t\t\t\t\t\t<span class=\"elementor-icon-list-text\">Prze\u0142adunki w terminalach i punktach prze\u0142adunkowych zlokalizowanych na linii LHS.<\/span>\n\t\t\t\t\t\t\t\t\t\t\t<\/a>\n\t\t\t\t\t\t\t\t\t<\/li>\n\t\t\t\t\t\t<\/ul>\n\t\t\t\t<\/div>\n\t\t\t\t<\/div>\n\t\t\t\t\t\t<\/div>\n\t\t\t\t\t<\/div>\n\t\t<\/div>\n\t\t\t\t\t\t\t\t<\/div>\n\t\t\t\t\t<\/div>\n\t\t<\/section>\n\t\t\t\t<section class=\"elementor-section elementor-top-section elementor-element elementor-element-0ff7de9 elementor-section-boxed elementor-section-height-default elementor-section-height-default\" data-id=\"0ff7de9\" data-element_type=\"section\">\n\t\t\t\t\t\t<div class=\"elementor-container elementor-column-gap-no\">\n\t\t\t\t\t\t\t<div class=\"elementor-row\">\n\t\t\t\t\t<div class=\"elementor-column elementor-col-100 elementor-top-column elementor-element elementor-element-0e163c3\" data-id=\"0e163c3\" data-element_type=\"column\" data-settings=\"{&quot;background_background&quot;:&quot;classic&quot;}\">\n\t\t\t<div class=\"elementor-column-wrap elementor-element-populated\">\n\t\t\t\t\t\t\t<div class=\"elementor-widget-wrap\">\n\t\t\t\t\t\t<div class=\"elementor-element elementor-element-bc22df5 elementor-widget elementor-widget-google_maps\" data-id=\"bc22df5\" data-element_type=\"widget\" data-widget_type=\"google_maps.default\">\n\t\t\t\t<div class=\"elementor-widget-container\">\n\t\t\t\t\t<div class=\"elementor-custom-embed\">\n\t\t\t<iframe frameborder=\"0\" scrolling=\"no\" marginheight=\"0\" marginwidth=\"0\"\n\t\t\t\t\tsrc=\"https:\/\/maps.google.com\/maps?q=Urz%C4%85d%20Celny%20w%20Zamo%C5%9Bciu%20-%20Oddzia%C5%82%20Celny%20w%20Hrubieszowie%2C%20Nowa%20100%2C%2022-500%20Hrubiesz%C3%B3w%20&#038;t=m&#038;z=11&#038;output=embed&#038;iwloc=near\"\n\t\t\t\t\ttitle=\"Urz\u0105d Celny w Zamo\u015bciu - Oddzia\u0142 Celny w Hrubieszowie, Nowa 100, 22-500 Hrubiesz\u00f3w \"\n\t\t\t\t\taria-label=\"Urz\u0105d Celny w Zamo\u015bciu - Oddzia\u0142 Celny w Hrubieszowie, Nowa 100, 22-500 Hrubiesz\u00f3w \"\n\t\t\t><\/iframe>\n\t\t<\/div>\n\t\t\t\t<\/div>\n\t\t\t\t<\/div>\n\t\t\t\t\t\t<\/div>\n\t\t\t\t\t<\/div>\n\t\t<\/div>\n\t\t\t\t\t\t\t\t<\/div>\n\t\t\t\t\t<\/div>\n\t\t<\/section>\n\t\t\t\t\t\t\t\t\t<\/div>\n\t\t\t<\/div>\n\t\t\t\t\t<\/div>\n\t\t","protected":false},"excerpt":{"rendered":"<p>Na podstawie rozporz\u0105dzenia Ministra Rolnictwa i Rozwoju Wsi z 16 pa\u017adziernika 2024 r. w sprawie zmiany rozporz\u0105dzenia o terytorialnym zakresie dzia\u0142ania oraz siedzibach powiatowych i granicznych lekarzy weterynarii informuj\u0119, \u017ce z dniem 1 stycznia 2025: PKG HRUBIESZ\u00d3W Posterunek granicznej kontroli weterynaryjnej na przej\u015bciu granicznym kolejowym w\u00a0Hrubieszowie (ruch towarowy, LHS), wejdzie w struktur\u0119 organizacyjn\u0105 Granicznego Inspektoratu [&hellip;]<\/p>\n","protected":false},"author":2,"featured_media":0,"parent":0,"menu_order":0,"comment_status":"closed","ping_status":"closed","template":"elementor_header_footer","meta":[],"_links":{"self":[{"href":"https:\/\/griwkor.pl\/2019\/wp-json\/wp\/v2\/pages\/1157"}],"collection":[{"href":"https:\/\/griwkor.pl\/2019\/wp-json\/wp\/v2\/pages"}],"about":[{"href":"https:\/\/griwkor.pl\/2019\/wp-json\/wp\/v2\/types\/page"}],"author":[{"embeddable":true,"href":"https:\/\/griwkor.pl\/2019\/wp-json\/wp\/v2\/users\/2"}],"replies":[{"embeddable":true,"href":"https:\/\/griwkor.pl\/2019\/wp-json\/wp\/v2\/comments?post=1157"}],"version-history":[{"count":87,"href":"https:\/\/griwkor.pl\/2019\/wp-json\/wp\/v2\/pages\/1157\/revisions"}],"predecessor-version":[{"id":9917,"href":"https:\/\/griwkor.pl\/2019\/wp-json\/wp\/v2\/pages\/1157\/revisions\/9917"}],"wp:attachment":[{"href":"https:\/\/griwkor.pl\/2019\/wp-json\/wp\/v2\/media?parent=1157"}],"curies":[{"name":"wp","href":"https:\/\/api.w.org\/{rel}","templated":true}]}}